{"id":996,"date":"2023-03-27T13:53:07","date_gmt":"2023-03-27T13:53:07","guid":{"rendered":"https:\/\/delindenhoeve.nl\/suite-chambre-familiale-4\/"},"modified":"2025-05-02T11:47:05","modified_gmt":"2025-05-02T11:47:05","slug":"suite-chambre-familiale-4","status":"publish","type":"page","link":"https:\/\/delindenhoeve.nl\/fr\/suite-chambre-familiale-4\/","title":{"rendered":"Suite &#8211; chambre familiale 4"},"content":{"rendered":"<!--themify_builder_content-->\n<div id=\"themify_builder_content-996\" data-postid=\"996\" class=\"themify_builder_content themify_builder_content-996 themify_builder tf_clear\">\n                    <div  data-css_id=\"vvgx141\" data-lazy=\"1\" class=\"module_row themify_builder_row fullheight fullwidth tb_vvgx141 tb_first tf_w\">\n                        <div class=\"row_inner col_align_top tb_col_count_1 tf_box tf_rel\">\n                        <div  data-lazy=\"1\" class=\"module_column tb-column col-full tb_rlz4044 first\">\n                            <\/div>\n                        <\/div>\n        <\/div>\n                        <div  data-lazy=\"1\" class=\"module_row themify_builder_row tb_ntqp944 tf_w\">\n                        <div class=\"row_inner col_align_top tb_col_count_1 tf_box tf_rel\">\n                        <div  data-lazy=\"1\" class=\"module_column tb-column col-full tb_0sup797 first\">\n                    <!-- module text -->\n<div  class=\"module module-text tb_3awp204   \" data-lazy=\"1\">\n        <div  class=\"tb_text_wrap\">\n        <h1>Suite &#8211; Chambre familiale 4<\/h1>    <\/div>\n<\/div>\n<!-- \/module text -->        <\/div>\n                        <\/div>\n        <\/div>\n                        <div  data-lazy=\"1\" class=\"module_row themify_builder_row tb_h5wy494 tf_w\">\n                        <div class=\"row_inner col_align_top tb_col_count_2 tf_box tf_rel\">\n                        <div  data-lazy=\"1\" class=\"module_column tb-column col4-2 tb_cnzq040 first\">\n                    <!-- module text -->\n<div  class=\"module module-text tb_in89095   \" data-lazy=\"1\">\n        <div  class=\"tb_text_wrap\">\n        <p>D\u00e9couvrez cette suite spacieuse ! Le papier peint bleu royal \u00e0 imprim\u00e9 floral blanc est accueillant et les \u00e9l\u00e9ments naturels du sol en bois cr\u00e9ent une harmonie de tranquillit\u00e9. Cette chambre est la chambre familiale id\u00e9ale avec son lit king-size et son lit superpos\u00e9 confortable. Dans la salle de bains ouverte, profitez d&rsquo;un bon bain ou de la douche \u00e0 l&rsquo;italienne. Rafra\u00eechissez-vous avec les produits de bain et de douche Rainpharma propos\u00e9s. Cette suite est comme une oasis de luxe et de bruissement au milieu de Sluis !<\/p>    <\/div>\n<\/div>\n<!-- \/module text -->        <\/div>\n                    <div  data-lazy=\"1\" class=\"module_column tb-column col4-2 tb_w4fq000 last\">\n                    <!-- module text -->\n<div  class=\"module module-text tb_rv9y639   \" data-lazy=\"1\">\n        <div  class=\"tb_text_wrap\">\n        <p>Caract\u00e9ristiques principales :<\/p>\n<ul>\n<li>Taille : 50m\u00b2<\/li>\n<li>Luxueux lit king-size \u00e0 baldaquin<\/li>\n<li>Zone de couchage avec lit superpos\u00e9 confortable et personnalis\u00e9 pour 2 adultes ou 2 enfants<\/li>\n<li>T\u00e9l\u00e9vision intelligente avec barre de son Bose, minibar, climatisation, coffre-fort et WiFi<\/li>\n<li>Douche \u00e0 effet de pluie et baignoire de luxe<\/li>\n<li>Table \u00e0 \u00e9crire<\/li>\n<li>Espresso, th\u00e9 et eau gratuits<\/li>\n<li>Produits de bain de Rainpharma<\/li>\n<li>Peignoirs et pantoufles disponibles<\/li>\n<li>Coin salon<\/li>\n<li>Balcon<\/li>\n<li>Un lit d&rsquo;enfant suppl\u00e9mentaire peut \u00eatre plac\u00e9 sur demande<\/li>\n<\/ul>    <\/div>\n<\/div>\n<!-- \/module text -->        <\/div>\n                        <\/div>\n        <\/div>\n                        <div  data-lazy=\"1\" class=\"module_row themify_builder_row tb_xlk3948 tf_w\">\n                        <div class=\"row_inner col_align_top tb_col_count_1 tf_box tf_rel\">\n                        <div  data-lazy=\"1\" class=\"module_column tb-column col-full tb_klva948 first\">\n                    <!-- module buttons -->\n<div  class=\"module module-buttons tb_k410948 buttons-horizontal solid  \" data-lazy=\"1\">\n        <div class=\"module-buttons-item tf_in_flx\">\n                        <a href=\"https:\/\/reservations.cubilis.eu\/9624?Language=fr-FR\" class=\"ui builder_button tf_in_flx tb_default_color\" target=\"_blank\" rel=\"noopener\" id=\"verblijf\">\n                                                R\u00e9servez le meilleur prix pour cette chambre ici                                        <\/a>\n                <\/div>\n            <\/div>\n<!-- \/module buttons -->\n        <\/div>\n                        <\/div>\n        <\/div>\n                        <div  data-css_id=\"y861954\" data-lazy=\"1\" class=\"module_row themify_builder_row fullwidth tb_y861954 tf_w\">\n                        <div class=\"row_inner col_align_top tb_col_count_1 tf_box tf_rel\">\n                        <div  data-lazy=\"1\" class=\"module_column tb-column col-full tb_j1ds446 first\">\n                    <!-- module gallery -->\n<div  class=\"module gallery module-gallery tb_bu5y744 layout-grid  \" data-lazy=\"1\">\n    <div class=\"module-gallery-grid\" style=\"--gald:3;--galt:3;--galm:3\">\n            <dl class=\"gallery-item\">\n            <dt class=\"gallery-icon\">\n            <a data-title=\"no\" title=\"\" href=\"https:\/\/delindenhoeve.nl\/wp-content\/uploads\/2025\/04\/Bert-Demasure_De-Lindenhoeve-web094.jpg\" data-rel=\"tb_bu5y744\" class=\"themify_lightbox\"><img loading=\"lazy\" decoding=\"async\" width=\"2048\" height=\"1365\" src=\"https:\/\/delindenhoeve.nl\/wp-content\/uploads\/2025\/04\/Bert-Demasure_De-Lindenhoeve-web094.jpg\" class=\"wp-post-image wp-image-11773\" title=\"Bert Demasure_De Lindenhoeve web094\" alt=\"Bert Demasure_De Lindenhoeve web094\" srcset=\"https:\/\/delindenhoeve.nl\/wp-content\/uploads\/2025\/04\/Bert-Demasure_De-Lindenhoeve-web094.jpg 2048w, https:\/\/delindenhoeve.nl\/wp-content\/uploads\/2025\/04\/Bert-Demasure_De-Lindenhoeve-web094-300x200.jpg 300w, https:\/\/delindenhoeve.nl\/wp-content\/uploads\/2025\/04\/Bert-Demasure_De-Lindenhoeve-web094-1024x683.jpg 1024w, https:\/\/delindenhoeve.nl\/wp-content\/uploads\/2025\/04\/Bert-Demasure_De-Lindenhoeve-web094-768x512.jpg 768w, https:\/\/delindenhoeve.nl\/wp-content\/uploads\/2025\/04\/Bert-Demasure_De-Lindenhoeve-web094-1536x1024.jpg 1536w\" sizes=\"auto, (max-width: 2048px) 100vw, 2048px\" \/><\/a>            <\/dt>\n                    <\/dl>\n            <dl class=\"gallery-item\">\n            <dt class=\"gallery-icon\">\n            <a data-title=\"no\" title=\"\" href=\"https:\/\/delindenhoeve.nl\/wp-content\/uploads\/2023\/03\/Fotoniko_Lindenhoeve_20230309_13-k4.png\" data-rel=\"tb_bu5y744\" class=\"themify_lightbox\"><img loading=\"lazy\" decoding=\"async\" width=\"2000\" height=\"1332\" src=\"https:\/\/delindenhoeve.nl\/wp-content\/uploads\/2023\/03\/Fotoniko_Lindenhoeve_20230309_13-k4.png\" class=\"wp-post-image wp-image-757\" title=\"Fotoniko_Lindenhoeve_20230309_13 k4\" alt=\"Fotoniko_Lindenhoeve_20230309_13 k4\" srcset=\"https:\/\/delindenhoeve.nl\/wp-content\/uploads\/2023\/03\/Fotoniko_Lindenhoeve_20230309_13-k4.png 2000w, https:\/\/delindenhoeve.nl\/wp-content\/uploads\/2023\/03\/Fotoniko_Lindenhoeve_20230309_13-k4-300x200.png 300w, https:\/\/delindenhoeve.nl\/wp-content\/uploads\/2023\/03\/Fotoniko_Lindenhoeve_20230309_13-k4-1024x682.png 1024w, https:\/\/delindenhoeve.nl\/wp-content\/uploads\/2023\/03\/Fotoniko_Lindenhoeve_20230309_13-k4-768x511.png 768w, https:\/\/delindenhoeve.nl\/wp-content\/uploads\/2023\/03\/Fotoniko_Lindenhoeve_20230309_13-k4-1536x1023.png 1536w\" sizes=\"auto, (max-width: 2000px) 100vw, 2000px\" \/><\/a>            <\/dt>\n                    <\/dl>\n            <dl class=\"gallery-item\">\n            <dt class=\"gallery-icon\">\n            <a data-title=\"no\" title=\"\" href=\"https:\/\/delindenhoeve.nl\/wp-content\/uploads\/2023\/07\/Bert-Demasure_De-Lindenhoeve-web088.jpg\" data-rel=\"tb_bu5y744\" class=\"themify_lightbox\"><img loading=\"lazy\" decoding=\"async\" width=\"2048\" height=\"1365\" src=\"https:\/\/delindenhoeve.nl\/wp-content\/uploads\/2023\/07\/Bert-Demasure_De-Lindenhoeve-web088.jpg\" class=\"wp-post-image wp-image-1132\" title=\"Bert Demasure_De Lindenhoeve web088\" alt=\"Bert Demasure_De Lindenhoeve web088\" srcset=\"https:\/\/delindenhoeve.nl\/wp-content\/uploads\/2023\/07\/Bert-Demasure_De-Lindenhoeve-web088.jpg 2048w, https:\/\/delindenhoeve.nl\/wp-content\/uploads\/2023\/07\/Bert-Demasure_De-Lindenhoeve-web088-300x200.jpg 300w, https:\/\/delindenhoeve.nl\/wp-content\/uploads\/2023\/07\/Bert-Demasure_De-Lindenhoeve-web088-1024x683.jpg 1024w, https:\/\/delindenhoeve.nl\/wp-content\/uploads\/2023\/07\/Bert-Demasure_De-Lindenhoeve-web088-768x512.jpg 768w, https:\/\/delindenhoeve.nl\/wp-content\/uploads\/2023\/07\/Bert-Demasure_De-Lindenhoeve-web088-1536x1024.jpg 1536w\" sizes=\"auto, (max-width: 2048px) 100vw, 2048px\" \/><\/a>            <\/dt>\n                    <\/dl>\n            <dl class=\"gallery-item\">\n            <dt class=\"gallery-icon\">\n            <a data-title=\"no\" title=\"\" href=\"https:\/\/delindenhoeve.nl\/wp-content\/uploads\/2024\/08\/Bert-Demasure_De-Lindenhoeve-web085.jpg\" data-rel=\"tb_bu5y744\" class=\"themify_lightbox\"><img loading=\"lazy\" decoding=\"async\" width=\"2048\" height=\"1365\" src=\"https:\/\/delindenhoeve.nl\/wp-content\/uploads\/2024\/08\/Bert-Demasure_De-Lindenhoeve-web085.jpg\" class=\"wp-post-image wp-image-2370\" title=\"Bert Demasure_De Lindenhoeve web085\" alt=\"Bert Demasure_De Lindenhoeve web085\" srcset=\"https:\/\/delindenhoeve.nl\/wp-content\/uploads\/2024\/08\/Bert-Demasure_De-Lindenhoeve-web085.jpg 2048w, https:\/\/delindenhoeve.nl\/wp-content\/uploads\/2024\/08\/Bert-Demasure_De-Lindenhoeve-web085-300x200.jpg 300w, https:\/\/delindenhoeve.nl\/wp-content\/uploads\/2024\/08\/Bert-Demasure_De-Lindenhoeve-web085-1024x683.jpg 1024w, https:\/\/delindenhoeve.nl\/wp-content\/uploads\/2024\/08\/Bert-Demasure_De-Lindenhoeve-web085-768x512.jpg 768w, https:\/\/delindenhoeve.nl\/wp-content\/uploads\/2024\/08\/Bert-Demasure_De-Lindenhoeve-web085-1536x1024.jpg 1536w\" sizes=\"auto, (max-width: 2048px) 100vw, 2048px\" \/><\/a>            <\/dt>\n                    <\/dl>\n            <dl class=\"gallery-item\">\n            <dt class=\"gallery-icon\">\n            <a data-title=\"no\" title=\"\" href=\"https:\/\/delindenhoeve.nl\/wp-content\/uploads\/2025\/05\/2.png\" data-rel=\"tb_bu5y744\" class=\"themify_lightbox\"><img loading=\"lazy\" decoding=\"async\" width=\"2048\" height=\"1365\" src=\"https:\/\/delindenhoeve.nl\/wp-content\/uploads\/2025\/05\/2.png\" class=\"wp-post-image wp-image-12016\" title=\"2\" alt=\"2\" srcset=\"https:\/\/delindenhoeve.nl\/wp-content\/uploads\/2025\/05\/2.png 2048w, https:\/\/delindenhoeve.nl\/wp-content\/uploads\/2025\/05\/2-300x200.png 300w, https:\/\/delindenhoeve.nl\/wp-content\/uploads\/2025\/05\/2-1024x683.png 1024w, https:\/\/delindenhoeve.nl\/wp-content\/uploads\/2025\/05\/2-768x512.png 768w, https:\/\/delindenhoeve.nl\/wp-content\/uploads\/2025\/05\/2-1536x1024.png 1536w\" sizes=\"auto, (max-width: 2048px) 100vw, 2048px\" \/><\/a>            <\/dt>\n                    <\/dl>\n            <dl class=\"gallery-item\">\n            <dt class=\"gallery-icon\">\n            <a data-title=\"no\" title=\"\" href=\"https:\/\/delindenhoeve.nl\/wp-content\/uploads\/2024\/08\/Ontwerp-zonder-titel-14.png\" data-rel=\"tb_bu5y744\" class=\"themify_lightbox\"><img loading=\"lazy\" decoding=\"async\" width=\"2048\" height=\"1365\" src=\"https:\/\/delindenhoeve.nl\/wp-content\/uploads\/2024\/08\/Ontwerp-zonder-titel-14.png\" class=\"wp-post-image wp-image-2385\" title=\"Ontwerp zonder titel-14\" alt=\"Ontwerp zonder titel-14\" srcset=\"https:\/\/delindenhoeve.nl\/wp-content\/uploads\/2024\/08\/Ontwerp-zonder-titel-14.png 2048w, https:\/\/delindenhoeve.nl\/wp-content\/uploads\/2024\/08\/Ontwerp-zonder-titel-14-300x200.png 300w, https:\/\/delindenhoeve.nl\/wp-content\/uploads\/2024\/08\/Ontwerp-zonder-titel-14-1024x683.png 1024w, https:\/\/delindenhoeve.nl\/wp-content\/uploads\/2024\/08\/Ontwerp-zonder-titel-14-768x512.png 768w, https:\/\/delindenhoeve.nl\/wp-content\/uploads\/2024\/08\/Ontwerp-zonder-titel-14-1536x1024.png 1536w\" sizes=\"auto, (max-width: 2048px) 100vw, 2048px\" \/><\/a>            <\/dt>\n                    <\/dl>\n    <\/div>\n<\/div>\n<!-- \/module gallery -->        <\/div>\n                        <\/div>\n        <\/div>\n                        <div  data-lazy=\"1\" class=\"module_row themify_builder_row tb_j3a0747 tf_w\">\n                        <div class=\"row_inner col_align_top tb_col_count_1 tf_box tf_rel\">\n                        <div  data-lazy=\"1\" class=\"module_column tb-column col-full tb_6w1v299 first\">\n                    <!-- module buttons -->\n<div  class=\"module module-buttons tb_7jug411 buttons-horizontal solid  \" data-lazy=\"1\">\n        <div class=\"module-buttons-item tf_in_flx\">\n                        <a href=\"https:\/\/delindenhoeve.nl\/fr\/boutique-hotel\/\" class=\"ui builder_button tf_in_flx tb_default_color\">\n                                                D\u00e9couvrez toutes nos chambres                                        <\/a>\n                <\/div>\n            <\/div>\n<!-- \/module buttons -->\n        <\/div>\n                        <\/div>\n        <\/div>\n        <\/div>\n<!--\/themify_builder_content-->","protected":false},"excerpt":{"rendered":"<p>Suite &#8211; Chambre familiale 4<\/p>\n","protected":false},"author":1,"featured_media":0,"parent":0,"menu_order":59,"comment_status":"closed","ping_status":"closed","template":"","meta":{"footnotes":""},"class_list":["post-996","page","type-page","status-publish","hentry","has-post-title","has-post-date","has-post-category","has-post-tag","has-post-comment","has-post-author",""],"builder_content":"<h1>Suite - Chambre familiale 4<\/h1>\n<p>D\u00e9couvrez cette suite spacieuse ! Le papier peint bleu royal \u00e0 imprim\u00e9 floral blanc est accueillant et les \u00e9l\u00e9ments naturels du sol en bois cr\u00e9ent une harmonie de tranquillit\u00e9. Cette chambre est la chambre familiale id\u00e9ale avec son lit king-size et son lit superpos\u00e9 confortable. Dans la salle de bains ouverte, profitez d'un bon bain ou de la douche \u00e0 l'italienne. Rafra\u00eechissez-vous avec les produits de bain et de douche Rainpharma propos\u00e9s. Cette suite est comme une oasis de luxe et de bruissement au milieu de Sluis !<\/p>\n<p>Caract\u00e9ristiques principales :<\/p> <ul> <li>Taille : 50m\u00b2<\/li> <li>Luxueux lit king-size \u00e0 baldaquin<\/li> <li>Zone de couchage avec lit superpos\u00e9 confortable et personnalis\u00e9 pour 2 adultes ou 2 enfants<\/li> <li>T\u00e9l\u00e9vision intelligente avec barre de son Bose, minibar, climatisation, coffre-fort et WiFi<\/li> <li>Douche \u00e0 effet de pluie et baignoire de luxe<\/li> <li>Table \u00e0 \u00e9crire<\/li> <li>Espresso, th\u00e9 et eau gratuits<\/li> <li>Produits de bain de Rainpharma<\/li> <li>Peignoirs et pantoufles disponibles<\/li> <li>Coin salon<\/li> <li>Balcon<\/li> <li>Un lit d'enfant suppl\u00e9mentaire peut \u00eatre plac\u00e9 sur demande<\/li> <\/ul>\n<a href=\"https:\/\/reservations.cubilis.eu\/9624?Language=fr-FR\" target=\"_blank\" rel=\"noopener\" id=\"verblijf\"> R\u00e9servez le meilleur prix pour cette chambre ici <\/a>\n[gallery ids=\"11771,191,1130,2368,12014,2383\"]\n<a href=\"https:\/\/delindenhoeve.nl\/fr\/boutique-hotel\/\" > D\u00e9couvrez toutes nos chambres <\/a>","_links":{"self":[{"href":"https:\/\/delindenhoeve.nl\/fr\/wp-json\/wp\/v2\/pages\/996","targetHints":{"allow":["GET"]}}],"collection":[{"href":"https:\/\/delindenhoeve.nl\/fr\/wp-json\/wp\/v2\/pages"}],"about":[{"href":"https:\/\/delindenhoeve.nl\/fr\/wp-json\/wp\/v2\/types\/page"}],"author":[{"embeddable":true,"href":"https:\/\/delindenhoeve.nl\/fr\/wp-json\/wp\/v2\/users\/1"}],"replies":[{"embeddable":true,"href":"https:\/\/delindenhoeve.nl\/fr\/wp-json\/wp\/v2\/comments?post=996"}],"version-history":[{"count":13,"href":"https:\/\/delindenhoeve.nl\/fr\/wp-json\/wp\/v2\/pages\/996\/revisions"}],"predecessor-version":[{"id":12022,"href":"https:\/\/delindenhoeve.nl\/fr\/wp-json\/wp\/v2\/pages\/996\/revisions\/12022"}],"wp:attachment":[{"href":"https:\/\/delindenhoeve.nl\/fr\/wp-json\/wp\/v2\/media?parent=996"}],"curies":[{"name":"wp","href":"https:\/\/api.w.org\/{rel}","templated":true}]}}