{"id":995,"date":"2023-03-27T13:22:18","date_gmt":"2023-03-27T13:22:18","guid":{"rendered":"https:\/\/delindenhoeve.nl\/chambre-superieure-1\/"},"modified":"2025-05-02T11:41:29","modified_gmt":"2025-05-02T11:41:29","slug":"chambre-superieure-1","status":"publish","type":"page","link":"https:\/\/delindenhoeve.nl\/fr\/chambre-superieure-1\/","title":{"rendered":"Chambre sup\u00e9rieure 1"},"content":{"rendered":"<!--themify_builder_content-->\n<div id=\"themify_builder_content-995\" data-postid=\"995\" class=\"themify_builder_content themify_builder_content-995 themify_builder tf_clear\">\n                    <div  data-css_id=\"3c7s482\" data-lazy=\"1\" class=\"module_row themify_builder_row fullheight fullwidth tb_3c7s482 tb_first tf_w\">\n                        <div class=\"row_inner col_align_top tb_col_count_1 tf_box tf_rel\">\n                        <div  data-lazy=\"1\" class=\"module_column tb-column col-full tb_r27c483 first\">\n                            <\/div>\n                        <\/div>\n        <\/div>\n                        <div  data-lazy=\"1\" class=\"module_row themify_builder_row tb_7de7576 tf_w\">\n                        <div class=\"row_inner col_align_top tb_col_count_1 tf_box tf_rel\">\n                        <div  data-lazy=\"1\" class=\"module_column tb-column col-full tb_0kii576 first\">\n                    <!-- module text -->\n<div  class=\"module module-text tb_km0d708   \" data-lazy=\"1\">\n        <div  class=\"tb_text_wrap\">\n        <h1>Sup\u00e9rieure &#8211; Chambre 1<\/h1>    <\/div>\n<\/div>\n<!-- \/module text -->        <\/div>\n                        <\/div>\n        <\/div>\n                        <div  data-lazy=\"1\" class=\"module_row themify_builder_row tb_4nvl492 tf_w\">\n                        <div class=\"row_inner col_align_top tb_col_count_2 tf_box tf_rel\">\n                        <div  data-lazy=\"1\" class=\"module_column tb-column col4-2 tb_aff8492 first\">\n                    <!-- module text -->\n<div  class=\"module module-text tb_oh3x388   \" data-lazy=\"1\">\n        <div  class=\"tb_text_wrap\">\n        <p>Cette chambre atmosph\u00e9rique s&rsquo;inspire de la sc\u00e8ne glamour du polo. Le papier peint et les d\u00e9tails sur le mur vous placent imm\u00e9diatement dans des sph\u00e8res de polo. Cette chambre spacieuse peut accueillir 3 adultes ou 2 adultes et 1 enfant. Avez-vous besoin d&rsquo;un lit d&rsquo;enfant ? Cela peut certainement \u00eatre plac\u00e9 sur demande !<\/p>    <\/div>\n<\/div>\n<!-- \/module text -->        <\/div>\n                    <div  data-lazy=\"1\" class=\"module_column tb-column col4-2 tb_8k36492 last\">\n                    <!-- module text -->\n<div  class=\"module module-text tb_763o799   \" data-lazy=\"1\">\n        <div  class=\"tb_text_wrap\">\n        <p>Caract\u00e9ristiques principales :<\/p>\n<ul>\n<li>Taille : 33 m\u00b2<\/li>\n<li>Confortable lit king-size<\/li>\n<li>T\u00e9l\u00e9vision intelligente avec barre de son Bose, minibar, climatisation, coffre-fort et WiFi<\/li>\n<li>Douche \u00e0 effet de pluie luxueuse<\/li>\n<li>Table \u00e0 \u00e9crire<\/li>\n<li>Espresso, th\u00e9 et eau gratuits<\/li>\n<li>Produits de bain de Rainpharma<\/li>\n<li>Peignoirs et pantoufles disponibles<\/li>\n<li>Coin salon<\/li>\n<li>Espace suppl\u00e9mentaire pour 1 adulte ou enfant<\/li>\n<li>Un lit d&rsquo;enfant suppl\u00e9mentaire peut \u00eatre plac\u00e9 sur demande<\/li>\n<\/ul>    <\/div>\n<\/div>\n<!-- \/module text -->        <\/div>\n                        <\/div>\n        <\/div>\n                        <div  data-lazy=\"1\" class=\"module_row themify_builder_row tb_2kfa928 tf_w\">\n                        <div class=\"row_inner col_align_top tb_col_count_1 tf_box tf_rel\">\n                        <div  data-lazy=\"1\" class=\"module_column tb-column col-full tb_jizu928 first\">\n                    <!-- module buttons -->\n<div  class=\"module module-buttons tb_748t928 buttons-horizontal solid  \" data-lazy=\"1\">\n        <div class=\"module-buttons-item tf_in_flx\">\n                        <a href=\"https:\/\/reservations.cubilis.eu\/9624?Language=fr-FR\" class=\"ui builder_button tf_in_flx tb_default_color\" target=\"_blank\" rel=\"noopener\" id=\"verblijf\">\n                                                R\u00e9servez le meilleur prix pour cette chambre ici                                        <\/a>\n                <\/div>\n            <\/div>\n<!-- \/module buttons -->\n        <\/div>\n                        <\/div>\n        <\/div>\n                        <div  data-css_id=\"xq1q384\" data-lazy=\"1\" class=\"module_row themify_builder_row fullwidth tb_xq1q384 tf_w\">\n                        <div class=\"row_inner col_align_top tb_col_count_1 tf_box tf_rel\">\n                        <div  data-lazy=\"1\" class=\"module_column tb-column col-full tb_7s1s385 first\">\n                    <!-- module gallery -->\n<div  class=\"module gallery module-gallery tb_cn5p360 layout-grid  \" data-lazy=\"1\">\n    <div class=\"module-gallery-grid\" style=\"--gald:3;--galt:3;--galm:3\">\n            <dl class=\"gallery-item\">\n            <dt class=\"gallery-icon\">\n            <a data-title=\"no\" title=\"\" href=\"https:\/\/delindenhoeve.nl\/wp-content\/uploads\/2024\/01\/Bert-Demasure_De-Lindenhoeve-S3-web35-1.jpg\" data-rel=\"tb_cn5p360\" class=\"themify_lightbox\"><img loading=\"lazy\" decoding=\"async\" width=\"2048\" height=\"1365\" src=\"https:\/\/delindenhoeve.nl\/wp-content\/uploads\/2024\/01\/Bert-Demasure_De-Lindenhoeve-S3-web35-1.jpg\" class=\"wp-post-image wp-image-1775\" title=\"Bert Demasure_De Lindenhoeve S3 web35\" alt=\"Bert Demasure_De Lindenhoeve S3 web35\" srcset=\"https:\/\/delindenhoeve.nl\/wp-content\/uploads\/2024\/01\/Bert-Demasure_De-Lindenhoeve-S3-web35-1.jpg 2048w, https:\/\/delindenhoeve.nl\/wp-content\/uploads\/2024\/01\/Bert-Demasure_De-Lindenhoeve-S3-web35-1-300x200.jpg 300w, https:\/\/delindenhoeve.nl\/wp-content\/uploads\/2024\/01\/Bert-Demasure_De-Lindenhoeve-S3-web35-1-1024x683.jpg 1024w, https:\/\/delindenhoeve.nl\/wp-content\/uploads\/2024\/01\/Bert-Demasure_De-Lindenhoeve-S3-web35-1-768x512.jpg 768w, https:\/\/delindenhoeve.nl\/wp-content\/uploads\/2024\/01\/Bert-Demasure_De-Lindenhoeve-S3-web35-1-1536x1024.jpg 1536w\" sizes=\"auto, (max-width: 2048px) 100vw, 2048px\" \/><\/a>            <\/dt>\n                    <\/dl>\n            <dl class=\"gallery-item\">\n            <dt class=\"gallery-icon\">\n            <a data-title=\"no\" title=\"\" href=\"https:\/\/delindenhoeve.nl\/wp-content\/uploads\/2025\/05\/1.png\" data-rel=\"tb_cn5p360\" class=\"themify_lightbox\"><img loading=\"lazy\" decoding=\"async\" width=\"2048\" height=\"1365\" src=\"https:\/\/delindenhoeve.nl\/wp-content\/uploads\/2025\/05\/1.png\" class=\"wp-post-image wp-image-11986\" title=\"1\" alt=\"1\" srcset=\"https:\/\/delindenhoeve.nl\/wp-content\/uploads\/2025\/05\/1.png 2048w, https:\/\/delindenhoeve.nl\/wp-content\/uploads\/2025\/05\/1-300x200.png 300w, https:\/\/delindenhoeve.nl\/wp-content\/uploads\/2025\/05\/1-1024x683.png 1024w, https:\/\/delindenhoeve.nl\/wp-content\/uploads\/2025\/05\/1-768x512.png 768w, https:\/\/delindenhoeve.nl\/wp-content\/uploads\/2025\/05\/1-1536x1024.png 1536w\" sizes=\"auto, (max-width: 2048px) 100vw, 2048px\" \/><\/a>            <\/dt>\n                    <\/dl>\n            <dl class=\"gallery-item\">\n            <dt class=\"gallery-icon\">\n            <a data-title=\"no\" title=\"\" href=\"https:\/\/delindenhoeve.nl\/wp-content\/uploads\/2025\/04\/Bert-Demasure_De-Lindenhoeve-web049.jpg\" data-rel=\"tb_cn5p360\" class=\"themify_lightbox\"><img loading=\"lazy\" decoding=\"async\" width=\"2048\" height=\"1365\" src=\"https:\/\/delindenhoeve.nl\/wp-content\/uploads\/2025\/04\/Bert-Demasure_De-Lindenhoeve-web049.jpg\" class=\"wp-post-image wp-image-11763\" title=\"Bert Demasure_De Lindenhoeve web049\" alt=\"Bert Demasure_De Lindenhoeve web049\" srcset=\"https:\/\/delindenhoeve.nl\/wp-content\/uploads\/2025\/04\/Bert-Demasure_De-Lindenhoeve-web049.jpg 2048w, https:\/\/delindenhoeve.nl\/wp-content\/uploads\/2025\/04\/Bert-Demasure_De-Lindenhoeve-web049-300x200.jpg 300w, https:\/\/delindenhoeve.nl\/wp-content\/uploads\/2025\/04\/Bert-Demasure_De-Lindenhoeve-web049-1024x683.jpg 1024w, https:\/\/delindenhoeve.nl\/wp-content\/uploads\/2025\/04\/Bert-Demasure_De-Lindenhoeve-web049-768x512.jpg 768w, https:\/\/delindenhoeve.nl\/wp-content\/uploads\/2025\/04\/Bert-Demasure_De-Lindenhoeve-web049-1536x1024.jpg 1536w\" sizes=\"auto, (max-width: 2048px) 100vw, 2048px\" \/><\/a>            <\/dt>\n                    <\/dl>\n            <dl class=\"gallery-item\">\n            <dt class=\"gallery-icon\">\n            <a data-title=\"no\" title=\"\" href=\"https:\/\/delindenhoeve.nl\/wp-content\/uploads\/2024\/01\/paasarrangement.jpg\" data-rel=\"tb_cn5p360\" class=\"themify_lightbox\"><img loading=\"lazy\" decoding=\"async\" width=\"2048\" height=\"1365\" src=\"https:\/\/delindenhoeve.nl\/wp-content\/uploads\/2024\/01\/paasarrangement.jpg\" class=\"wp-post-image wp-image-2013\" title=\"paasarrangement\" alt=\"paasarrangement\" srcset=\"https:\/\/delindenhoeve.nl\/wp-content\/uploads\/2024\/01\/paasarrangement.jpg 2048w, https:\/\/delindenhoeve.nl\/wp-content\/uploads\/2024\/01\/paasarrangement-300x200.jpg 300w, https:\/\/delindenhoeve.nl\/wp-content\/uploads\/2024\/01\/paasarrangement-1024x683.jpg 1024w, https:\/\/delindenhoeve.nl\/wp-content\/uploads\/2024\/01\/paasarrangement-768x512.jpg 768w, https:\/\/delindenhoeve.nl\/wp-content\/uploads\/2024\/01\/paasarrangement-1536x1024.jpg 1536w\" sizes=\"auto, (max-width: 2048px) 100vw, 2048px\" \/><\/a>            <\/dt>\n                    <\/dl>\n            <dl class=\"gallery-item\">\n            <dt class=\"gallery-icon\">\n            <a data-title=\"no\" title=\"\" href=\"https:\/\/delindenhoeve.nl\/wp-content\/uploads\/2024\/08\/Ontwerp-zonder-titel-20.png\" data-rel=\"tb_cn5p360\" class=\"themify_lightbox\"><img loading=\"lazy\" decoding=\"async\" width=\"2048\" height=\"1365\" src=\"https:\/\/delindenhoeve.nl\/wp-content\/uploads\/2024\/08\/Ontwerp-zonder-titel-20.png\" class=\"wp-post-image wp-image-2413\" title=\"Ontwerp zonder titel-20\" alt=\"Ontwerp zonder titel-20\" srcset=\"https:\/\/delindenhoeve.nl\/wp-content\/uploads\/2024\/08\/Ontwerp-zonder-titel-20.png 2048w, https:\/\/delindenhoeve.nl\/wp-content\/uploads\/2024\/08\/Ontwerp-zonder-titel-20-300x200.png 300w, https:\/\/delindenhoeve.nl\/wp-content\/uploads\/2024\/08\/Ontwerp-zonder-titel-20-1024x683.png 1024w, https:\/\/delindenhoeve.nl\/wp-content\/uploads\/2024\/08\/Ontwerp-zonder-titel-20-768x512.png 768w, https:\/\/delindenhoeve.nl\/wp-content\/uploads\/2024\/08\/Ontwerp-zonder-titel-20-1536x1024.png 1536w\" sizes=\"auto, (max-width: 2048px) 100vw, 2048px\" \/><\/a>            <\/dt>\n                    <\/dl>\n            <dl class=\"gallery-item\">\n            <dt class=\"gallery-icon\">\n            <a data-title=\"no\" title=\"\" href=\"https:\/\/delindenhoeve.nl\/wp-content\/uploads\/2024\/08\/Ontwerp-zonder-titel-21.png\" data-rel=\"tb_cn5p360\" class=\"themify_lightbox\"><img loading=\"lazy\" decoding=\"async\" width=\"2048\" height=\"1365\" src=\"https:\/\/delindenhoeve.nl\/wp-content\/uploads\/2024\/08\/Ontwerp-zonder-titel-21.png\" class=\"wp-post-image wp-image-2416\" title=\"Ontwerp zonder titel-21\" alt=\"Ontwerp zonder titel-21\" srcset=\"https:\/\/delindenhoeve.nl\/wp-content\/uploads\/2024\/08\/Ontwerp-zonder-titel-21.png 2048w, https:\/\/delindenhoeve.nl\/wp-content\/uploads\/2024\/08\/Ontwerp-zonder-titel-21-300x200.png 300w, https:\/\/delindenhoeve.nl\/wp-content\/uploads\/2024\/08\/Ontwerp-zonder-titel-21-1024x683.png 1024w, https:\/\/delindenhoeve.nl\/wp-content\/uploads\/2024\/08\/Ontwerp-zonder-titel-21-768x512.png 768w, https:\/\/delindenhoeve.nl\/wp-content\/uploads\/2024\/08\/Ontwerp-zonder-titel-21-1536x1024.png 1536w\" sizes=\"auto, (max-width: 2048px) 100vw, 2048px\" \/><\/a>            <\/dt>\n                    <\/dl>\n    <\/div>\n<\/div>\n<!-- \/module gallery -->        <\/div>\n                        <\/div>\n        <\/div>\n                        <div  data-lazy=\"1\" class=\"module_row themify_builder_row tb_getc300 tf_w\">\n                        <div class=\"row_inner col_align_top tb_col_count_1 tf_box tf_rel\">\n                        <div  data-lazy=\"1\" class=\"module_column tb-column col-full tb_qgv1300 first\">\n                    <!-- module buttons -->\n<div  class=\"module module-buttons tb_xgi1240 buttons-horizontal solid  \" data-lazy=\"1\">\n        <div class=\"module-buttons-item tf_in_flx\">\n                        <a href=\"https:\/\/delindenhoeve.nl\/fr\/boutique-hotel\/\" class=\"ui builder_button tf_in_flx tb_default_color\">\n                                                D\u00e9couvrez toutes nos chambres                                        <\/a>\n                <\/div>\n            <\/div>\n<!-- \/module buttons -->\n        <\/div>\n                        <\/div>\n        <\/div>\n        <\/div>\n<!--\/themify_builder_content-->","protected":false},"excerpt":{"rendered":"<p>Sup\u00e9rieure &#8211; Chambre 1<\/p>\n","protected":false},"author":1,"featured_media":0,"parent":0,"menu_order":21,"comment_status":"closed","ping_status":"closed","template":"","meta":{"footnotes":""},"class_list":["post-995","page","type-page","status-publish","hentry","has-post-title","has-post-date","has-post-category","has-post-tag","has-post-comment","has-post-author",""],"builder_content":"<h1>Sup\u00e9rieure - Chambre 1<\/h1>\n<p>Cette chambre atmosph\u00e9rique s'inspire de la sc\u00e8ne glamour du polo. Le papier peint et les d\u00e9tails sur le mur vous placent imm\u00e9diatement dans des sph\u00e8res de polo. Cette chambre spacieuse peut accueillir 3 adultes ou 2 adultes et 1 enfant. Avez-vous besoin d'un lit d'enfant ? Cela peut certainement \u00eatre plac\u00e9 sur demande !<\/p>\n<p>Caract\u00e9ristiques principales :<\/p> <ul> <li>Taille : 33 m\u00b2<\/li> <li>Confortable lit king-size<\/li> <li>T\u00e9l\u00e9vision intelligente avec barre de son Bose, minibar, climatisation, coffre-fort et WiFi<\/li> <li>Douche \u00e0 effet de pluie luxueuse<\/li> <li>Table \u00e0 \u00e9crire<\/li> <li>Espresso, th\u00e9 et eau gratuits<\/li> <li>Produits de bain de Rainpharma<\/li> <li>Peignoirs et pantoufles disponibles<\/li> <li>Coin salon<\/li> <li>Espace suppl\u00e9mentaire pour 1 adulte ou enfant<\/li> <li>Un lit d'enfant suppl\u00e9mentaire peut \u00eatre plac\u00e9 sur demande<\/li> <\/ul>\n<a href=\"https:\/\/reservations.cubilis.eu\/9624?Language=fr-FR\" target=\"_blank\" rel=\"noopener\" id=\"verblijf\"> R\u00e9servez le meilleur prix pour cette chambre ici <\/a>\n[gallery ids=\"1773,11984,11761,2011,2411,2414\"]\n<a href=\"https:\/\/delindenhoeve.nl\/fr\/boutique-hotel\/\" > D\u00e9couvrez toutes nos chambres <\/a>","_links":{"self":[{"href":"https:\/\/delindenhoeve.nl\/fr\/wp-json\/wp\/v2\/pages\/995","targetHints":{"allow":["GET"]}}],"collection":[{"href":"https:\/\/delindenhoeve.nl\/fr\/wp-json\/wp\/v2\/pages"}],"about":[{"href":"https:\/\/delindenhoeve.nl\/fr\/wp-json\/wp\/v2\/types\/page"}],"author":[{"embeddable":true,"href":"https:\/\/delindenhoeve.nl\/fr\/wp-json\/wp\/v2\/users\/1"}],"replies":[{"embeddable":true,"href":"https:\/\/delindenhoeve.nl\/fr\/wp-json\/wp\/v2\/comments?post=995"}],"version-history":[{"count":10,"href":"https:\/\/delindenhoeve.nl\/fr\/wp-json\/wp\/v2\/pages\/995\/revisions"}],"predecessor-version":[{"id":11992,"href":"https:\/\/delindenhoeve.nl\/fr\/wp-json\/wp\/v2\/pages\/995\/revisions\/11992"}],"wp:attachment":[{"href":"https:\/\/delindenhoeve.nl\/fr\/wp-json\/wp\/v2\/media?parent=995"}],"curies":[{"name":"wp","href":"https:\/\/api.w.org\/{rel}","templated":true}]}}