{"id":980,"date":"2023-03-27T13:46:01","date_gmt":"2023-03-27T13:46:01","guid":{"rendered":"https:\/\/delindenhoeve.nl\/chambre-superieure-2\/"},"modified":"2025-05-02T11:44:32","modified_gmt":"2025-05-02T11:44:32","slug":"chambre-superieure-2","status":"publish","type":"page","link":"https:\/\/delindenhoeve.nl\/fr\/chambre-superieure-2\/","title":{"rendered":"Chambre sup\u00e9rieure 2"},"content":{"rendered":"<!--themify_builder_content-->\n<div id=\"themify_builder_content-980\" data-postid=\"980\" class=\"themify_builder_content themify_builder_content-980 themify_builder tf_clear\">\n                    <div  data-css_id=\"au71144\" data-lazy=\"1\" class=\"module_row themify_builder_row fullheight fullwidth tb_au71144 tb_first tf_w\">\n                        <div class=\"row_inner col_align_top tb_col_count_1 tf_box tf_rel\">\n                        <div  data-lazy=\"1\" class=\"module_column tb-column col-full tb_ocz5450 first\">\n                            <\/div>\n                        <\/div>\n        <\/div>\n                        <div  data-lazy=\"1\" class=\"module_row themify_builder_row tb_qf2y003 tf_w\">\n                        <div class=\"row_inner col_align_top tb_col_count_1 tf_box tf_rel\">\n                        <div  data-lazy=\"1\" class=\"module_column tb-column col-full tb_7l01504 first\">\n                    <!-- module text -->\n<div  class=\"module module-text tb_7097902   \" data-lazy=\"1\">\n        <div  class=\"tb_text_wrap\">\n        <h1>Sup\u00e9rieure &#8211; Chambre 2<\/h1>    <\/div>\n<\/div>\n<!-- \/module text -->        <\/div>\n                        <\/div>\n        <\/div>\n                        <div  data-lazy=\"1\" class=\"module_row themify_builder_row tb_28oh444 tf_w\">\n                        <div class=\"row_inner col_align_top tb_col_count_2 tf_box tf_rel\">\n                        <div  data-lazy=\"1\" class=\"module_column tb-column col4-2 tb_b26s021 first\">\n                    <!-- module text -->\n<div  class=\"module module-text tb_yq3v059   \" data-lazy=\"1\">\n        <div  class=\"tb_text_wrap\">\n        <p>D\u00e9tendez-vous dans cette chambre sup\u00e9rieure confortable et spacieuse. Cette chambre se caract\u00e9rise par des tons beiges doux, des d\u00e9tails authentiques tels que le plancher en bois et un charmant lit king-size. L\u00e0 encore, il y a de la place pour 3 adultes ou 2 adultes et 2 enfants. Profitez de la paix et de l&rsquo;intimit\u00e9 tout en b\u00e9n\u00e9ficiant du confort n\u00e9cessaire.<\/p>    <\/div>\n<\/div>\n<!-- \/module text -->        <\/div>\n                    <div  data-lazy=\"1\" class=\"module_column tb-column col4-2 tb_roqp119 last\">\n                    <!-- module text -->\n<div  class=\"module module-text tb_pnci911   \" data-lazy=\"1\">\n        <div  class=\"tb_text_wrap\">\n        <p>Caract\u00e9ristiques principales :<\/p>\n<ul>\n<li>Taille : 33 m\u00b2<\/li>\n<li>Confortable lit king-size<\/li>\n<li>T\u00e9l\u00e9vision intelligente avec barre de son Bose, minibar, climatisation, coffre-fort et WiFi<\/li>\n<li>Douche \u00e0 effet de pluie luxueuse<\/li>\n<li>Table \u00e0 \u00e9crire<\/li>\n<li>Espresso, th\u00e9 et eau gratuits<\/li>\n<li>Produits de bain de Rainpharma<\/li>\n<li>Peignoirs et pantoufles disponibles<\/li>\n<li>Coin salon<\/li>\n<li>Espace suppl\u00e9mentaire pour 1 adulte ou 2 enfants<\/li>\n<li>Un lit d&rsquo;enfant suppl\u00e9mentaire peut \u00eatre plac\u00e9 sur demande<\/li>\n<\/ul>    <\/div>\n<\/div>\n<!-- \/module text -->        <\/div>\n                        <\/div>\n        <\/div>\n                        <div  data-lazy=\"1\" class=\"module_row themify_builder_row tb_vqi3490 tf_w\">\n                        <div class=\"row_inner col_align_top tb_col_count_1 tf_box tf_rel\">\n                        <div  data-lazy=\"1\" class=\"module_column tb-column col-full tb_lb2j490 first\">\n                    <!-- module buttons -->\n<div  class=\"module module-buttons tb_ougj490 buttons-horizontal solid  \" data-lazy=\"1\">\n        <div class=\"module-buttons-item tf_in_flx\">\n                        <a href=\"https:\/\/reservations.cubilis.eu\/9624?Language=fr-FR\" class=\"ui builder_button tf_in_flx tb_default_color\" target=\"_blank\" rel=\"noopener\" id=\"verblijf\">\n                                                R\u00e9servez le meilleur prix pour cette chambre ici                                        <\/a>\n                <\/div>\n            <\/div>\n<!-- \/module buttons -->\n        <\/div>\n                        <\/div>\n        <\/div>\n                        <div  data-css_id=\"lvsn110\" data-lazy=\"1\" class=\"module_row themify_builder_row fullwidth tb_lvsn110 tf_w\">\n                        <div class=\"row_inner col_align_top tb_col_count_1 tf_box tf_rel\">\n                        <div  data-lazy=\"1\" class=\"module_column tb-column col-full tb_lec9707 first\">\n                    <!-- module gallery -->\n<div  class=\"module gallery module-gallery tb_np85019 layout-grid  \" data-lazy=\"1\">\n    <div class=\"module-gallery-grid\" style=\"--gald:3;--galt:3;--galm:3\">\n            <dl class=\"gallery-item\">\n            <dt class=\"gallery-icon\">\n            <a data-title=\"no\" title=\"\" href=\"https:\/\/delindenhoeve.nl\/wp-content\/uploads\/2025\/05\/3.png\" data-rel=\"tb_np85019\" class=\"themify_lightbox\"><img loading=\"lazy\" decoding=\"async\" width=\"2048\" height=\"1365\" src=\"https:\/\/delindenhoeve.nl\/wp-content\/uploads\/2025\/05\/3.png\" class=\"wp-post-image wp-image-11995\" title=\"3\" alt=\"3\" srcset=\"https:\/\/delindenhoeve.nl\/wp-content\/uploads\/2025\/05\/3.png 2048w, https:\/\/delindenhoeve.nl\/wp-content\/uploads\/2025\/05\/3-300x200.png 300w, https:\/\/delindenhoeve.nl\/wp-content\/uploads\/2025\/05\/3-1024x683.png 1024w, https:\/\/delindenhoeve.nl\/wp-content\/uploads\/2025\/05\/3-768x512.png 768w, https:\/\/delindenhoeve.nl\/wp-content\/uploads\/2025\/05\/3-1536x1024.png 1536w\" sizes=\"auto, (max-width: 2048px) 100vw, 2048px\" \/><\/a>            <\/dt>\n                    <\/dl>\n            <dl class=\"gallery-item\">\n            <dt class=\"gallery-icon\">\n            <a data-title=\"no\" title=\"\" href=\"https:\/\/delindenhoeve.nl\/wp-content\/uploads\/2023\/07\/Bert-Demasure_De-Lindenhoeve-web067.jpg\" data-rel=\"tb_np85019\" class=\"themify_lightbox\"><img loading=\"lazy\" decoding=\"async\" width=\"2048\" height=\"1365\" src=\"https:\/\/delindenhoeve.nl\/wp-content\/uploads\/2023\/07\/Bert-Demasure_De-Lindenhoeve-web067.jpg\" class=\"wp-post-image wp-image-1120\" title=\"Bert Demasure_De Lindenhoeve web067\" alt=\"Bert Demasure_De Lindenhoeve web067\" srcset=\"https:\/\/delindenhoeve.nl\/wp-content\/uploads\/2023\/07\/Bert-Demasure_De-Lindenhoeve-web067.jpg 2048w, https:\/\/delindenhoeve.nl\/wp-content\/uploads\/2023\/07\/Bert-Demasure_De-Lindenhoeve-web067-300x200.jpg 300w, https:\/\/delindenhoeve.nl\/wp-content\/uploads\/2023\/07\/Bert-Demasure_De-Lindenhoeve-web067-1024x683.jpg 1024w, https:\/\/delindenhoeve.nl\/wp-content\/uploads\/2023\/07\/Bert-Demasure_De-Lindenhoeve-web067-768x512.jpg 768w, https:\/\/delindenhoeve.nl\/wp-content\/uploads\/2023\/07\/Bert-Demasure_De-Lindenhoeve-web067-1536x1024.jpg 1536w\" sizes=\"auto, (max-width: 2048px) 100vw, 2048px\" \/><\/a>            <\/dt>\n                    <\/dl>\n            <dl class=\"gallery-item\">\n            <dt class=\"gallery-icon\">\n            <a data-title=\"no\" title=\"\" href=\"https:\/\/delindenhoeve.nl\/wp-content\/uploads\/2023\/07\/Bert-Demasure_De-Lindenhoeve-web066.jpg\" data-rel=\"tb_np85019\" class=\"themify_lightbox\"><img loading=\"lazy\" decoding=\"async\" width=\"2048\" height=\"1365\" src=\"https:\/\/delindenhoeve.nl\/wp-content\/uploads\/2023\/07\/Bert-Demasure_De-Lindenhoeve-web066.jpg\" class=\"wp-post-image wp-image-1117\" title=\"Bert Demasure_De Lindenhoeve web066\" alt=\"Bert Demasure_De Lindenhoeve web066\" srcset=\"https:\/\/delindenhoeve.nl\/wp-content\/uploads\/2023\/07\/Bert-Demasure_De-Lindenhoeve-web066.jpg 2048w, https:\/\/delindenhoeve.nl\/wp-content\/uploads\/2023\/07\/Bert-Demasure_De-Lindenhoeve-web066-300x200.jpg 300w, https:\/\/delindenhoeve.nl\/wp-content\/uploads\/2023\/07\/Bert-Demasure_De-Lindenhoeve-web066-1024x683.jpg 1024w, https:\/\/delindenhoeve.nl\/wp-content\/uploads\/2023\/07\/Bert-Demasure_De-Lindenhoeve-web066-768x512.jpg 768w, https:\/\/delindenhoeve.nl\/wp-content\/uploads\/2023\/07\/Bert-Demasure_De-Lindenhoeve-web066-1536x1024.jpg 1536w\" sizes=\"auto, (max-width: 2048px) 100vw, 2048px\" \/><\/a>            <\/dt>\n                    <\/dl>\n            <dl class=\"gallery-item\">\n            <dt class=\"gallery-icon\">\n            <a data-title=\"no\" title=\"\" href=\"https:\/\/delindenhoeve.nl\/wp-content\/uploads\/2024\/08\/Ontwerp-zonder-titel-22.png\" data-rel=\"tb_np85019\" class=\"themify_lightbox\"><img loading=\"lazy\" decoding=\"async\" width=\"2048\" height=\"1365\" src=\"https:\/\/delindenhoeve.nl\/wp-content\/uploads\/2024\/08\/Ontwerp-zonder-titel-22.png\" class=\"wp-post-image wp-image-2421\" title=\"Ontwerp zonder titel-22\" alt=\"Ontwerp zonder titel-22\" srcset=\"https:\/\/delindenhoeve.nl\/wp-content\/uploads\/2024\/08\/Ontwerp-zonder-titel-22.png 2048w, https:\/\/delindenhoeve.nl\/wp-content\/uploads\/2024\/08\/Ontwerp-zonder-titel-22-300x200.png 300w, https:\/\/delindenhoeve.nl\/wp-content\/uploads\/2024\/08\/Ontwerp-zonder-titel-22-1024x683.png 1024w, https:\/\/delindenhoeve.nl\/wp-content\/uploads\/2024\/08\/Ontwerp-zonder-titel-22-768x512.png 768w, https:\/\/delindenhoeve.nl\/wp-content\/uploads\/2024\/08\/Ontwerp-zonder-titel-22-1536x1024.png 1536w\" sizes=\"auto, (max-width: 2048px) 100vw, 2048px\" \/><\/a>            <\/dt>\n                    <\/dl>\n            <dl class=\"gallery-item\">\n            <dt class=\"gallery-icon\">\n            <a data-title=\"no\" title=\"\" href=\"https:\/\/delindenhoeve.nl\/wp-content\/uploads\/2024\/08\/Bert-Demasure_De-Lindenhoeve-S2-web066.jpg\" data-rel=\"tb_np85019\" class=\"themify_lightbox\"><img loading=\"lazy\" decoding=\"async\" width=\"2048\" height=\"1365\" src=\"https:\/\/delindenhoeve.nl\/wp-content\/uploads\/2024\/08\/Bert-Demasure_De-Lindenhoeve-S2-web066.jpg\" class=\"wp-post-image wp-image-2424\" title=\"Bert Demasure_De Lindenhoeve S2 web066\" alt=\"Bert Demasure_De Lindenhoeve S2 web066\" srcset=\"https:\/\/delindenhoeve.nl\/wp-content\/uploads\/2024\/08\/Bert-Demasure_De-Lindenhoeve-S2-web066.jpg 2048w, https:\/\/delindenhoeve.nl\/wp-content\/uploads\/2024\/08\/Bert-Demasure_De-Lindenhoeve-S2-web066-300x200.jpg 300w, https:\/\/delindenhoeve.nl\/wp-content\/uploads\/2024\/08\/Bert-Demasure_De-Lindenhoeve-S2-web066-1024x683.jpg 1024w, https:\/\/delindenhoeve.nl\/wp-content\/uploads\/2024\/08\/Bert-Demasure_De-Lindenhoeve-S2-web066-768x512.jpg 768w, https:\/\/delindenhoeve.nl\/wp-content\/uploads\/2024\/08\/Bert-Demasure_De-Lindenhoeve-S2-web066-1536x1024.jpg 1536w\" sizes=\"auto, (max-width: 2048px) 100vw, 2048px\" \/><\/a>            <\/dt>\n                    <\/dl>\n            <dl class=\"gallery-item\">\n            <dt class=\"gallery-icon\">\n            <a data-title=\"no\" title=\"\" href=\"https:\/\/delindenhoeve.nl\/wp-content\/uploads\/2024\/08\/Bert-Demasure_De-Lindenhoeve-S2-web040.jpg\" data-rel=\"tb_np85019\" class=\"themify_lightbox\"><img loading=\"lazy\" decoding=\"async\" width=\"2048\" height=\"1365\" src=\"https:\/\/delindenhoeve.nl\/wp-content\/uploads\/2024\/08\/Bert-Demasure_De-Lindenhoeve-S2-web040.jpg\" class=\"wp-post-image wp-image-2427\" title=\"Bert Demasure_De Lindenhoeve S2 web040\" alt=\"Bert Demasure_De Lindenhoeve S2 web040\" srcset=\"https:\/\/delindenhoeve.nl\/wp-content\/uploads\/2024\/08\/Bert-Demasure_De-Lindenhoeve-S2-web040.jpg 2048w, https:\/\/delindenhoeve.nl\/wp-content\/uploads\/2024\/08\/Bert-Demasure_De-Lindenhoeve-S2-web040-300x200.jpg 300w, https:\/\/delindenhoeve.nl\/wp-content\/uploads\/2024\/08\/Bert-Demasure_De-Lindenhoeve-S2-web040-1024x683.jpg 1024w, https:\/\/delindenhoeve.nl\/wp-content\/uploads\/2024\/08\/Bert-Demasure_De-Lindenhoeve-S2-web040-768x512.jpg 768w, https:\/\/delindenhoeve.nl\/wp-content\/uploads\/2024\/08\/Bert-Demasure_De-Lindenhoeve-S2-web040-1536x1024.jpg 1536w\" sizes=\"auto, (max-width: 2048px) 100vw, 2048px\" \/><\/a>            <\/dt>\n                    <\/dl>\n    <\/div>\n<\/div>\n<!-- \/module gallery -->        <\/div>\n                        <\/div>\n        <\/div>\n                        <div  data-lazy=\"1\" class=\"module_row themify_builder_row tb_k2br495 tf_w\">\n                        <div class=\"row_inner col_align_top tb_col_count_1 tf_box tf_rel\">\n                        <div  data-lazy=\"1\" class=\"module_column tb-column col-full tb_vzso496 first\">\n                    <!-- module buttons -->\n<div  class=\"module module-buttons tb_yf0y496 buttons-horizontal solid  \" data-lazy=\"1\">\n        <div class=\"module-buttons-item tf_in_flx\">\n                        <a href=\"https:\/\/delindenhoeve.nl\/fr\/boutique-hotel\/\" class=\"ui builder_button tf_in_flx tb_default_color\">\n                                                D\u00e9couvrez toutes nos chambres                                        <\/a>\n                <\/div>\n            <\/div>\n<!-- \/module buttons -->\n        <\/div>\n                        <\/div>\n        <\/div>\n        <\/div>\n<!--\/themify_builder_content-->","protected":false},"excerpt":{"rendered":"<p>Sup\u00e9rieure &#8211; Chambre 2<\/p>\n","protected":false},"author":1,"featured_media":0,"parent":0,"menu_order":22,"comment_status":"closed","ping_status":"closed","template":"","meta":{"footnotes":""},"class_list":["post-980","page","type-page","status-publish","hentry","has-post-title","has-post-date","has-post-category","has-post-tag","has-post-comment","has-post-author",""],"builder_content":"<h1>Sup\u00e9rieure - Chambre 2<\/h1>\n<p>D\u00e9tendez-vous dans cette chambre sup\u00e9rieure confortable et spacieuse. Cette chambre se caract\u00e9rise par des tons beiges doux, des d\u00e9tails authentiques tels que le plancher en bois et un charmant lit king-size. L\u00e0 encore, il y a de la place pour 3 adultes ou 2 adultes et 2 enfants. Profitez de la paix et de l'intimit\u00e9 tout en b\u00e9n\u00e9ficiant du confort n\u00e9cessaire.<\/p>\n<p>Caract\u00e9ristiques principales :<\/p> <ul> <li>Taille : 33 m\u00b2<\/li> <li>Confortable lit king-size<\/li> <li>T\u00e9l\u00e9vision intelligente avec barre de son Bose, minibar, climatisation, coffre-fort et WiFi<\/li> <li>Douche \u00e0 effet de pluie luxueuse<\/li> <li>Table \u00e0 \u00e9crire<\/li> <li>Espresso, th\u00e9 et eau gratuits<\/li> <li>Produits de bain de Rainpharma<\/li> <li>Peignoirs et pantoufles disponibles<\/li> <li>Coin salon<\/li> <li>Espace suppl\u00e9mentaire pour 1 adulte ou 2 enfants<\/li> <li>Un lit d'enfant suppl\u00e9mentaire peut \u00eatre plac\u00e9 sur demande<\/li> <\/ul>\n<a href=\"https:\/\/reservations.cubilis.eu\/9624?Language=fr-FR\" target=\"_blank\" rel=\"noopener\" id=\"verblijf\"> R\u00e9servez le meilleur prix pour cette chambre ici <\/a>\n[gallery ids=\"11993,1118,1115,2419,2422,2425\"]\n<a href=\"https:\/\/delindenhoeve.nl\/fr\/boutique-hotel\/\" > D\u00e9couvrez toutes nos chambres <\/a>","_links":{"self":[{"href":"https:\/\/delindenhoeve.nl\/fr\/wp-json\/wp\/v2\/pages\/980","targetHints":{"allow":["GET"]}}],"collection":[{"href":"https:\/\/delindenhoeve.nl\/fr\/wp-json\/wp\/v2\/pages"}],"about":[{"href":"https:\/\/delindenhoeve.nl\/fr\/wp-json\/wp\/v2\/types\/page"}],"author":[{"embeddable":true,"href":"https:\/\/delindenhoeve.nl\/fr\/wp-json\/wp\/v2\/users\/1"}],"replies":[{"embeddable":true,"href":"https:\/\/delindenhoeve.nl\/fr\/wp-json\/wp\/v2\/comments?post=980"}],"version-history":[{"count":12,"href":"https:\/\/delindenhoeve.nl\/fr\/wp-json\/wp\/v2\/pages\/980\/revisions"}],"predecessor-version":[{"id":12004,"href":"https:\/\/delindenhoeve.nl\/fr\/wp-json\/wp\/v2\/pages\/980\/revisions\/12004"}],"wp:attachment":[{"href":"https:\/\/delindenhoeve.nl\/fr\/wp-json\/wp\/v2\/media?parent=980"}],"curies":[{"name":"wp","href":"https:\/\/api.w.org\/{rel}","templated":true}]}}