{"id":979,"date":"2023-03-27T13:57:38","date_gmt":"2023-03-27T13:57:38","guid":{"rendered":"https:\/\/delindenhoeve.nl\/chambre-superieure-5\/"},"modified":"2025-05-02T11:50:09","modified_gmt":"2025-05-02T11:50:09","slug":"chambre-superieure-5","status":"publish","type":"page","link":"https:\/\/delindenhoeve.nl\/fr\/chambre-superieure-5\/","title":{"rendered":"Chambre sup\u00e9rieure 5"},"content":{"rendered":"<!--themify_builder_content-->\n<div id=\"themify_builder_content-979\" data-postid=\"979\" class=\"themify_builder_content themify_builder_content-979 themify_builder tf_clear\">\n                    <div  data-css_id=\"k8vb653\" data-lazy=\"1\" class=\"module_row themify_builder_row fullheight fullwidth tb_k8vb653 tb_first tf_w\">\n                        <div class=\"row_inner col_align_top tb_col_count_1 tf_box tf_rel\">\n                        <div  data-lazy=\"1\" class=\"module_column tb-column col-full tb_y793825 first\">\n                            <\/div>\n                        <\/div>\n        <\/div>\n                        <div  data-lazy=\"1\" class=\"module_row themify_builder_row tb_z2n1000 tf_w\">\n                        <div class=\"row_inner col_align_top tb_col_count_1 tf_box tf_rel\">\n                        <div  data-lazy=\"1\" class=\"module_column tb-column col-full tb_bszn078 first\">\n                    <!-- module text -->\n<div  class=\"module module-text tb_zrq9666   \" data-lazy=\"1\">\n        <div  class=\"tb_text_wrap\">\n        <h1>Sup\u00e9rieure &#8211; Chambre 5<\/h1>    <\/div>\n<\/div>\n<!-- \/module text -->        <\/div>\n                        <\/div>\n        <\/div>\n                        <div  data-lazy=\"1\" class=\"module_row themify_builder_row tb_argz634 tf_w\">\n                        <div class=\"row_inner col_align_top tb_col_count_2 tf_box tf_rel\">\n                        <div  data-lazy=\"1\" class=\"module_column tb-column col4-2 tb_04ap463 first\">\n                    <!-- module text -->\n<div  class=\"module module-text tb_sj0t060   \" data-lazy=\"1\">\n        <div  class=\"tb_text_wrap\">\n        <p>Cette chambre sup\u00e9rieure attire tous les regards dans notre h\u00f4tel-boutique ! Le papier peint lumineux donne ici un ton audacieux \u00e0 une atmosph\u00e8re pleine d&rsquo;entrain. Dans le coin salon s\u00e9par\u00e9, savourez une tasse de th\u00e9 ou un ap\u00e9ro dans la chambre. Les d\u00e9tails boho ajoutent une touche d&rsquo;exotisme \u00e0 cette chambre. Voulez-vous venir d\u00e9couvrir cette pi\u00e8ce par vous-m\u00eame ?<\/p>    <\/div>\n<\/div>\n<!-- \/module text -->        <\/div>\n                    <div  data-lazy=\"1\" class=\"module_column tb-column col4-2 tb_0dip786 last\">\n                    <!-- module text -->\n<div  class=\"module module-text tb_a1qa300   \" data-lazy=\"1\">\n        <div  class=\"tb_text_wrap\">\n        <p>Caract\u00e9ristiques principales :<\/p>\n<ul>\n<li>Taille : 33 m\u00b2<\/li>\n<li>Confortable lit king-size<\/li>\n<li>T\u00e9l\u00e9vision intelligente avec barre de son Bose, minibar, climatisation, coffre-fort et WiFi<\/li>\n<li>Douche \u00e0 effet de pluie luxueuse<\/li>\n<li>Table \u00e0 \u00e9crire<\/li>\n<li>Espresso, th\u00e9 et eau gratuits<\/li>\n<li>Produits de bain de Rainpharma<\/li>\n<li>Peignoirs et pantoufles disponibles<\/li>\n<li>Coin salon<\/li>\n<li>Espace suppl\u00e9mentaire pour 1 adulte ou 2 enfants<\/li>\n<li>Un lit d&rsquo;enfant suppl\u00e9mentaire peut \u00eatre plac\u00e9 sur demande<\/li>\n<\/ul>    <\/div>\n<\/div>\n<!-- \/module text -->        <\/div>\n                        <\/div>\n        <\/div>\n                        <div  data-lazy=\"1\" class=\"module_row themify_builder_row tb_7zvm732 tf_w\">\n                        <div class=\"row_inner col_align_top tb_col_count_1 tf_box tf_rel\">\n                        <div  data-lazy=\"1\" class=\"module_column tb-column col-full tb_t9o2732 first\">\n                    <!-- module buttons -->\n<div  class=\"module module-buttons tb_cpu2732 buttons-horizontal solid  \" data-lazy=\"1\">\n        <div class=\"module-buttons-item tf_in_flx\">\n                        <a href=\"https:\/\/reservations.cubilis.eu\/9624?Language=fr-FR\" class=\"ui builder_button tf_in_flx tb_default_color\" target=\"_blank\" rel=\"noopener\" id=\"verblijf\">\n                                                R\u00e9servez le meilleur prix pour cette chambre ici                                        <\/a>\n                <\/div>\n            <\/div>\n<!-- \/module buttons -->\n        <\/div>\n                        <\/div>\n        <\/div>\n                        <div  data-css_id=\"x4io230\" data-lazy=\"1\" class=\"module_row themify_builder_row fullwidth tb_x4io230 tf_w\">\n                        <div class=\"row_inner col_align_top tb_col_count_1 tf_box tf_rel\">\n                        <div  data-lazy=\"1\" class=\"module_column tb-column col-full tb_lwb4007 first\">\n                    <!-- module gallery -->\n<div  class=\"module gallery module-gallery tb_yilo820 layout-grid  \" data-lazy=\"1\">\n    <div class=\"module-gallery-grid\" style=\"--gald:3;--galt:3;--galm:3\">\n            <dl class=\"gallery-item\">\n            <dt class=\"gallery-icon\">\n            <a data-title=\"no\" title=\"\" href=\"https:\/\/delindenhoeve.nl\/wp-content\/uploads\/2023\/03\/Fotoniko_Lindenhoeve_20230309_27-k5.png\" data-rel=\"tb_yilo820\" class=\"themify_lightbox\"><img loading=\"lazy\" decoding=\"async\" width=\"2000\" height=\"1332\" src=\"https:\/\/delindenhoeve.nl\/wp-content\/uploads\/2023\/03\/Fotoniko_Lindenhoeve_20230309_27-k5.png\" class=\"wp-post-image wp-image-767\" title=\"Fotoniko_Lindenhoeve_20230309_27 k5\" alt=\"Fotoniko_Lindenhoeve_20230309_27 k5\" srcset=\"https:\/\/delindenhoeve.nl\/wp-content\/uploads\/2023\/03\/Fotoniko_Lindenhoeve_20230309_27-k5.png 2000w, https:\/\/delindenhoeve.nl\/wp-content\/uploads\/2023\/03\/Fotoniko_Lindenhoeve_20230309_27-k5-300x200.png 300w, https:\/\/delindenhoeve.nl\/wp-content\/uploads\/2023\/03\/Fotoniko_Lindenhoeve_20230309_27-k5-1024x682.png 1024w, https:\/\/delindenhoeve.nl\/wp-content\/uploads\/2023\/03\/Fotoniko_Lindenhoeve_20230309_27-k5-768x511.png 768w, https:\/\/delindenhoeve.nl\/wp-content\/uploads\/2023\/03\/Fotoniko_Lindenhoeve_20230309_27-k5-1536x1023.png 1536w\" sizes=\"auto, (max-width: 2000px) 100vw, 2000px\" \/><\/a>            <\/dt>\n                    <\/dl>\n            <dl class=\"gallery-item\">\n            <dt class=\"gallery-icon\">\n            <a data-title=\"no\" title=\"\" href=\"https:\/\/delindenhoeve.nl\/wp-content\/uploads\/2023\/07\/Bert-Demasure_De-Lindenhoeve-web098.jpg\" data-rel=\"tb_yilo820\" class=\"themify_lightbox\"><img loading=\"lazy\" decoding=\"async\" width=\"2048\" height=\"1365\" src=\"https:\/\/delindenhoeve.nl\/wp-content\/uploads\/2023\/07\/Bert-Demasure_De-Lindenhoeve-web098.jpg\" class=\"wp-post-image wp-image-1144\" title=\"Bert Demasure_De Lindenhoeve web098\" alt=\"Bert Demasure_De Lindenhoeve web098\" srcset=\"https:\/\/delindenhoeve.nl\/wp-content\/uploads\/2023\/07\/Bert-Demasure_De-Lindenhoeve-web098.jpg 2048w, https:\/\/delindenhoeve.nl\/wp-content\/uploads\/2023\/07\/Bert-Demasure_De-Lindenhoeve-web098-300x200.jpg 300w, https:\/\/delindenhoeve.nl\/wp-content\/uploads\/2023\/07\/Bert-Demasure_De-Lindenhoeve-web098-1024x683.jpg 1024w, https:\/\/delindenhoeve.nl\/wp-content\/uploads\/2023\/07\/Bert-Demasure_De-Lindenhoeve-web098-768x512.jpg 768w, https:\/\/delindenhoeve.nl\/wp-content\/uploads\/2023\/07\/Bert-Demasure_De-Lindenhoeve-web098-1536x1024.jpg 1536w\" sizes=\"auto, (max-width: 2048px) 100vw, 2048px\" \/><\/a>            <\/dt>\n                    <\/dl>\n            <dl class=\"gallery-item\">\n            <dt class=\"gallery-icon\">\n            <a data-title=\"no\" title=\"\" href=\"https:\/\/delindenhoeve.nl\/wp-content\/uploads\/2025\/04\/Bert-Demasure_De-Lindenhoeve-web020-1.jpg\" data-rel=\"tb_yilo820\" class=\"themify_lightbox\"><img loading=\"lazy\" decoding=\"async\" width=\"2048\" height=\"1365\" src=\"https:\/\/delindenhoeve.nl\/wp-content\/uploads\/2025\/04\/Bert-Demasure_De-Lindenhoeve-web020-1.jpg\" class=\"wp-post-image wp-image-11778\" title=\"Bert Demasure_De Lindenhoeve web020\" alt=\"Bert Demasure_De Lindenhoeve web020\" srcset=\"https:\/\/delindenhoeve.nl\/wp-content\/uploads\/2025\/04\/Bert-Demasure_De-Lindenhoeve-web020-1.jpg 2048w, https:\/\/delindenhoeve.nl\/wp-content\/uploads\/2025\/04\/Bert-Demasure_De-Lindenhoeve-web020-1-300x200.jpg 300w, https:\/\/delindenhoeve.nl\/wp-content\/uploads\/2025\/04\/Bert-Demasure_De-Lindenhoeve-web020-1-1024x683.jpg 1024w, https:\/\/delindenhoeve.nl\/wp-content\/uploads\/2025\/04\/Bert-Demasure_De-Lindenhoeve-web020-1-768x512.jpg 768w, https:\/\/delindenhoeve.nl\/wp-content\/uploads\/2025\/04\/Bert-Demasure_De-Lindenhoeve-web020-1-1536x1024.jpg 1536w\" sizes=\"auto, (max-width: 2048px) 100vw, 2048px\" \/><\/a>            <\/dt>\n                    <\/dl>\n            <dl class=\"gallery-item\">\n            <dt class=\"gallery-icon\">\n            <a data-title=\"no\" title=\"\" href=\"https:\/\/delindenhoeve.nl\/wp-content\/uploads\/2024\/08\/Bert-Demasure_De-Lindenhoeve-S2-web031.jpg\" data-rel=\"tb_yilo820\" class=\"themify_lightbox\"><img loading=\"lazy\" decoding=\"async\" width=\"2048\" height=\"1365\" src=\"https:\/\/delindenhoeve.nl\/wp-content\/uploads\/2024\/08\/Bert-Demasure_De-Lindenhoeve-S2-web031.jpg\" class=\"wp-post-image wp-image-2442\" title=\"Bert Demasure_De Lindenhoeve S2 web031\" alt=\"Bert Demasure_De Lindenhoeve S2 web031\" srcset=\"https:\/\/delindenhoeve.nl\/wp-content\/uploads\/2024\/08\/Bert-Demasure_De-Lindenhoeve-S2-web031.jpg 2048w, https:\/\/delindenhoeve.nl\/wp-content\/uploads\/2024\/08\/Bert-Demasure_De-Lindenhoeve-S2-web031-300x200.jpg 300w, https:\/\/delindenhoeve.nl\/wp-content\/uploads\/2024\/08\/Bert-Demasure_De-Lindenhoeve-S2-web031-1024x683.jpg 1024w, https:\/\/delindenhoeve.nl\/wp-content\/uploads\/2024\/08\/Bert-Demasure_De-Lindenhoeve-S2-web031-768x512.jpg 768w, https:\/\/delindenhoeve.nl\/wp-content\/uploads\/2024\/08\/Bert-Demasure_De-Lindenhoeve-S2-web031-1536x1024.jpg 1536w\" sizes=\"auto, (max-width: 2048px) 100vw, 2048px\" \/><\/a>            <\/dt>\n                    <\/dl>\n            <dl class=\"gallery-item\">\n            <dt class=\"gallery-icon\">\n            <a data-title=\"no\" title=\"\" href=\"https:\/\/delindenhoeve.nl\/wp-content\/uploads\/2025\/05\/4.png\" data-rel=\"tb_yilo820\" class=\"themify_lightbox\"><img loading=\"lazy\" decoding=\"async\" width=\"2048\" height=\"1365\" src=\"https:\/\/delindenhoeve.nl\/wp-content\/uploads\/2025\/05\/4.png\" class=\"wp-post-image wp-image-12025\" title=\"4\" alt=\"4\" srcset=\"https:\/\/delindenhoeve.nl\/wp-content\/uploads\/2025\/05\/4.png 2048w, https:\/\/delindenhoeve.nl\/wp-content\/uploads\/2025\/05\/4-300x200.png 300w, https:\/\/delindenhoeve.nl\/wp-content\/uploads\/2025\/05\/4-1024x683.png 1024w, https:\/\/delindenhoeve.nl\/wp-content\/uploads\/2025\/05\/4-768x512.png 768w, https:\/\/delindenhoeve.nl\/wp-content\/uploads\/2025\/05\/4-1536x1024.png 1536w\" sizes=\"auto, (max-width: 2048px) 100vw, 2048px\" \/><\/a>            <\/dt>\n                    <\/dl>\n            <dl class=\"gallery-item\">\n            <dt class=\"gallery-icon\">\n            <a data-title=\"no\" title=\"\" href=\"https:\/\/delindenhoeve.nl\/wp-content\/uploads\/2024\/08\/Bert-Demasure_De-Lindenhoeve-S2-web073.jpg\" data-rel=\"tb_yilo820\" class=\"themify_lightbox\"><img loading=\"lazy\" decoding=\"async\" width=\"2048\" height=\"1365\" src=\"https:\/\/delindenhoeve.nl\/wp-content\/uploads\/2024\/08\/Bert-Demasure_De-Lindenhoeve-S2-web073.jpg\" class=\"wp-post-image wp-image-2448\" title=\"Bert Demasure_De Lindenhoeve S2 web073\" alt=\"Bert Demasure_De Lindenhoeve S2 web073\" srcset=\"https:\/\/delindenhoeve.nl\/wp-content\/uploads\/2024\/08\/Bert-Demasure_De-Lindenhoeve-S2-web073.jpg 2048w, https:\/\/delindenhoeve.nl\/wp-content\/uploads\/2024\/08\/Bert-Demasure_De-Lindenhoeve-S2-web073-300x200.jpg 300w, https:\/\/delindenhoeve.nl\/wp-content\/uploads\/2024\/08\/Bert-Demasure_De-Lindenhoeve-S2-web073-1024x683.jpg 1024w, https:\/\/delindenhoeve.nl\/wp-content\/uploads\/2024\/08\/Bert-Demasure_De-Lindenhoeve-S2-web073-768x512.jpg 768w, https:\/\/delindenhoeve.nl\/wp-content\/uploads\/2024\/08\/Bert-Demasure_De-Lindenhoeve-S2-web073-1536x1024.jpg 1536w\" sizes=\"auto, (max-width: 2048px) 100vw, 2048px\" \/><\/a>            <\/dt>\n                    <\/dl>\n    <\/div>\n<\/div>\n<!-- \/module gallery -->        <\/div>\n                        <\/div>\n        <\/div>\n                        <div  data-lazy=\"1\" class=\"module_row themify_builder_row tb_upv2472 tf_w\">\n                        <div class=\"row_inner col_align_top tb_col_count_1 tf_box tf_rel\">\n                        <div  data-lazy=\"1\" class=\"module_column tb-column col-full tb_4guj472 first\">\n                    <!-- module buttons -->\n<div  class=\"module module-buttons tb_ozaa472 buttons-horizontal solid  \" data-lazy=\"1\">\n        <div class=\"module-buttons-item tf_in_flx\">\n                        <a href=\"https:\/\/delindenhoeve.nl\/fr\/boutique-hotel\/\" class=\"ui builder_button tf_in_flx tb_default_color\">\n                                                D\u00e9couvrez toutes nos chambres                                        <\/a>\n                <\/div>\n            <\/div>\n<!-- \/module buttons -->\n        <\/div>\n                        <\/div>\n        <\/div>\n        <\/div>\n<!--\/themify_builder_content-->","protected":false},"excerpt":{"rendered":"<p>Sup\u00e9rieure &#8211; Chambre 5<\/p>\n","protected":false},"author":1,"featured_media":0,"parent":0,"menu_order":23,"comment_status":"closed","ping_status":"closed","template":"","meta":{"footnotes":""},"class_list":["post-979","page","type-page","status-publish","hentry","has-post-title","has-post-date","has-post-category","has-post-tag","has-post-comment","has-post-author",""],"builder_content":"<h1>Sup\u00e9rieure - Chambre 5<\/h1>\n<p>Cette chambre sup\u00e9rieure attire tous les regards dans notre h\u00f4tel-boutique ! Le papier peint lumineux donne ici un ton audacieux \u00e0 une atmosph\u00e8re pleine d'entrain. Dans le coin salon s\u00e9par\u00e9, savourez une tasse de th\u00e9 ou un ap\u00e9ro dans la chambre. Les d\u00e9tails boho ajoutent une touche d'exotisme \u00e0 cette chambre. Voulez-vous venir d\u00e9couvrir cette pi\u00e8ce par vous-m\u00eame ?<\/p>\n<p>Caract\u00e9ristiques principales :<\/p> <ul> <li>Taille : 33 m\u00b2<\/li> <li>Confortable lit king-size<\/li> <li>T\u00e9l\u00e9vision intelligente avec barre de son Bose, minibar, climatisation, coffre-fort et WiFi<\/li> <li>Douche \u00e0 effet de pluie luxueuse<\/li> <li>Table \u00e0 \u00e9crire<\/li> <li>Espresso, th\u00e9 et eau gratuits<\/li> <li>Produits de bain de Rainpharma<\/li> <li>Peignoirs et pantoufles disponibles<\/li> <li>Coin salon<\/li> <li>Espace suppl\u00e9mentaire pour 1 adulte ou 2 enfants<\/li> <li>Un lit d'enfant suppl\u00e9mentaire peut \u00eatre plac\u00e9 sur demande<\/li> <\/ul>\n<a href=\"https:\/\/reservations.cubilis.eu\/9624?Language=fr-FR\" target=\"_blank\" rel=\"noopener\" id=\"verblijf\"> R\u00e9servez le meilleur prix pour cette chambre ici <\/a>\n[gallery ids=\"204,1142,11776,2440,12023,2446\"]\n<a href=\"https:\/\/delindenhoeve.nl\/fr\/boutique-hotel\/\" > D\u00e9couvrez toutes nos chambres <\/a>","_links":{"self":[{"href":"https:\/\/delindenhoeve.nl\/fr\/wp-json\/wp\/v2\/pages\/979","targetHints":{"allow":["GET"]}}],"collection":[{"href":"https:\/\/delindenhoeve.nl\/fr\/wp-json\/wp\/v2\/pages"}],"about":[{"href":"https:\/\/delindenhoeve.nl\/fr\/wp-json\/wp\/v2\/types\/page"}],"author":[{"embeddable":true,"href":"https:\/\/delindenhoeve.nl\/fr\/wp-json\/wp\/v2\/users\/1"}],"replies":[{"embeddable":true,"href":"https:\/\/delindenhoeve.nl\/fr\/wp-json\/wp\/v2\/comments?post=979"}],"version-history":[{"count":12,"href":"https:\/\/delindenhoeve.nl\/fr\/wp-json\/wp\/v2\/pages\/979\/revisions"}],"predecessor-version":[{"id":12031,"href":"https:\/\/delindenhoeve.nl\/fr\/wp-json\/wp\/v2\/pages\/979\/revisions\/12031"}],"wp:attachment":[{"href":"https:\/\/delindenhoeve.nl\/fr\/wp-json\/wp\/v2\/media?parent=979"}],"curies":[{"name":"wp","href":"https:\/\/api.w.org\/{rel}","templated":true}]}}