{"id":978,"date":"2023-03-27T14:16:26","date_gmt":"2023-03-27T14:16:26","guid":{"rendered":"https:\/\/delindenhoeve.nl\/the-lodge\/"},"modified":"2025-04-17T08:32:08","modified_gmt":"2025-04-17T08:32:08","slug":"the-lodge","status":"publish","type":"page","link":"https:\/\/delindenhoeve.nl\/fr\/the-lodge\/","title":{"rendered":"The Lodge"},"content":{"rendered":"<!--themify_builder_content-->\n<div id=\"themify_builder_content-978\" data-postid=\"978\" class=\"themify_builder_content themify_builder_content-978 themify_builder tf_clear\">\n                    <div  data-css_id=\"n0d0886\" data-lazy=\"1\" class=\"module_row themify_builder_row fullheight fullwidth tb_n0d0886 tb_first tf_w\">\n                        <div class=\"row_inner col_align_top tb_col_count_1 tf_box tf_rel\">\n                        <div  data-lazy=\"1\" class=\"module_column tb-column col-full tb_3lyx070 first\">\n                            <\/div>\n                        <\/div>\n        <\/div>\n                        <div  data-lazy=\"1\" class=\"module_row themify_builder_row tb_0u0v680 tf_w\">\n                        <div class=\"row_inner col_align_top tb_col_count_1 tf_box tf_rel\">\n                        <div  data-lazy=\"1\" class=\"module_column tb-column col-full tb_l6xz900 first\">\n                    <!-- module text -->\n<div  class=\"module module-text tb_2uqg890   \" data-lazy=\"1\">\n        <div  class=\"tb_text_wrap\">\n        <h1>The Lodge<\/h1>    <\/div>\n<\/div>\n<!-- \/module text -->        <\/div>\n                        <\/div>\n        <\/div>\n                        <div  data-lazy=\"1\" class=\"module_row themify_builder_row tb_y3ts666 tf_w\">\n                        <div class=\"row_inner col_align_top tb_col_count_2 tf_box tf_rel\">\n                        <div  data-lazy=\"1\" class=\"module_column tb-column col4-2 tb_g697270 first\">\n                    <!-- module text -->\n<div  class=\"module module-text tb_xls9662   \" data-lazy=\"1\">\n        <div  class=\"tb_text_wrap\">\n        <p>Pour que votre s\u00e9jour soit encore plus sp\u00e9cial ? Choisissez ensuite notre lodge pour plus d&rsquo;intimit\u00e9 et de tranquillit\u00e9. Luxueusement meubl\u00e9, il dispose d&rsquo;un coin caf\u00e9 et d&rsquo;un int\u00e9rieur plein d&rsquo;ambiance. En tant que couple ou famille de quatre personnes ? Le lodge est instantan\u00e9ment votre maison pour un certain temps.<\/p>    <\/div>\n<\/div>\n<!-- \/module text -->        <\/div>\n                    <div  data-lazy=\"1\" class=\"module_column tb-column col4-2 tb_7av0100 last\">\n                    <!-- module text -->\n<div  class=\"module module-text tb_7w3w286   \" data-lazy=\"1\">\n        <div  class=\"tb_text_wrap\">\n        <p>Caract\u00e9ristiques principales :<\/p>\n<ul>\n<li>Taille : 35 m\u00b2<\/li>\n<li>Chalet s\u00e9par\u00e9 dans le jardin de la cour<\/li>\n<li>Confortable lit king-size<\/li>\n<li>Smart TV, minibar, climatisation, coffre-fort et WiFi<\/li>\n<li>Douche \u00e0 effet de pluie luxueuse<\/li>\n<li>Table \u00e0 \u00e9crire<\/li>\n<li>Espresso, th\u00e9 et eau gratuits<\/li>\n<li>Produits de bain de Rainpharma<\/li>\n<li>Peignoirs et pantoufles disponibles<\/li>\n<li>Coin salon<\/li>\n<li>Espace suppl\u00e9mentaire pour 1 adulte ou 2 enfants<\/li>\n<li>Un lit d&rsquo;enfant suppl\u00e9mentaire peut \u00eatre plac\u00e9 sur demande<\/li>\n<\/ul>    <\/div>\n<\/div>\n<!-- \/module text -->        <\/div>\n                        <\/div>\n        <\/div>\n                        <div  data-lazy=\"1\" class=\"module_row themify_builder_row tb_ee71425 tf_w\">\n                        <div class=\"row_inner col_align_top tb_col_count_1 tf_box tf_rel\">\n                        <div  data-lazy=\"1\" class=\"module_column tb-column col-full tb_i1w7425 first\">\n                    <!-- module buttons -->\n<div  class=\"module module-buttons tb_lbn9425 buttons-horizontal solid  \" data-lazy=\"1\">\n        <div class=\"module-buttons-item tf_in_flx\">\n                        <a href=\"https:\/\/reservations.cubilis.eu\/9624?Language=fr-FR\" class=\"ui builder_button tf_in_flx tb_default_color\" target=\"_blank\" rel=\"noopener\" id=\"verblijf\">\n                                                R\u00e9servez le g\u00eete ici                                        <\/a>\n                <\/div>\n            <\/div>\n<!-- \/module buttons -->\n        <\/div>\n                        <\/div>\n        <\/div>\n                        <div  data-css_id=\"vvl2288\" data-lazy=\"1\" class=\"module_row themify_builder_row fullwidth tb_vvl2288 tf_w\">\n                        <div class=\"row_inner col_align_top tb_col_count_1 tf_box tf_rel\">\n                        <div  data-lazy=\"1\" class=\"module_column tb-column col-full tb_9aix803 first\">\n                    <!-- module gallery -->\n<div  class=\"module gallery module-gallery tb_u7ls006 layout-grid  \" data-lazy=\"1\">\n    <div class=\"module-gallery-grid\" style=\"--gald:3;--galt:3;--galm:3\">\n            <dl class=\"gallery-item\">\n            <dt class=\"gallery-icon\">\n            <a data-title=\"no\" title=\"\" href=\"https:\/\/delindenhoeve.nl\/wp-content\/uploads\/2023\/03\/Badkamer.jpg\" data-rel=\"tb_u7ls006\" class=\"themify_lightbox\"><img loading=\"lazy\" decoding=\"async\" width=\"1024\" height=\"683\" src=\"https:\/\/delindenhoeve.nl\/wp-content\/uploads\/2023\/03\/Badkamer.jpg\" class=\"wp-post-image wp-image-795\" title=\"Badkamer\" alt=\"Badkamer\" srcset=\"https:\/\/delindenhoeve.nl\/wp-content\/uploads\/2023\/03\/Badkamer.jpg 1024w, https:\/\/delindenhoeve.nl\/wp-content\/uploads\/2023\/03\/Badkamer-300x200.jpg 300w, https:\/\/delindenhoeve.nl\/wp-content\/uploads\/2023\/03\/Badkamer-768x512.jpg 768w\" sizes=\"auto, (max-width: 1024px) 100vw, 1024px\" \/><\/a>            <\/dt>\n                    <\/dl>\n            <dl class=\"gallery-item\">\n            <dt class=\"gallery-icon\">\n            <a data-title=\"no\" title=\"\" href=\"https:\/\/delindenhoeve.nl\/wp-content\/uploads\/2023\/04\/image004.png\" data-rel=\"tb_u7ls006\" class=\"themify_lightbox\"><img loading=\"lazy\" decoding=\"async\" width=\"699\" height=\"481\" src=\"https:\/\/delindenhoeve.nl\/wp-content\/uploads\/2023\/04\/image004.png\" class=\"wp-post-image wp-image-885\" title=\"image004\" alt=\"image004\" srcset=\"https:\/\/delindenhoeve.nl\/wp-content\/uploads\/2023\/04\/image004.png 699w, https:\/\/delindenhoeve.nl\/wp-content\/uploads\/2023\/04\/image004-300x206.png 300w\" sizes=\"auto, (max-width: 699px) 100vw, 699px\" \/><\/a>            <\/dt>\n                    <\/dl>\n            <dl class=\"gallery-item\">\n            <dt class=\"gallery-icon\">\n            <a data-title=\"no\" title=\"\" href=\"https:\/\/delindenhoeve.nl\/wp-content\/uploads\/2023\/03\/De-Lodge.jpg\" data-rel=\"tb_u7ls006\" class=\"themify_lightbox\"><img loading=\"lazy\" decoding=\"async\" width=\"1024\" height=\"684\" src=\"https:\/\/delindenhoeve.nl\/wp-content\/uploads\/2023\/03\/De-Lodge.jpg\" class=\"wp-post-image wp-image-793\" title=\"De Lodge\" alt=\"De Lodge\" srcset=\"https:\/\/delindenhoeve.nl\/wp-content\/uploads\/2023\/03\/De-Lodge.jpg 1024w, https:\/\/delindenhoeve.nl\/wp-content\/uploads\/2023\/03\/De-Lodge-300x200.jpg 300w, https:\/\/delindenhoeve.nl\/wp-content\/uploads\/2023\/03\/De-Lodge-768x513.jpg 768w\" sizes=\"auto, (max-width: 1024px) 100vw, 1024px\" \/><\/a>            <\/dt>\n                    <\/dl>\n    <\/div>\n<\/div>\n<!-- \/module gallery -->        <\/div>\n                        <\/div>\n        <\/div>\n                        <div  data-lazy=\"1\" class=\"module_row themify_builder_row tb_t9fr400 tf_w\">\n                        <div class=\"row_inner col_align_top tb_col_count_1 tf_box tf_rel\">\n                        <div  data-lazy=\"1\" class=\"module_column tb-column col-full tb_bmix052 first\">\n                    <!-- module buttons -->\n<div  class=\"module module-buttons tb_q4ep020 buttons-horizontal solid  \" data-lazy=\"1\">\n        <div class=\"module-buttons-item tf_in_flx\">\n                        <a href=\"https:\/\/delindenhoeve.nl\/fr\/boutique-hotel\/\" class=\"ui builder_button tf_in_flx tb_default_color\">\n                                                D\u00e9couvrez toutes nos chambres                                        <\/a>\n                <\/div>\n            <\/div>\n<!-- \/module buttons -->\n        <\/div>\n                        <\/div>\n        <\/div>\n        <\/div>\n<!--\/themify_builder_content-->","protected":false},"excerpt":{"rendered":"<p>The Lodge<\/p>\n","protected":false},"author":1,"featured_media":0,"parent":0,"menu_order":70,"comment_status":"closed","ping_status":"closed","template":"","meta":{"footnotes":""},"class_list":["post-978","page","type-page","status-publish","hentry","has-post-title","has-post-date","has-post-category","has-post-tag","has-post-comment","has-post-author",""],"builder_content":"<h1>The Lodge<\/h1>\n<p>Pour que votre s\u00e9jour soit encore plus sp\u00e9cial ? Choisissez ensuite notre lodge pour plus d'intimit\u00e9 et de tranquillit\u00e9. Luxueusement meubl\u00e9, il dispose d'un coin caf\u00e9 et d'un int\u00e9rieur plein d'ambiance. En tant que couple ou famille de quatre personnes ? Le lodge est instantan\u00e9ment votre maison pour un certain temps.<\/p>\n<p>Caract\u00e9ristiques principales :<\/p> <ul> <li>Taille : 35 m\u00b2<\/li> <li>Chalet s\u00e9par\u00e9 dans le jardin de la cour<\/li> <li>Confortable lit king-size<\/li> <li>Smart TV, minibar, climatisation, coffre-fort et WiFi<\/li> <li>Douche \u00e0 effet de pluie luxueuse<\/li> <li>Table \u00e0 \u00e9crire<\/li> <li>Espresso, th\u00e9 et eau gratuits<\/li> <li>Produits de bain de Rainpharma<\/li> <li>Peignoirs et pantoufles disponibles<\/li> <li>Coin salon<\/li> <li>Espace suppl\u00e9mentaire pour 1 adulte ou 2 enfants<\/li> <li>Un lit d'enfant suppl\u00e9mentaire peut \u00eatre plac\u00e9 sur demande<\/li> <\/ul>\n<a href=\"https:\/\/reservations.cubilis.eu\/9624?Language=fr-FR\" target=\"_blank\" rel=\"noopener\" id=\"verblijf\"> R\u00e9servez le g\u00eete ici <\/a>\n[gallery ids=\"253,535,252\"]\n<a href=\"https:\/\/delindenhoeve.nl\/fr\/boutique-hotel\/\" > D\u00e9couvrez toutes nos chambres <\/a>","_links":{"self":[{"href":"https:\/\/delindenhoeve.nl\/fr\/wp-json\/wp\/v2\/pages\/978","targetHints":{"allow":["GET"]}}],"collection":[{"href":"https:\/\/delindenhoeve.nl\/fr\/wp-json\/wp\/v2\/pages"}],"about":[{"href":"https:\/\/delindenhoeve.nl\/fr\/wp-json\/wp\/v2\/types\/page"}],"author":[{"embeddable":true,"href":"https:\/\/delindenhoeve.nl\/fr\/wp-json\/wp\/v2\/users\/1"}],"replies":[{"embeddable":true,"href":"https:\/\/delindenhoeve.nl\/fr\/wp-json\/wp\/v2\/comments?post=978"}],"version-history":[{"count":7,"href":"https:\/\/delindenhoeve.nl\/fr\/wp-json\/wp\/v2\/pages\/978\/revisions"}],"predecessor-version":[{"id":11861,"href":"https:\/\/delindenhoeve.nl\/fr\/wp-json\/wp\/v2\/pages\/978\/revisions\/11861"}],"wp:attachment":[{"href":"https:\/\/delindenhoeve.nl\/fr\/wp-json\/wp\/v2\/media?parent=978"}],"curies":[{"name":"wp","href":"https:\/\/api.w.org\/{rel}","templated":true}]}}