{"id":968,"date":"2023-03-27T13:49:39","date_gmt":"2023-03-27T13:49:39","guid":{"rendered":"https:\/\/delindenhoeve.nl\/chambre-standard-3\/"},"modified":"2025-05-02T11:45:49","modified_gmt":"2025-05-02T11:45:49","slug":"chambre-standard-3","status":"publish","type":"page","link":"https:\/\/delindenhoeve.nl\/fr\/chambre-standard-3\/","title":{"rendered":"Chambre standard 3"},"content":{"rendered":"<!--themify_builder_content-->\n<div id=\"themify_builder_content-968\" data-postid=\"968\" class=\"themify_builder_content themify_builder_content-968 themify_builder tf_clear\">\n                    <div  data-css_id=\"n4de977\" data-lazy=\"1\" class=\"module_row themify_builder_row fullheight fullwidth tb_n4de977 tb_first tf_w\">\n                        <div class=\"row_inner col_align_top tb_col_count_1 tf_box tf_rel\">\n                        <div  data-lazy=\"1\" class=\"module_column tb-column col-full tb_mw1v070 first\">\n                            <\/div>\n                        <\/div>\n        <\/div>\n                        <div  data-lazy=\"1\" class=\"module_row themify_builder_row tb_vp0k330 tf_w\">\n                        <div class=\"row_inner col_align_top tb_col_count_1 tf_box tf_rel\">\n                        <div  data-lazy=\"1\" class=\"module_column tb-column col-full tb_9imo443 first\">\n                    <!-- module text -->\n<div  class=\"module module-text tb_e42r905   \" data-lazy=\"1\">\n        <div  class=\"tb_text_wrap\">\n        <h1>Standard &#8211; Chambre 3<\/h1>    <\/div>\n<\/div>\n<!-- \/module text -->        <\/div>\n                        <\/div>\n        <\/div>\n                        <div  data-lazy=\"1\" class=\"module_row themify_builder_row tb_gi8t023 tf_w\">\n                        <div class=\"row_inner col_align_top tb_col_count_2 tf_box tf_rel\">\n                        <div  data-lazy=\"1\" class=\"module_column tb-column col4-2 tb_z99l238 first\">\n                    <!-- module text -->\n<div  class=\"module module-text tb_9mp8907   \" data-lazy=\"1\">\n        <div  class=\"tb_text_wrap\">\n        <p>Juste ce qu&rsquo;il faut ! Notre chambre standard est d\u00e9cor\u00e9e avec des couleurs et des \u00e9l\u00e9ments doux. La salle de bains s\u00e9par\u00e9e est \u00e9quip\u00e9e d&rsquo;une douche \u00e0 effet de pluie. Id\u00e9al pour se d\u00e9tendre apr\u00e8s une journ\u00e9e agr\u00e9able \u00e0 Sluis.<\/p>    <\/div>\n<\/div>\n<!-- \/module text -->        <\/div>\n                    <div  data-lazy=\"1\" class=\"module_column tb-column col4-2 tb_dmrh377 last\">\n                    <!-- module text -->\n<div  class=\"module module-text tb_5hkc371   \" data-lazy=\"1\">\n        <div  class=\"tb_text_wrap\">\n        <p>Caract\u00e9ristiques principales :<\/p>\n<ul>\n<li>Taille : 26 m\u00b2<\/li>\n<li>Confortable lit king-size<\/li>\n<li>T\u00e9l\u00e9vision intelligente avec barre de son Bose, minibar, climatisation, coffre-fort et WiFi<\/li>\n<li>Douche \u00e0 effet de pluie luxueuse<\/li>\n<li>Table \u00e0 \u00e9crire<\/li>\n<li>Espresso, th\u00e9 et eau gratuits<\/li>\n<li>Produits de bain de Rainpharma<\/li>\n<li>Peignoirs et pantoufles disponibles<\/li>\n<li>Coin salon<\/li>\n<li>Un lit d&rsquo;enfant suppl\u00e9mentaire peut \u00eatre plac\u00e9 sur demande<\/li>\n<\/ul>    <\/div>\n<\/div>\n<!-- \/module text -->        <\/div>\n                        <\/div>\n        <\/div>\n                        <div  data-lazy=\"1\" class=\"module_row themify_builder_row tb_bpds573 tf_w\">\n                        <div class=\"row_inner col_align_top tb_col_count_1 tf_box tf_rel\">\n                        <div  data-lazy=\"1\" class=\"module_column tb-column col-full tb_2v3x573 first\">\n                    <!-- module buttons -->\n<div  class=\"module module-buttons tb_vl0g573 buttons-horizontal solid  \" data-lazy=\"1\">\n        <div class=\"module-buttons-item tf_in_flx\">\n                        <a href=\"https:\/\/reservations.cubilis.eu\/9624?Language=fr-FR\" class=\"ui builder_button tf_in_flx tb_default_color\" target=\"_blank\" rel=\"noopener\" id=\"verblijf\">\n                                                R\u00e9servez le meilleur prix pour cette chambre ici                                        <\/a>\n                <\/div>\n            <\/div>\n<!-- \/module buttons -->\n        <\/div>\n                        <\/div>\n        <\/div>\n                        <div  data-css_id=\"k90a017\" data-lazy=\"1\" class=\"module_row themify_builder_row fullwidth tb_k90a017 tf_w\">\n                        <div class=\"row_inner col_align_top tb_col_count_1 tf_box tf_rel\">\n                        <div  data-lazy=\"1\" class=\"module_column tb-column col-full tb_np6m077 first\">\n                    <!-- module gallery -->\n<div  class=\"module gallery module-gallery tb_mexq333 layout-grid  \" data-lazy=\"1\">\n    <div class=\"module-gallery-grid\" style=\"--gald:3;--galt:3;--galm:3\">\n            <dl class=\"gallery-item\">\n            <dt class=\"gallery-icon\">\n            <a data-title=\"no\" title=\"\" href=\"https:\/\/delindenhoeve.nl\/wp-content\/uploads\/2023\/03\/Fotoniko_Lindenhoeve_20230309_24-k3.png\" data-rel=\"tb_mexq333\" class=\"themify_lightbox\"><img loading=\"lazy\" decoding=\"async\" width=\"2000\" height=\"1332\" src=\"https:\/\/delindenhoeve.nl\/wp-content\/uploads\/2023\/03\/Fotoniko_Lindenhoeve_20230309_24-k3.png\" class=\"wp-post-image wp-image-753\" title=\"Fotoniko_Lindenhoeve_20230309_24 k3\" alt=\"Fotoniko_Lindenhoeve_20230309_24 k3\" srcset=\"https:\/\/delindenhoeve.nl\/wp-content\/uploads\/2023\/03\/Fotoniko_Lindenhoeve_20230309_24-k3.png 2000w, https:\/\/delindenhoeve.nl\/wp-content\/uploads\/2023\/03\/Fotoniko_Lindenhoeve_20230309_24-k3-300x200.png 300w, https:\/\/delindenhoeve.nl\/wp-content\/uploads\/2023\/03\/Fotoniko_Lindenhoeve_20230309_24-k3-1024x682.png 1024w, https:\/\/delindenhoeve.nl\/wp-content\/uploads\/2023\/03\/Fotoniko_Lindenhoeve_20230309_24-k3-768x511.png 768w, https:\/\/delindenhoeve.nl\/wp-content\/uploads\/2023\/03\/Fotoniko_Lindenhoeve_20230309_24-k3-1536x1023.png 1536w\" sizes=\"auto, (max-width: 2000px) 100vw, 2000px\" \/><\/a>            <\/dt>\n                    <\/dl>\n            <dl class=\"gallery-item\">\n            <dt class=\"gallery-icon\">\n            <a data-title=\"no\" title=\"\" href=\"https:\/\/delindenhoeve.nl\/wp-content\/uploads\/2025\/05\/5.png\" data-rel=\"tb_mexq333\" class=\"themify_lightbox\"><img loading=\"lazy\" decoding=\"async\" width=\"2048\" height=\"1365\" src=\"https:\/\/delindenhoeve.nl\/wp-content\/uploads\/2025\/05\/5.png\" class=\"wp-post-image wp-image-12007\" title=\"5\" alt=\"5\" srcset=\"https:\/\/delindenhoeve.nl\/wp-content\/uploads\/2025\/05\/5.png 2048w, https:\/\/delindenhoeve.nl\/wp-content\/uploads\/2025\/05\/5-300x200.png 300w, https:\/\/delindenhoeve.nl\/wp-content\/uploads\/2025\/05\/5-1024x683.png 1024w, https:\/\/delindenhoeve.nl\/wp-content\/uploads\/2025\/05\/5-768x512.png 768w, https:\/\/delindenhoeve.nl\/wp-content\/uploads\/2025\/05\/5-1536x1024.png 1536w\" sizes=\"auto, (max-width: 2048px) 100vw, 2048px\" \/><\/a>            <\/dt>\n                    <\/dl>\n            <dl class=\"gallery-item\">\n            <dt class=\"gallery-icon\">\n            <a data-title=\"no\" title=\"\" href=\"https:\/\/delindenhoeve.nl\/wp-content\/uploads\/2023\/03\/Fotoniko_Lindenhoeve_20230309_32-k3.png\" data-rel=\"tb_mexq333\" class=\"themify_lightbox\"><img loading=\"lazy\" decoding=\"async\" width=\"2000\" height=\"1332\" src=\"https:\/\/delindenhoeve.nl\/wp-content\/uploads\/2023\/03\/Fotoniko_Lindenhoeve_20230309_32-k3.png\" class=\"wp-post-image wp-image-749\" title=\"Fotoniko_Lindenhoeve_20230309_32 k3\" alt=\"Fotoniko_Lindenhoeve_20230309_32 k3\" srcset=\"https:\/\/delindenhoeve.nl\/wp-content\/uploads\/2023\/03\/Fotoniko_Lindenhoeve_20230309_32-k3.png 2000w, https:\/\/delindenhoeve.nl\/wp-content\/uploads\/2023\/03\/Fotoniko_Lindenhoeve_20230309_32-k3-300x200.png 300w, https:\/\/delindenhoeve.nl\/wp-content\/uploads\/2023\/03\/Fotoniko_Lindenhoeve_20230309_32-k3-1024x682.png 1024w, https:\/\/delindenhoeve.nl\/wp-content\/uploads\/2023\/03\/Fotoniko_Lindenhoeve_20230309_32-k3-768x511.png 768w, https:\/\/delindenhoeve.nl\/wp-content\/uploads\/2023\/03\/Fotoniko_Lindenhoeve_20230309_32-k3-1536x1023.png 1536w\" sizes=\"auto, (max-width: 2000px) 100vw, 2000px\" \/><\/a>            <\/dt>\n                    <\/dl>\n            <dl class=\"gallery-item\">\n            <dt class=\"gallery-icon\">\n            <a data-title=\"no\" title=\"\" href=\"https:\/\/delindenhoeve.nl\/wp-content\/uploads\/2023\/09\/op-uitstap.jpg\" data-rel=\"tb_mexq333\" class=\"themify_lightbox\"><img loading=\"lazy\" decoding=\"async\" width=\"2048\" height=\"1365\" src=\"https:\/\/delindenhoeve.nl\/wp-content\/uploads\/2023\/09\/op-uitstap.jpg\" class=\"wp-post-image wp-image-1298\" title=\"op uitstap\" alt=\"op uitstap\" srcset=\"https:\/\/delindenhoeve.nl\/wp-content\/uploads\/2023\/09\/op-uitstap.jpg 2048w, https:\/\/delindenhoeve.nl\/wp-content\/uploads\/2023\/09\/op-uitstap-300x200.jpg 300w, https:\/\/delindenhoeve.nl\/wp-content\/uploads\/2023\/09\/op-uitstap-1024x683.jpg 1024w, https:\/\/delindenhoeve.nl\/wp-content\/uploads\/2023\/09\/op-uitstap-768x512.jpg 768w, https:\/\/delindenhoeve.nl\/wp-content\/uploads\/2023\/09\/op-uitstap-1536x1024.jpg 1536w\" sizes=\"auto, (max-width: 2048px) 100vw, 2048px\" \/><\/a>            <\/dt>\n                    <\/dl>\n            <dl class=\"gallery-item\">\n            <dt class=\"gallery-icon\">\n            <a data-title=\"no\" title=\"\" href=\"https:\/\/delindenhoeve.nl\/wp-content\/uploads\/2024\/08\/Bert-Demasure_De-Lindenhoeve-S2-web044.jpg\" data-rel=\"tb_mexq333\" class=\"themify_lightbox\"><img loading=\"lazy\" decoding=\"async\" width=\"2048\" height=\"1365\" src=\"https:\/\/delindenhoeve.nl\/wp-content\/uploads\/2024\/08\/Bert-Demasure_De-Lindenhoeve-S2-web044.jpg\" class=\"wp-post-image wp-image-2432\" title=\"Bert Demasure_De Lindenhoeve S2 web044\" alt=\"Bert Demasure_De Lindenhoeve S2 web044\" srcset=\"https:\/\/delindenhoeve.nl\/wp-content\/uploads\/2024\/08\/Bert-Demasure_De-Lindenhoeve-S2-web044.jpg 2048w, https:\/\/delindenhoeve.nl\/wp-content\/uploads\/2024\/08\/Bert-Demasure_De-Lindenhoeve-S2-web044-300x200.jpg 300w, https:\/\/delindenhoeve.nl\/wp-content\/uploads\/2024\/08\/Bert-Demasure_De-Lindenhoeve-S2-web044-1024x683.jpg 1024w, https:\/\/delindenhoeve.nl\/wp-content\/uploads\/2024\/08\/Bert-Demasure_De-Lindenhoeve-S2-web044-768x512.jpg 768w, https:\/\/delindenhoeve.nl\/wp-content\/uploads\/2024\/08\/Bert-Demasure_De-Lindenhoeve-S2-web044-1536x1024.jpg 1536w\" sizes=\"auto, (max-width: 2048px) 100vw, 2048px\" \/><\/a>            <\/dt>\n                    <\/dl>\n            <dl class=\"gallery-item\">\n            <dt class=\"gallery-icon\">\n            <a data-title=\"no\" title=\"\" href=\"https:\/\/delindenhoeve.nl\/wp-content\/uploads\/2024\/08\/Bert-Demasure_De-Lindenhoeve-S2-web016.jpg\" data-rel=\"tb_mexq333\" class=\"themify_lightbox\"><img loading=\"lazy\" decoding=\"async\" width=\"2048\" height=\"1365\" src=\"https:\/\/delindenhoeve.nl\/wp-content\/uploads\/2024\/08\/Bert-Demasure_De-Lindenhoeve-S2-web016.jpg\" class=\"wp-post-image wp-image-2435\" title=\"Bert Demasure_De Lindenhoeve S2 web016\" alt=\"Bert Demasure_De Lindenhoeve S2 web016\" srcset=\"https:\/\/delindenhoeve.nl\/wp-content\/uploads\/2024\/08\/Bert-Demasure_De-Lindenhoeve-S2-web016.jpg 2048w, https:\/\/delindenhoeve.nl\/wp-content\/uploads\/2024\/08\/Bert-Demasure_De-Lindenhoeve-S2-web016-300x200.jpg 300w, https:\/\/delindenhoeve.nl\/wp-content\/uploads\/2024\/08\/Bert-Demasure_De-Lindenhoeve-S2-web016-1024x683.jpg 1024w, https:\/\/delindenhoeve.nl\/wp-content\/uploads\/2024\/08\/Bert-Demasure_De-Lindenhoeve-S2-web016-768x512.jpg 768w, https:\/\/delindenhoeve.nl\/wp-content\/uploads\/2024\/08\/Bert-Demasure_De-Lindenhoeve-S2-web016-1536x1024.jpg 1536w\" sizes=\"auto, (max-width: 2048px) 100vw, 2048px\" \/><\/a>            <\/dt>\n                    <\/dl>\n    <\/div>\n<\/div>\n<!-- \/module gallery -->        <\/div>\n                        <\/div>\n        <\/div>\n                        <div  data-lazy=\"1\" class=\"module_row themify_builder_row tb_xqmt556 tf_w\">\n                        <div class=\"row_inner col_align_top tb_col_count_1 tf_box tf_rel\">\n                        <div  data-lazy=\"1\" class=\"module_column tb-column col-full tb_d6ho003 first\">\n                    <!-- module buttons -->\n<div  class=\"module module-buttons tb_4xzh588 buttons-horizontal solid  \" data-lazy=\"1\">\n        <div class=\"module-buttons-item tf_in_flx\">\n                        <a href=\"https:\/\/delindenhoeve.nl\/fr\/boutique-hotel\/\" class=\"ui builder_button tf_in_flx tb_default_color\">\n                                                D\u00e9couvrez toutes nos chambres                                        <\/a>\n                <\/div>\n            <\/div>\n<!-- \/module buttons -->\n        <\/div>\n                        <\/div>\n        <\/div>\n        <\/div>\n<!--\/themify_builder_content-->","protected":false},"excerpt":{"rendered":"<p>Standard &#8211; Chambre 3<\/p>\n","protected":false},"author":1,"featured_media":0,"parent":0,"menu_order":20,"comment_status":"closed","ping_status":"closed","template":"","meta":{"footnotes":""},"class_list":["post-968","page","type-page","status-publish","hentry","has-post-title","has-post-date","has-post-category","has-post-tag","has-post-comment","has-post-author",""],"builder_content":"<h1>Standard - Chambre 3<\/h1>\n<p>Juste ce qu'il faut ! Notre chambre standard est d\u00e9cor\u00e9e avec des couleurs et des \u00e9l\u00e9ments doux. La salle de bains s\u00e9par\u00e9e est \u00e9quip\u00e9e d'une douche \u00e0 effet de pluie. Id\u00e9al pour se d\u00e9tendre apr\u00e8s une journ\u00e9e agr\u00e9able \u00e0 Sluis.<\/p>\n<p>Caract\u00e9ristiques principales :<\/p> <ul> <li>Taille : 26 m\u00b2<\/li> <li>Confortable lit king-size<\/li> <li>T\u00e9l\u00e9vision intelligente avec barre de son Bose, minibar, climatisation, coffre-fort et WiFi<\/li> <li>Douche \u00e0 effet de pluie luxueuse<\/li> <li>Table \u00e0 \u00e9crire<\/li> <li>Espresso, th\u00e9 et eau gratuits<\/li> <li>Produits de bain de Rainpharma<\/li> <li>Peignoirs et pantoufles disponibles<\/li> <li>Coin salon<\/li> <li>Un lit d'enfant suppl\u00e9mentaire peut \u00eatre plac\u00e9 sur demande<\/li> <\/ul>\n<a href=\"https:\/\/reservations.cubilis.eu\/9624?Language=fr-FR\" target=\"_blank\" rel=\"noopener\" id=\"verblijf\"> R\u00e9servez le meilleur prix pour cette chambre ici <\/a>\n[gallery ids=\"179,12005,177,1296,2430,2433\"]\n<a href=\"https:\/\/delindenhoeve.nl\/fr\/boutique-hotel\/\" > D\u00e9couvrez toutes nos chambres <\/a>","_links":{"self":[{"href":"https:\/\/delindenhoeve.nl\/fr\/wp-json\/wp\/v2\/pages\/968","targetHints":{"allow":["GET"]}}],"collection":[{"href":"https:\/\/delindenhoeve.nl\/fr\/wp-json\/wp\/v2\/pages"}],"about":[{"href":"https:\/\/delindenhoeve.nl\/fr\/wp-json\/wp\/v2\/types\/page"}],"author":[{"embeddable":true,"href":"https:\/\/delindenhoeve.nl\/fr\/wp-json\/wp\/v2\/users\/1"}],"replies":[{"embeddable":true,"href":"https:\/\/delindenhoeve.nl\/fr\/wp-json\/wp\/v2\/comments?post=968"}],"version-history":[{"count":13,"href":"https:\/\/delindenhoeve.nl\/fr\/wp-json\/wp\/v2\/pages\/968\/revisions"}],"predecessor-version":[{"id":12013,"href":"https:\/\/delindenhoeve.nl\/fr\/wp-json\/wp\/v2\/pages\/968\/revisions\/12013"}],"wp:attachment":[{"href":"https:\/\/delindenhoeve.nl\/fr\/wp-json\/wp\/v2\/media?parent=968"}],"curies":[{"name":"wp","href":"https:\/\/api.w.org\/{rel}","templated":true}]}}