{"id":967,"date":"2023-03-27T14:01:55","date_gmt":"2023-03-27T14:01:55","guid":{"rendered":"https:\/\/delindenhoeve.nl\/chambre-de-luxe-chambre-6\/"},"modified":"2025-04-17T11:22:49","modified_gmt":"2025-04-17T11:22:49","slug":"chambre-de-luxe-chambre-6","status":"publish","type":"page","link":"https:\/\/delindenhoeve.nl\/fr\/chambre-de-luxe-chambre-6\/","title":{"rendered":"Chambre de luxe &#8211; Chambre 6"},"content":{"rendered":"<!--themify_builder_content-->\n<div id=\"themify_builder_content-967\" data-postid=\"967\" class=\"themify_builder_content themify_builder_content-967 themify_builder tf_clear\">\n                    <div  data-css_id=\"5dfh642\" data-lazy=\"1\" class=\"module_row themify_builder_row fullheight fullwidth tb_5dfh642 tb_first tf_w\">\n                        <div class=\"row_inner col_align_top tb_col_count_1 tf_box tf_rel\">\n                        <div  data-lazy=\"1\" class=\"module_column tb-column col-full tb_yc2f034 first\">\n                            <\/div>\n                        <\/div>\n        <\/div>\n                        <div  data-lazy=\"1\" class=\"module_row themify_builder_row tb_xb2e040 tf_w\">\n                        <div class=\"row_inner col_align_top tb_col_count_1 tf_box tf_rel\">\n                        <div  data-lazy=\"1\" class=\"module_column tb-column col-full tb_rba3243 first\">\n                    <!-- module text -->\n<div  class=\"module module-text tb_74g2043   \" data-lazy=\"1\">\n        <div  class=\"tb_text_wrap\">\n        <h1>Chambre de luxe &#8211; Chambre 6<\/h1>    <\/div>\n<\/div>\n<!-- \/module text -->        <\/div>\n                        <\/div>\n        <\/div>\n                        <div  data-lazy=\"1\" class=\"module_row themify_builder_row tb_wxtl843 tf_w\">\n                        <div class=\"row_inner col_align_top tb_col_count_2 tf_box tf_rel\">\n                        <div  data-lazy=\"1\" class=\"module_column tb-column col4-2 tb_tobg404 first\">\n                    <!-- module text -->\n<div  class=\"module module-text tb_efjv344   \" data-lazy=\"1\">\n        <div  class=\"tb_text_wrap\">\n        <p>Le luxe dans les moindres d\u00e9tails ! C&rsquo;est ce qui se d\u00e9gage de cette belle pi\u00e8ce. Les tons roses sur les murs et le papier peint cr\u00e9ent une atmosph\u00e8re chaleureuse et un sentiment d&rsquo;intimit\u00e9. Depuis le coin salon priv\u00e9, vous acc\u00e9dez \u00e0 la spacieuse terrasse priv\u00e9e o\u00f9 il fait bon profiter des journ\u00e9es ensoleill\u00e9es.<\/p>    <\/div>\n<\/div>\n<!-- \/module text -->        <\/div>\n                    <div  data-lazy=\"1\" class=\"module_column tb-column col4-2 tb_7t74433 last\">\n                    <!-- module text -->\n<div  class=\"module module-text tb_kpy7334   \" data-lazy=\"1\">\n        <div  class=\"tb_text_wrap\">\n        <p>Caract\u00e9ristiques principales :<\/p>\n<ul>\n<li>Taille : 27 m\u00b2<\/li>\n<li>Confortable lit king-size<\/li>\n<li>T\u00e9l\u00e9vision intelligente avec barre de son Bose, minibar, climatisation, coffre-fort et WiFi<\/li>\n<li>Douche \u00e0 effet de pluie luxueuse<\/li>\n<li>Table \u00e0 \u00e9crire<\/li>\n<li>Espresso, th\u00e9 et eau gratuits<\/li>\n<li>Produits de bain de Rainpharma<\/li>\n<li>Peignoirs et pantoufles disponibles<\/li>\n<li>Coin salon<\/li>\n<li>Terrasse priv\u00e9e et spacieuse avec mobilier de jardin<\/li>\n<li>Espace suppl\u00e9mentaire pour 1 adulte ou 2 enfants<\/li>\n<li>Un lit d&rsquo;enfant suppl\u00e9mentaire peut \u00eatre plac\u00e9 sur demande<\/li>\n<\/ul>    <\/div>\n<\/div>\n<!-- \/module text -->        <\/div>\n                        <\/div>\n        <\/div>\n                        <div  data-lazy=\"1\" class=\"module_row themify_builder_row tb_g7a4757 tf_w\">\n                        <div class=\"row_inner col_align_top tb_col_count_1 tf_box tf_rel\">\n                        <div  data-lazy=\"1\" class=\"module_column tb-column col-full tb_syd6757 first\">\n                    <!-- module buttons -->\n<div  class=\"module module-buttons tb_zw3o757 buttons-horizontal solid  \" data-lazy=\"1\">\n        <div class=\"module-buttons-item tf_in_flx\">\n                        <a href=\"https:\/\/reservations.cubilis.eu\/9624?Language=fr-FR\" class=\"ui builder_button tf_in_flx tb_default_color\" target=\"_blank\" rel=\"noopener\" id=\"verblijf\">\n                                                R\u00e9servez le meilleur prix pour cette chambre ici                                        <\/a>\n                <\/div>\n            <\/div>\n<!-- \/module buttons -->\n        <\/div>\n                        <\/div>\n        <\/div>\n                        <div  data-css_id=\"1t0l005\" data-lazy=\"1\" class=\"module_row themify_builder_row fullwidth tb_1t0l005 tf_w\">\n                        <div class=\"row_inner col_align_top tb_col_count_1 tf_box tf_rel\">\n                        <div  data-lazy=\"1\" class=\"module_column tb-column col-full tb_nv3r033 first\">\n                    <!-- module gallery -->\n<div  class=\"module gallery module-gallery tb_9ms6040 layout-grid  \" data-lazy=\"1\">\n    <div class=\"module-gallery-grid\" style=\"--gald:3;--galt:3;--galm:3\">\n            <dl class=\"gallery-item\">\n            <dt class=\"gallery-icon\">\n            <a data-title=\"no\" title=\"\" href=\"https:\/\/delindenhoeve.nl\/wp-content\/uploads\/2025\/04\/Bert-Demasure_De-Lindenhoeve-web114.jpg\" data-rel=\"tb_9ms6040\" class=\"themify_lightbox\"><img loading=\"lazy\" decoding=\"async\" width=\"2048\" height=\"1365\" src=\"https:\/\/delindenhoeve.nl\/wp-content\/uploads\/2025\/04\/Bert-Demasure_De-Lindenhoeve-web114.jpg\" class=\"wp-post-image wp-image-11785\" title=\"Bert Demasure_De Lindenhoeve web114\" alt=\"Bert Demasure_De Lindenhoeve web114\" srcset=\"https:\/\/delindenhoeve.nl\/wp-content\/uploads\/2025\/04\/Bert-Demasure_De-Lindenhoeve-web114.jpg 2048w, https:\/\/delindenhoeve.nl\/wp-content\/uploads\/2025\/04\/Bert-Demasure_De-Lindenhoeve-web114-300x200.jpg 300w, https:\/\/delindenhoeve.nl\/wp-content\/uploads\/2025\/04\/Bert-Demasure_De-Lindenhoeve-web114-1024x683.jpg 1024w, https:\/\/delindenhoeve.nl\/wp-content\/uploads\/2025\/04\/Bert-Demasure_De-Lindenhoeve-web114-768x512.jpg 768w, https:\/\/delindenhoeve.nl\/wp-content\/uploads\/2025\/04\/Bert-Demasure_De-Lindenhoeve-web114-1536x1024.jpg 1536w\" sizes=\"auto, (max-width: 2048px) 100vw, 2048px\" \/><\/a>            <\/dt>\n                    <\/dl>\n            <dl class=\"gallery-item\">\n            <dt class=\"gallery-icon\">\n            <a data-title=\"no\" title=\"\" href=\"https:\/\/delindenhoeve.nl\/wp-content\/uploads\/2023\/07\/Bert-Demasure_De-Lindenhoeve-web116.jpg\" data-rel=\"tb_9ms6040\" class=\"themify_lightbox\"><img loading=\"lazy\" decoding=\"async\" width=\"2048\" height=\"1365\" src=\"https:\/\/delindenhoeve.nl\/wp-content\/uploads\/2023\/07\/Bert-Demasure_De-Lindenhoeve-web116.jpg\" class=\"wp-post-image wp-image-1152\" title=\"Bert Demasure_De Lindenhoeve web116\" alt=\"Bert Demasure_De Lindenhoeve web116\" srcset=\"https:\/\/delindenhoeve.nl\/wp-content\/uploads\/2023\/07\/Bert-Demasure_De-Lindenhoeve-web116.jpg 2048w, https:\/\/delindenhoeve.nl\/wp-content\/uploads\/2023\/07\/Bert-Demasure_De-Lindenhoeve-web116-300x200.jpg 300w, https:\/\/delindenhoeve.nl\/wp-content\/uploads\/2023\/07\/Bert-Demasure_De-Lindenhoeve-web116-1024x683.jpg 1024w, https:\/\/delindenhoeve.nl\/wp-content\/uploads\/2023\/07\/Bert-Demasure_De-Lindenhoeve-web116-768x512.jpg 768w, https:\/\/delindenhoeve.nl\/wp-content\/uploads\/2023\/07\/Bert-Demasure_De-Lindenhoeve-web116-1536x1024.jpg 1536w\" sizes=\"auto, (max-width: 2048px) 100vw, 2048px\" \/><\/a>            <\/dt>\n                    <\/dl>\n            <dl class=\"gallery-item\">\n            <dt class=\"gallery-icon\">\n            <a data-title=\"no\" title=\"\" href=\"https:\/\/delindenhoeve.nl\/wp-content\/uploads\/2023\/07\/Bert-Demasure_De-Lindenhoeve-web120.jpg\" data-rel=\"tb_9ms6040\" class=\"themify_lightbox\"><img loading=\"lazy\" decoding=\"async\" width=\"2048\" height=\"1365\" src=\"https:\/\/delindenhoeve.nl\/wp-content\/uploads\/2023\/07\/Bert-Demasure_De-Lindenhoeve-web120.jpg\" class=\"wp-post-image wp-image-1155\" title=\"Bert Demasure_De Lindenhoeve web120\" alt=\"Bert Demasure_De Lindenhoeve web120\" srcset=\"https:\/\/delindenhoeve.nl\/wp-content\/uploads\/2023\/07\/Bert-Demasure_De-Lindenhoeve-web120.jpg 2048w, https:\/\/delindenhoeve.nl\/wp-content\/uploads\/2023\/07\/Bert-Demasure_De-Lindenhoeve-web120-300x200.jpg 300w, https:\/\/delindenhoeve.nl\/wp-content\/uploads\/2023\/07\/Bert-Demasure_De-Lindenhoeve-web120-1024x683.jpg 1024w, https:\/\/delindenhoeve.nl\/wp-content\/uploads\/2023\/07\/Bert-Demasure_De-Lindenhoeve-web120-768x512.jpg 768w, https:\/\/delindenhoeve.nl\/wp-content\/uploads\/2023\/07\/Bert-Demasure_De-Lindenhoeve-web120-1536x1024.jpg 1536w\" sizes=\"auto, (max-width: 2048px) 100vw, 2048px\" \/><\/a>            <\/dt>\n                    <\/dl>\n            <dl class=\"gallery-item\">\n            <dt class=\"gallery-icon\">\n            <a data-title=\"no\" title=\"\" href=\"https:\/\/delindenhoeve.nl\/wp-content\/uploads\/2024\/08\/Bert-Demasure_De-Lindenhoeve-S2-web099.jpg\" data-rel=\"tb_9ms6040\" class=\"themify_lightbox\"><img loading=\"lazy\" decoding=\"async\" width=\"2048\" height=\"1365\" src=\"https:\/\/delindenhoeve.nl\/wp-content\/uploads\/2024\/08\/Bert-Demasure_De-Lindenhoeve-S2-web099.jpg\" class=\"wp-post-image wp-image-2382\" title=\"Bert Demasure_De Lindenhoeve S2 web099\" alt=\"Bert Demasure_De Lindenhoeve S2 web099\" srcset=\"https:\/\/delindenhoeve.nl\/wp-content\/uploads\/2024\/08\/Bert-Demasure_De-Lindenhoeve-S2-web099.jpg 2048w, https:\/\/delindenhoeve.nl\/wp-content\/uploads\/2024\/08\/Bert-Demasure_De-Lindenhoeve-S2-web099-300x200.jpg 300w, https:\/\/delindenhoeve.nl\/wp-content\/uploads\/2024\/08\/Bert-Demasure_De-Lindenhoeve-S2-web099-1024x683.jpg 1024w, https:\/\/delindenhoeve.nl\/wp-content\/uploads\/2024\/08\/Bert-Demasure_De-Lindenhoeve-S2-web099-768x512.jpg 768w, https:\/\/delindenhoeve.nl\/wp-content\/uploads\/2024\/08\/Bert-Demasure_De-Lindenhoeve-S2-web099-1536x1024.jpg 1536w\" sizes=\"auto, (max-width: 2048px) 100vw, 2048px\" \/><\/a>            <\/dt>\n                    <\/dl>\n            <dl class=\"gallery-item\">\n            <dt class=\"gallery-icon\">\n            <a data-title=\"no\" title=\"\" href=\"https:\/\/delindenhoeve.nl\/wp-content\/uploads\/2024\/08\/Bert-Demasure_De-Lindenhoeve-S2-web075.jpg\" data-rel=\"tb_9ms6040\" class=\"themify_lightbox\"><img loading=\"lazy\" decoding=\"async\" width=\"2048\" height=\"1365\" src=\"https:\/\/delindenhoeve.nl\/wp-content\/uploads\/2024\/08\/Bert-Demasure_De-Lindenhoeve-S2-web075.jpg\" class=\"wp-post-image wp-image-2453\" title=\"Bert Demasure_De Lindenhoeve S2 web075\" alt=\"Bert Demasure_De Lindenhoeve S2 web075\" srcset=\"https:\/\/delindenhoeve.nl\/wp-content\/uploads\/2024\/08\/Bert-Demasure_De-Lindenhoeve-S2-web075.jpg 2048w, https:\/\/delindenhoeve.nl\/wp-content\/uploads\/2024\/08\/Bert-Demasure_De-Lindenhoeve-S2-web075-300x200.jpg 300w, https:\/\/delindenhoeve.nl\/wp-content\/uploads\/2024\/08\/Bert-Demasure_De-Lindenhoeve-S2-web075-1024x683.jpg 1024w, https:\/\/delindenhoeve.nl\/wp-content\/uploads\/2024\/08\/Bert-Demasure_De-Lindenhoeve-S2-web075-768x512.jpg 768w, https:\/\/delindenhoeve.nl\/wp-content\/uploads\/2024\/08\/Bert-Demasure_De-Lindenhoeve-S2-web075-1536x1024.jpg 1536w\" sizes=\"auto, (max-width: 2048px) 100vw, 2048px\" \/><\/a>            <\/dt>\n                    <\/dl>\n            <dl class=\"gallery-item\">\n            <dt class=\"gallery-icon\">\n            <a data-title=\"no\" title=\"\" href=\"https:\/\/delindenhoeve.nl\/wp-content\/uploads\/2024\/08\/Bert-Demasure_De-Lindenhoeve-S2-web077.jpg\" data-rel=\"tb_9ms6040\" class=\"themify_lightbox\"><img loading=\"lazy\" decoding=\"async\" width=\"2048\" height=\"1365\" src=\"https:\/\/delindenhoeve.nl\/wp-content\/uploads\/2024\/08\/Bert-Demasure_De-Lindenhoeve-S2-web077.jpg\" class=\"wp-post-image wp-image-2456\" title=\"Bert Demasure_De Lindenhoeve S2 web077\" alt=\"Bert Demasure_De Lindenhoeve S2 web077\" srcset=\"https:\/\/delindenhoeve.nl\/wp-content\/uploads\/2024\/08\/Bert-Demasure_De-Lindenhoeve-S2-web077.jpg 2048w, https:\/\/delindenhoeve.nl\/wp-content\/uploads\/2024\/08\/Bert-Demasure_De-Lindenhoeve-S2-web077-300x200.jpg 300w, https:\/\/delindenhoeve.nl\/wp-content\/uploads\/2024\/08\/Bert-Demasure_De-Lindenhoeve-S2-web077-1024x683.jpg 1024w, https:\/\/delindenhoeve.nl\/wp-content\/uploads\/2024\/08\/Bert-Demasure_De-Lindenhoeve-S2-web077-768x512.jpg 768w, https:\/\/delindenhoeve.nl\/wp-content\/uploads\/2024\/08\/Bert-Demasure_De-Lindenhoeve-S2-web077-1536x1024.jpg 1536w\" sizes=\"auto, (max-width: 2048px) 100vw, 2048px\" \/><\/a>            <\/dt>\n                    <\/dl>\n    <\/div>\n<\/div>\n<!-- \/module gallery -->        <\/div>\n                        <\/div>\n        <\/div>\n                        <div  data-lazy=\"1\" class=\"module_row themify_builder_row tb_isot034 tf_w\">\n                        <div class=\"row_inner col_align_top tb_col_count_1 tf_box tf_rel\">\n                        <div  data-lazy=\"1\" class=\"module_column tb-column col-full tb_ak02053 first\">\n                    <!-- module buttons -->\n<div  class=\"module module-buttons tb_2iwf055 buttons-horizontal solid  \" data-lazy=\"1\">\n        <div class=\"module-buttons-item tf_in_flx\">\n                        <a href=\"https:\/\/delindenhoeve.nl\/fr\/boutique-hotel\/\" class=\"ui builder_button tf_in_flx tb_default_color\">\n                                                D\u00e9couvrez toutes nos chambres                                        <\/a>\n                <\/div>\n            <\/div>\n<!-- \/module buttons -->\n        <\/div>\n                        <\/div>\n        <\/div>\n        <\/div>\n<!--\/themify_builder_content-->","protected":false},"excerpt":{"rendered":"<p>Chambre de luxe &#8211; Chambre 6<\/p>\n","protected":false},"author":1,"featured_media":0,"parent":0,"menu_order":17,"comment_status":"closed","ping_status":"closed","template":"","meta":{"footnotes":""},"class_list":["post-967","page","type-page","status-publish","hentry","has-post-title","has-post-date","has-post-category","has-post-tag","has-post-comment","has-post-author",""],"builder_content":"<h1>Chambre de luxe - Chambre 6<\/h1>\n<p>Le luxe dans les moindres d\u00e9tails ! C'est ce qui se d\u00e9gage de cette belle pi\u00e8ce. Les tons roses sur les murs et le papier peint cr\u00e9ent une atmosph\u00e8re chaleureuse et un sentiment d'intimit\u00e9. Depuis le coin salon priv\u00e9, vous acc\u00e9dez \u00e0 la spacieuse terrasse priv\u00e9e o\u00f9 il fait bon profiter des journ\u00e9es ensoleill\u00e9es.<\/p>\n<p>Caract\u00e9ristiques principales :<\/p> <ul> <li>Taille : 27 m\u00b2<\/li> <li>Confortable lit king-size<\/li> <li>T\u00e9l\u00e9vision intelligente avec barre de son Bose, minibar, climatisation, coffre-fort et WiFi<\/li> <li>Douche \u00e0 effet de pluie luxueuse<\/li> <li>Table \u00e0 \u00e9crire<\/li> <li>Espresso, th\u00e9 et eau gratuits<\/li> <li>Produits de bain de Rainpharma<\/li> <li>Peignoirs et pantoufles disponibles<\/li> <li>Coin salon<\/li> <li>Terrasse priv\u00e9e et spacieuse avec mobilier de jardin<\/li> <li>Espace suppl\u00e9mentaire pour 1 adulte ou 2 enfants<\/li> <li>Un lit d'enfant suppl\u00e9mentaire peut \u00eatre plac\u00e9 sur demande<\/li> <\/ul>\n<a href=\"https:\/\/reservations.cubilis.eu\/9624?Language=fr-FR\" target=\"_blank\" rel=\"noopener\" id=\"verblijf\"> R\u00e9servez le meilleur prix pour cette chambre ici <\/a>\n[gallery ids=\"11783,1150,1153,2380,2451,2454\"]\n<a href=\"https:\/\/delindenhoeve.nl\/fr\/boutique-hotel\/\" > D\u00e9couvrez toutes nos chambres <\/a>","_links":{"self":[{"href":"https:\/\/delindenhoeve.nl\/fr\/wp-json\/wp\/v2\/pages\/967","targetHints":{"allow":["GET"]}}],"collection":[{"href":"https:\/\/delindenhoeve.nl\/fr\/wp-json\/wp\/v2\/pages"}],"about":[{"href":"https:\/\/delindenhoeve.nl\/fr\/wp-json\/wp\/v2\/types\/page"}],"author":[{"embeddable":true,"href":"https:\/\/delindenhoeve.nl\/fr\/wp-json\/wp\/v2\/users\/1"}],"replies":[{"embeddable":true,"href":"https:\/\/delindenhoeve.nl\/fr\/wp-json\/wp\/v2\/comments?post=967"}],"version-history":[{"count":10,"href":"https:\/\/delindenhoeve.nl\/fr\/wp-json\/wp\/v2\/pages\/967\/revisions"}],"predecessor-version":[{"id":11924,"href":"https:\/\/delindenhoeve.nl\/fr\/wp-json\/wp\/v2\/pages\/967\/revisions\/11924"}],"wp:attachment":[{"href":"https:\/\/delindenhoeve.nl\/fr\/wp-json\/wp\/v2\/media?parent=967"}],"curies":[{"name":"wp","href":"https:\/\/api.w.org\/{rel}","templated":true}]}}