{"id":966,"date":"2023-03-27T14:11:55","date_gmt":"2023-03-27T14:11:55","guid":{"rendered":"https:\/\/delindenhoeve.nl\/chambre-de-luxe-8\/"},"modified":"2025-04-17T11:28:33","modified_gmt":"2025-04-17T11:28:33","slug":"chambre-de-luxe-8","status":"publish","type":"page","link":"https:\/\/delindenhoeve.nl\/fr\/chambre-de-luxe-8\/","title":{"rendered":"Chambre de luxe 8"},"content":{"rendered":"<!--themify_builder_content-->\n<div id=\"themify_builder_content-966\" data-postid=\"966\" class=\"themify_builder_content themify_builder_content-966 themify_builder tf_clear\">\n                    <div  data-css_id=\"tnpo535\" data-lazy=\"1\" class=\"module_row themify_builder_row fullheight fullwidth tb_tnpo535 tb_first tf_w\">\n                        <div class=\"row_inner col_align_top tb_col_count_1 tf_box tf_rel\">\n                        <div  data-lazy=\"1\" class=\"module_column tb-column col-full tb_nm7i057 first\">\n                            <\/div>\n                        <\/div>\n        <\/div>\n                        <div  data-lazy=\"1\" class=\"module_row themify_builder_row tb_11mb900 tf_w\">\n                        <div class=\"row_inner col_align_top tb_col_count_1 tf_box tf_rel\">\n                        <div  data-lazy=\"1\" class=\"module_column tb-column col-full tb_fmx9099 first\">\n                    <!-- module text -->\n<div  class=\"module module-text tb_ps99099   \" data-lazy=\"1\">\n        <div  class=\"tb_text_wrap\">\n        <h1>Chambre de luxe &#8211; Chambre 8<\/h1>    <\/div>\n<\/div>\n<!-- \/module text -->        <\/div>\n                        <\/div>\n        <\/div>\n                        <div  data-lazy=\"1\" class=\"module_row themify_builder_row tb_od52909 tf_w\">\n                        <div class=\"row_inner col_align_top tb_col_count_2 tf_box tf_rel\">\n                        <div  data-lazy=\"1\" class=\"module_column tb-column col4-2 tb_wruo009 first\">\n                    <!-- module text -->\n<div  class=\"module module-text tb_symx909   \" data-lazy=\"1\">\n        <div  class=\"tb_text_wrap\">\n        <p>Appr\u00e9ciez votre caf\u00e9 matinal, votre th\u00e9 de l&rsquo;apr\u00e8s-midi ou un verre de vin au coucher du soleil sur la terrasse priv\u00e9e de cette chambre luxueuse. Le mobilier authentique compl\u00e8te parfaitement l&rsquo;int\u00e9rieur. La salle de bains semi-ouverte est dot\u00e9e d&rsquo;une somptueuse douche \u00e0 effet de pluie, baign\u00e9e de lumi\u00e8re pour une d\u00e9tente totale.<\/p>    <\/div>\n<\/div>\n<!-- \/module text -->        <\/div>\n                    <div  data-lazy=\"1\" class=\"module_column tb-column col4-2 tb_jcyy711 last\">\n                    <!-- module text -->\n<div  class=\"module module-text tb_rdb6005   \" data-lazy=\"1\">\n        <div  class=\"tb_text_wrap\">\n        <p>Caract\u00e9ristiques principales :<\/p>\n<ul>\n<li>Taille : 28 m\u00b2<\/li>\n<li>Confortable lit king-size<\/li>\n<li>T\u00e9l\u00e9vision intelligente avec barre de son Bose, minibar, climatisation, coffre-fort et WiFi<\/li>\n<li>Douche \u00e0 effet de pluie luxueuse<\/li>\n<li>Table \u00e0 \u00e9crire<\/li>\n<li>Espresso, th\u00e9 et eau gratuits<\/li>\n<li>Produits de bain d&rsquo;Umami<\/li>\n<li>Peignoirs et pantoufles disponibles<\/li>\n<li>Coin salon<\/li>\n<li>Terrasse priv\u00e9e et spacieuse avec mobilier de jardin<\/li>\n<li>Un lit d&rsquo;enfant suppl\u00e9mentaire peut \u00eatre plac\u00e9 sur demande<\/li>\n<\/ul>    <\/div>\n<\/div>\n<!-- \/module text -->        <\/div>\n                        <\/div>\n        <\/div>\n                        <div  data-lazy=\"1\" class=\"module_row themify_builder_row tb_d9xw240 tf_w\">\n                        <div class=\"row_inner col_align_top tb_col_count_1 tf_box tf_rel\">\n                        <div  data-lazy=\"1\" class=\"module_column tb-column col-full tb_ghm2241 first\">\n                    <!-- module buttons -->\n<div  class=\"module module-buttons tb_vl91241 buttons-horizontal solid  \" data-lazy=\"1\">\n        <div class=\"module-buttons-item tf_in_flx\">\n                        <a href=\"https:\/\/reservations.cubilis.eu\/9624?Language=fr-FR\" class=\"ui builder_button tf_in_flx tb_default_color\" target=\"_blank\" rel=\"noopener\" id=\"verblijf\">\n                                                R\u00e9servez le meilleur prix pour cette chambre ici                                        <\/a>\n                <\/div>\n            <\/div>\n<!-- \/module buttons -->\n        <\/div>\n                        <\/div>\n        <\/div>\n                        <div  data-css_id=\"x1zk097\" data-lazy=\"1\" class=\"module_row themify_builder_row fullwidth tb_x1zk097 tf_w\">\n                        <div class=\"row_inner col_align_top tb_col_count_1 tf_box tf_rel\">\n                        <div  data-lazy=\"1\" class=\"module_column tb-column col-full tb_rhea008 first\">\n                    <!-- module gallery -->\n<div  class=\"module gallery module-gallery tb_5qlf290 layout-grid  \" data-lazy=\"1\">\n    <div class=\"module-gallery-grid\" style=\"--gald:3;--galt:3;--galm:3\">\n            <dl class=\"gallery-item\">\n            <dt class=\"gallery-icon\">\n            <a data-title=\"no\" title=\"\" href=\"https:\/\/delindenhoeve.nl\/wp-content\/uploads\/2023\/07\/Bert-Demasure_De-Lindenhoeve-web047.jpg\" data-rel=\"tb_5qlf290\" class=\"themify_lightbox\"><img loading=\"lazy\" decoding=\"async\" width=\"2048\" height=\"1365\" src=\"https:\/\/delindenhoeve.nl\/wp-content\/uploads\/2023\/07\/Bert-Demasure_De-Lindenhoeve-web047.jpg\" class=\"wp-post-image wp-image-1183\" title=\"Bert Demasure_De Lindenhoeve web047\" alt=\"Bert Demasure_De Lindenhoeve web047\" srcset=\"https:\/\/delindenhoeve.nl\/wp-content\/uploads\/2023\/07\/Bert-Demasure_De-Lindenhoeve-web047.jpg 2048w, https:\/\/delindenhoeve.nl\/wp-content\/uploads\/2023\/07\/Bert-Demasure_De-Lindenhoeve-web047-300x200.jpg 300w, https:\/\/delindenhoeve.nl\/wp-content\/uploads\/2023\/07\/Bert-Demasure_De-Lindenhoeve-web047-1024x683.jpg 1024w, https:\/\/delindenhoeve.nl\/wp-content\/uploads\/2023\/07\/Bert-Demasure_De-Lindenhoeve-web047-768x512.jpg 768w, https:\/\/delindenhoeve.nl\/wp-content\/uploads\/2023\/07\/Bert-Demasure_De-Lindenhoeve-web047-1536x1024.jpg 1536w\" sizes=\"auto, (max-width: 2048px) 100vw, 2048px\" \/><\/a>            <\/dt>\n                    <\/dl>\n            <dl class=\"gallery-item\">\n            <dt class=\"gallery-icon\">\n            <a data-title=\"no\" title=\"\" href=\"https:\/\/delindenhoeve.nl\/wp-content\/uploads\/2023\/07\/Bert-Demasure_De-Lindenhoeve-web044.jpg\" data-rel=\"tb_5qlf290\" class=\"themify_lightbox\"><img loading=\"lazy\" decoding=\"async\" width=\"2048\" height=\"1365\" src=\"https:\/\/delindenhoeve.nl\/wp-content\/uploads\/2023\/07\/Bert-Demasure_De-Lindenhoeve-web044.jpg\" class=\"wp-post-image wp-image-1180\" title=\"Bert Demasure_De Lindenhoeve web044\" alt=\"Bert Demasure_De Lindenhoeve web044\" srcset=\"https:\/\/delindenhoeve.nl\/wp-content\/uploads\/2023\/07\/Bert-Demasure_De-Lindenhoeve-web044.jpg 2048w, https:\/\/delindenhoeve.nl\/wp-content\/uploads\/2023\/07\/Bert-Demasure_De-Lindenhoeve-web044-300x200.jpg 300w, https:\/\/delindenhoeve.nl\/wp-content\/uploads\/2023\/07\/Bert-Demasure_De-Lindenhoeve-web044-1024x683.jpg 1024w, https:\/\/delindenhoeve.nl\/wp-content\/uploads\/2023\/07\/Bert-Demasure_De-Lindenhoeve-web044-768x512.jpg 768w, https:\/\/delindenhoeve.nl\/wp-content\/uploads\/2023\/07\/Bert-Demasure_De-Lindenhoeve-web044-1536x1024.jpg 1536w\" sizes=\"auto, (max-width: 2048px) 100vw, 2048px\" \/><\/a>            <\/dt>\n                    <\/dl>\n            <dl class=\"gallery-item\">\n            <dt class=\"gallery-icon\">\n            <a data-title=\"no\" title=\"\" href=\"https:\/\/delindenhoeve.nl\/wp-content\/uploads\/2023\/07\/Bert-Demasure_De-Lindenhoeve-web038-1.jpg\" data-rel=\"tb_5qlf290\" class=\"themify_lightbox\"><img loading=\"lazy\" decoding=\"async\" width=\"1024\" height=\"683\" src=\"https:\/\/delindenhoeve.nl\/wp-content\/uploads\/2023\/07\/Bert-Demasure_De-Lindenhoeve-web038-1.jpg\" class=\"wp-post-image wp-image-1194\" title=\"Bert Demasure_De Lindenhoeve web038\" alt=\"Bert Demasure_De Lindenhoeve web038\" srcset=\"https:\/\/delindenhoeve.nl\/wp-content\/uploads\/2023\/07\/Bert-Demasure_De-Lindenhoeve-web038-1.jpg 1024w, https:\/\/delindenhoeve.nl\/wp-content\/uploads\/2023\/07\/Bert-Demasure_De-Lindenhoeve-web038-1-300x200.jpg 300w, https:\/\/delindenhoeve.nl\/wp-content\/uploads\/2023\/07\/Bert-Demasure_De-Lindenhoeve-web038-1-768x512.jpg 768w\" sizes=\"auto, (max-width: 1024px) 100vw, 1024px\" \/><\/a>            <\/dt>\n                    <\/dl>\n            <dl class=\"gallery-item\">\n            <dt class=\"gallery-icon\">\n            <a data-title=\"no\" title=\"\" href=\"https:\/\/delindenhoeve.nl\/wp-content\/uploads\/2024\/08\/Bert-Demasure_De-Lindenhoeve-S2-web020.jpg\" data-rel=\"tb_5qlf290\" class=\"themify_lightbox\"><img loading=\"lazy\" decoding=\"async\" width=\"2048\" height=\"1365\" src=\"https:\/\/delindenhoeve.nl\/wp-content\/uploads\/2024\/08\/Bert-Demasure_De-Lindenhoeve-S2-web020.jpg\" class=\"wp-post-image wp-image-2466\" title=\"Bert Demasure_De Lindenhoeve S2 web020\" alt=\"Bert Demasure_De Lindenhoeve S2 web020\" srcset=\"https:\/\/delindenhoeve.nl\/wp-content\/uploads\/2024\/08\/Bert-Demasure_De-Lindenhoeve-S2-web020.jpg 2048w, https:\/\/delindenhoeve.nl\/wp-content\/uploads\/2024\/08\/Bert-Demasure_De-Lindenhoeve-S2-web020-300x200.jpg 300w, https:\/\/delindenhoeve.nl\/wp-content\/uploads\/2024\/08\/Bert-Demasure_De-Lindenhoeve-S2-web020-1024x683.jpg 1024w, https:\/\/delindenhoeve.nl\/wp-content\/uploads\/2024\/08\/Bert-Demasure_De-Lindenhoeve-S2-web020-768x512.jpg 768w, https:\/\/delindenhoeve.nl\/wp-content\/uploads\/2024\/08\/Bert-Demasure_De-Lindenhoeve-S2-web020-1536x1024.jpg 1536w\" sizes=\"auto, (max-width: 2048px) 100vw, 2048px\" \/><\/a>            <\/dt>\n                    <\/dl>\n            <dl class=\"gallery-item\">\n            <dt class=\"gallery-icon\">\n            <a data-title=\"no\" title=\"\" href=\"https:\/\/delindenhoeve.nl\/wp-content\/uploads\/2024\/03\/Bert-Demasure_De-Lindenhoeve-web017.jpg\" data-rel=\"tb_5qlf290\" class=\"themify_lightbox\"><img loading=\"lazy\" decoding=\"async\" width=\"2048\" height=\"1365\" src=\"https:\/\/delindenhoeve.nl\/wp-content\/uploads\/2024\/03\/Bert-Demasure_De-Lindenhoeve-web017.jpg\" class=\"wp-post-image wp-image-2261\" title=\"Bert Demasure_De Lindenhoeve web017\" alt=\"Bert Demasure_De Lindenhoeve web017\" srcset=\"https:\/\/delindenhoeve.nl\/wp-content\/uploads\/2024\/03\/Bert-Demasure_De-Lindenhoeve-web017.jpg 2048w, https:\/\/delindenhoeve.nl\/wp-content\/uploads\/2024\/03\/Bert-Demasure_De-Lindenhoeve-web017-300x200.jpg 300w, https:\/\/delindenhoeve.nl\/wp-content\/uploads\/2024\/03\/Bert-Demasure_De-Lindenhoeve-web017-1024x683.jpg 1024w, https:\/\/delindenhoeve.nl\/wp-content\/uploads\/2024\/03\/Bert-Demasure_De-Lindenhoeve-web017-768x512.jpg 768w, https:\/\/delindenhoeve.nl\/wp-content\/uploads\/2024\/03\/Bert-Demasure_De-Lindenhoeve-web017-1536x1024.jpg 1536w\" sizes=\"auto, (max-width: 2048px) 100vw, 2048px\" \/><\/a>            <\/dt>\n                    <\/dl>\n            <dl class=\"gallery-item\">\n            <dt class=\"gallery-icon\">\n            <a data-title=\"no\" title=\"\" href=\"https:\/\/delindenhoeve.nl\/wp-content\/uploads\/2024\/08\/Bert-Demasure_De-Lindenhoeve-S2-web002.jpg\" data-rel=\"tb_5qlf290\" class=\"themify_lightbox\"><img loading=\"lazy\" decoding=\"async\" width=\"2048\" height=\"1365\" src=\"https:\/\/delindenhoeve.nl\/wp-content\/uploads\/2024\/08\/Bert-Demasure_De-Lindenhoeve-S2-web002.jpg\" class=\"wp-post-image wp-image-2463\" title=\"Bert Demasure_De Lindenhoeve S2 web002\" alt=\"Bert Demasure_De Lindenhoeve S2 web002\" srcset=\"https:\/\/delindenhoeve.nl\/wp-content\/uploads\/2024\/08\/Bert-Demasure_De-Lindenhoeve-S2-web002.jpg 2048w, https:\/\/delindenhoeve.nl\/wp-content\/uploads\/2024\/08\/Bert-Demasure_De-Lindenhoeve-S2-web002-300x200.jpg 300w, https:\/\/delindenhoeve.nl\/wp-content\/uploads\/2024\/08\/Bert-Demasure_De-Lindenhoeve-S2-web002-1024x683.jpg 1024w, https:\/\/delindenhoeve.nl\/wp-content\/uploads\/2024\/08\/Bert-Demasure_De-Lindenhoeve-S2-web002-768x512.jpg 768w, https:\/\/delindenhoeve.nl\/wp-content\/uploads\/2024\/08\/Bert-Demasure_De-Lindenhoeve-S2-web002-1536x1024.jpg 1536w\" sizes=\"auto, (max-width: 2048px) 100vw, 2048px\" \/><\/a>            <\/dt>\n                    <\/dl>\n    <\/div>\n<\/div>\n<!-- \/module gallery -->        <\/div>\n                        <\/div>\n        <\/div>\n                        <div  data-lazy=\"1\" class=\"module_row themify_builder_row tb_fyrx033 tf_w\">\n                        <div class=\"row_inner col_align_top tb_col_count_1 tf_box tf_rel\">\n                        <div  data-lazy=\"1\" class=\"module_column tb-column col-full tb_9rjx100 first\">\n                    <!-- module buttons -->\n<div  class=\"module module-buttons tb_rjw9060 buttons-horizontal solid  \" data-lazy=\"1\">\n        <div class=\"module-buttons-item tf_in_flx\">\n                        <a href=\"https:\/\/delindenhoeve.nl\/fr\/boutique-hotel\/\" class=\"ui builder_button tf_in_flx tb_default_color\">\n                                                D\u00e9couvrez toutes nos chambres                                        <\/a>\n                <\/div>\n            <\/div>\n<!-- \/module buttons -->\n        <\/div>\n                        <\/div>\n        <\/div>\n        <\/div>\n<!--\/themify_builder_content-->","protected":false},"excerpt":{"rendered":"<p>Chambre de luxe &#8211; Chambre 8<\/p>\n","protected":false},"author":1,"featured_media":0,"parent":0,"menu_order":19,"comment_status":"closed","ping_status":"closed","template":"","meta":{"footnotes":""},"class_list":["post-966","page","type-page","status-publish","hentry","has-post-title","has-post-date","has-post-category","has-post-tag","has-post-comment","has-post-author",""],"builder_content":"<h1>Chambre de luxe - Chambre 8<\/h1>\n<p>Appr\u00e9ciez votre caf\u00e9 matinal, votre th\u00e9 de l'apr\u00e8s-midi ou un verre de vin au coucher du soleil sur la terrasse priv\u00e9e de cette chambre luxueuse. Le mobilier authentique compl\u00e8te parfaitement l'int\u00e9rieur. La salle de bains semi-ouverte est dot\u00e9e d'une somptueuse douche \u00e0 effet de pluie, baign\u00e9e de lumi\u00e8re pour une d\u00e9tente totale.<\/p>\n<p>Caract\u00e9ristiques principales :<\/p> <ul> <li>Taille : 28 m\u00b2<\/li> <li>Confortable lit king-size<\/li> <li>T\u00e9l\u00e9vision intelligente avec barre de son Bose, minibar, climatisation, coffre-fort et WiFi<\/li> <li>Douche \u00e0 effet de pluie luxueuse<\/li> <li>Table \u00e0 \u00e9crire<\/li> <li>Espresso, th\u00e9 et eau gratuits<\/li> <li>Produits de bain d'Umami<\/li> <li>Peignoirs et pantoufles disponibles<\/li> <li>Coin salon<\/li> <li>Terrasse priv\u00e9e et spacieuse avec mobilier de jardin<\/li> <li>Un lit d'enfant suppl\u00e9mentaire peut \u00eatre plac\u00e9 sur demande<\/li> <\/ul>\n<a href=\"https:\/\/reservations.cubilis.eu\/9624?Language=fr-FR\" target=\"_blank\" rel=\"noopener\" id=\"verblijf\"> R\u00e9servez le meilleur prix pour cette chambre ici <\/a>\n[gallery ids=\"1181,1178,1195,2464,2259,2461\"]\n<a href=\"https:\/\/delindenhoeve.nl\/fr\/boutique-hotel\/\" > D\u00e9couvrez toutes nos chambres <\/a>","_links":{"self":[{"href":"https:\/\/delindenhoeve.nl\/fr\/wp-json\/wp\/v2\/pages\/966","targetHints":{"allow":["GET"]}}],"collection":[{"href":"https:\/\/delindenhoeve.nl\/fr\/wp-json\/wp\/v2\/pages"}],"about":[{"href":"https:\/\/delindenhoeve.nl\/fr\/wp-json\/wp\/v2\/types\/page"}],"author":[{"embeddable":true,"href":"https:\/\/delindenhoeve.nl\/fr\/wp-json\/wp\/v2\/users\/1"}],"replies":[{"embeddable":true,"href":"https:\/\/delindenhoeve.nl\/fr\/wp-json\/wp\/v2\/comments?post=966"}],"version-history":[{"count":11,"href":"https:\/\/delindenhoeve.nl\/fr\/wp-json\/wp\/v2\/pages\/966\/revisions"}],"predecessor-version":[{"id":11928,"href":"https:\/\/delindenhoeve.nl\/fr\/wp-json\/wp\/v2\/pages\/966\/revisions\/11928"}],"wp:attachment":[{"href":"https:\/\/delindenhoeve.nl\/fr\/wp-json\/wp\/v2\/media?parent=966"}],"curies":[{"name":"wp","href":"https:\/\/api.w.org\/{rel}","templated":true}]}}