{"id":960,"date":"2023-03-27T14:04:58","date_gmt":"2023-03-27T14:04:58","guid":{"rendered":"https:\/\/delindenhoeve.nl\/chambre-de-luxe-chambre-7\/"},"modified":"2025-04-17T11:25:44","modified_gmt":"2025-04-17T11:25:44","slug":"chambre-de-luxe-chambre-7","status":"publish","type":"page","link":"https:\/\/delindenhoeve.nl\/fr\/chambre-de-luxe-chambre-7\/","title":{"rendered":"Chambre de luxe &#8211; Chambre 7"},"content":{"rendered":"<!--themify_builder_content-->\n<div id=\"themify_builder_content-960\" data-postid=\"960\" class=\"themify_builder_content themify_builder_content-960 themify_builder tf_clear\">\n                    <div  data-css_id=\"oqf6071\" data-lazy=\"1\" class=\"module_row themify_builder_row fullheight fullwidth tb_oqf6071 tb_first tf_w\">\n                        <div class=\"row_inner col_align_top tb_col_count_1 tf_box tf_rel\">\n                        <div  data-lazy=\"1\" class=\"module_column tb-column col-full tb_on9a798 first\">\n                            <\/div>\n                        <\/div>\n        <\/div>\n                        <div  data-lazy=\"1\" class=\"module_row themify_builder_row tb_wjur900 tf_w\">\n                        <div class=\"row_inner col_align_top tb_col_count_1 tf_box tf_rel\">\n                        <div  data-lazy=\"1\" class=\"module_column tb-column col-full tb_c6a5006 first\">\n                    <!-- module text -->\n<div  class=\"module module-text tb_1r7g099   \" data-lazy=\"1\">\n        <div  class=\"tb_text_wrap\">\n        <h1>Chambre de luxe &#8211; Chambre 7<\/h1>    <\/div>\n<\/div>\n<!-- \/module text -->        <\/div>\n                        <\/div>\n        <\/div>\n                        <div  data-lazy=\"1\" class=\"module_row themify_builder_row tb_2x1h978 tf_w\">\n                        <div class=\"row_inner col_align_top tb_col_count_2 tf_box tf_rel\">\n                        <div  data-lazy=\"1\" class=\"module_column tb-column col4-2 tb_r32e903 first\">\n                    <!-- module text -->\n<div  class=\"module module-text tb_cyne489   \" data-lazy=\"1\">\n        <div  class=\"tb_text_wrap\">\n        <p>Cette chambre luxueuse allie design contemporain, s\u00e9r\u00e9nit\u00e9 et authenticit\u00e9. Des d\u00e9tails bien pens\u00e9s et un confort moderne en font un lieu de retraite agr\u00e9able pour votre visite ! Les tons verts sur les murs et le papier peint cr\u00e9ent une atmosph\u00e8re chaleureuse et un sentiment d&rsquo;intimit\u00e9. Cette chambre b\u00e9n\u00e9ficie \u00e9galement d&rsquo;une terrasse priv\u00e9e et d&rsquo;un mobilier de terrasse o\u00f9 vous pourrez vous d\u00e9tendre pleinement.<\/p>    <\/div>\n<\/div>\n<!-- \/module text -->        <\/div>\n                    <div  data-lazy=\"1\" class=\"module_column tb-column col4-2 tb_oh1f220 last\">\n                    <!-- module text -->\n<div  class=\"module module-text tb_w3op889   \" data-lazy=\"1\">\n        <div  class=\"tb_text_wrap\">\n        <p>Caract\u00e9ristiques principales :<\/p>\n<ul>\n<li>Taille : 30 m\u00b2<\/li>\n<li>Confortable lit king-size<\/li>\n<li>T\u00e9l\u00e9vision intelligente avec barre de son Bose, minibar, climatisation, coffre-fort et WiFi<\/li>\n<li>Douche \u00e0 effet de pluie luxueuse<\/li>\n<li>Table \u00e0 \u00e9crire<\/li>\n<li>Espresso, th\u00e9 et eau gratuits<\/li>\n<li>Produits de bain d&rsquo;Umami<\/li>\n<li>Peignoirs et pantoufles disponibles<\/li>\n<li>Coin salon<\/li>\n<li>Terrasse priv\u00e9e et spacieuse avec mobilier de jardin<\/li>\n<li>Un lit d&rsquo;enfant suppl\u00e9mentaire peut \u00eatre plac\u00e9 sur demande<\/li>\n<\/ul>    <\/div>\n<\/div>\n<!-- \/module text -->        <\/div>\n                        <\/div>\n        <\/div>\n                        <div  data-lazy=\"1\" class=\"module_row themify_builder_row tb_kduq857 tf_w\">\n                        <div class=\"row_inner col_align_top tb_col_count_1 tf_box tf_rel\">\n                        <div  data-lazy=\"1\" class=\"module_column tb-column col-full tb_ydr0858 first\">\n                    <!-- module buttons -->\n<div  class=\"module module-buttons tb_dkpi858 buttons-horizontal solid  \" data-lazy=\"1\">\n        <div class=\"module-buttons-item tf_in_flx\">\n                        <a href=\"https:\/\/reservations.cubilis.eu\/9624?Language=fr-FR\" class=\"ui builder_button tf_in_flx tb_default_color\" target=\"_blank\" rel=\"noopener\" id=\"verblijf\">\n                                                R\u00e9servez le meilleur prix pour cette chambre ici                                        <\/a>\n                <\/div>\n            <\/div>\n<!-- \/module buttons -->\n        <\/div>\n                        <\/div>\n        <\/div>\n                        <div  data-css_id=\"s649579\" data-lazy=\"1\" class=\"module_row themify_builder_row fullwidth tb_s649579 tf_w\">\n                        <div class=\"row_inner col_align_top tb_col_count_1 tf_box tf_rel\">\n                        <div  data-lazy=\"1\" class=\"module_column tb-column col-full tb_2804190 first\">\n                    <!-- module gallery -->\n<div  class=\"module gallery module-gallery tb_isaw600 layout-grid  \" data-lazy=\"1\">\n    <div class=\"module-gallery-grid\" style=\"--gald:3;--galt:3;--galm:3\">\n            <dl class=\"gallery-item\">\n            <dt class=\"gallery-icon\">\n            <a data-title=\"no\" title=\"\" href=\"https:\/\/delindenhoeve.nl\/wp-content\/uploads\/2023\/07\/Bert-Demasure_De-Lindenhoeve-web057.jpg\" data-rel=\"tb_isaw600\" class=\"themify_lightbox\"><img loading=\"lazy\" decoding=\"async\" width=\"2048\" height=\"1365\" src=\"https:\/\/delindenhoeve.nl\/wp-content\/uploads\/2023\/07\/Bert-Demasure_De-Lindenhoeve-web057.jpg\" class=\"wp-post-image wp-image-1165\" title=\"Bert Demasure_De Lindenhoeve web057\" alt=\"Bert Demasure_De Lindenhoeve web057\" srcset=\"https:\/\/delindenhoeve.nl\/wp-content\/uploads\/2023\/07\/Bert-Demasure_De-Lindenhoeve-web057.jpg 2048w, https:\/\/delindenhoeve.nl\/wp-content\/uploads\/2023\/07\/Bert-Demasure_De-Lindenhoeve-web057-300x200.jpg 300w, https:\/\/delindenhoeve.nl\/wp-content\/uploads\/2023\/07\/Bert-Demasure_De-Lindenhoeve-web057-1024x683.jpg 1024w, https:\/\/delindenhoeve.nl\/wp-content\/uploads\/2023\/07\/Bert-Demasure_De-Lindenhoeve-web057-768x512.jpg 768w, https:\/\/delindenhoeve.nl\/wp-content\/uploads\/2023\/07\/Bert-Demasure_De-Lindenhoeve-web057-1536x1024.jpg 1536w\" sizes=\"auto, (max-width: 2048px) 100vw, 2048px\" \/><\/a>            <\/dt>\n                    <\/dl>\n            <dl class=\"gallery-item\">\n            <dt class=\"gallery-icon\">\n            <a data-title=\"no\" title=\"\" href=\"https:\/\/delindenhoeve.nl\/wp-content\/uploads\/2023\/03\/Fotoniko_Lindenhoeve_20230309_22-k6.png\" data-rel=\"tb_isaw600\" class=\"themify_lightbox\"><img loading=\"lazy\" decoding=\"async\" width=\"2000\" height=\"1332\" src=\"https:\/\/delindenhoeve.nl\/wp-content\/uploads\/2023\/03\/Fotoniko_Lindenhoeve_20230309_22-k6.png\" class=\"wp-post-image wp-image-771\" title=\"Fotoniko_Lindenhoeve_20230309_22 k6\" alt=\"Fotoniko_Lindenhoeve_20230309_22 k6\" srcset=\"https:\/\/delindenhoeve.nl\/wp-content\/uploads\/2023\/03\/Fotoniko_Lindenhoeve_20230309_22-k6.png 2000w, https:\/\/delindenhoeve.nl\/wp-content\/uploads\/2023\/03\/Fotoniko_Lindenhoeve_20230309_22-k6-300x200.png 300w, https:\/\/delindenhoeve.nl\/wp-content\/uploads\/2023\/03\/Fotoniko_Lindenhoeve_20230309_22-k6-1024x682.png 1024w, https:\/\/delindenhoeve.nl\/wp-content\/uploads\/2023\/03\/Fotoniko_Lindenhoeve_20230309_22-k6-768x511.png 768w, https:\/\/delindenhoeve.nl\/wp-content\/uploads\/2023\/03\/Fotoniko_Lindenhoeve_20230309_22-k6-1536x1023.png 1536w\" sizes=\"auto, (max-width: 2000px) 100vw, 2000px\" \/><\/a>            <\/dt>\n                    <\/dl>\n            <dl class=\"gallery-item\">\n            <dt class=\"gallery-icon\">\n            <a data-title=\"no\" title=\"\" href=\"https:\/\/delindenhoeve.nl\/wp-content\/uploads\/2023\/07\/Bert-Demasure_De-Lindenhoeve-web060.jpg\" data-rel=\"tb_isaw600\" class=\"themify_lightbox\"><img loading=\"lazy\" decoding=\"async\" width=\"2048\" height=\"1365\" src=\"https:\/\/delindenhoeve.nl\/wp-content\/uploads\/2023\/07\/Bert-Demasure_De-Lindenhoeve-web060.jpg\" class=\"wp-post-image wp-image-1168\" title=\"Bert Demasure_De Lindenhoeve web060\" alt=\"Bert Demasure_De Lindenhoeve web060\" srcset=\"https:\/\/delindenhoeve.nl\/wp-content\/uploads\/2023\/07\/Bert-Demasure_De-Lindenhoeve-web060.jpg 2048w, https:\/\/delindenhoeve.nl\/wp-content\/uploads\/2023\/07\/Bert-Demasure_De-Lindenhoeve-web060-300x200.jpg 300w, https:\/\/delindenhoeve.nl\/wp-content\/uploads\/2023\/07\/Bert-Demasure_De-Lindenhoeve-web060-1024x683.jpg 1024w, https:\/\/delindenhoeve.nl\/wp-content\/uploads\/2023\/07\/Bert-Demasure_De-Lindenhoeve-web060-768x512.jpg 768w, https:\/\/delindenhoeve.nl\/wp-content\/uploads\/2023\/07\/Bert-Demasure_De-Lindenhoeve-web060-1536x1024.jpg 1536w\" sizes=\"auto, (max-width: 2048px) 100vw, 2048px\" \/><\/a>            <\/dt>\n                    <\/dl>\n            <dl class=\"gallery-item\">\n            <dt class=\"gallery-icon\">\n            <a data-title=\"no\" title=\"\" href=\"https:\/\/delindenhoeve.nl\/wp-content\/uploads\/2023\/09\/authentieke-smaken.jpg\" data-rel=\"tb_isaw600\" class=\"themify_lightbox\"><img loading=\"lazy\" decoding=\"async\" width=\"2048\" height=\"1365\" src=\"https:\/\/delindenhoeve.nl\/wp-content\/uploads\/2023\/09\/authentieke-smaken.jpg\" class=\"wp-post-image wp-image-1264\" title=\"authentieke smaken\" alt=\"authentieke smaken\" srcset=\"https:\/\/delindenhoeve.nl\/wp-content\/uploads\/2023\/09\/authentieke-smaken.jpg 2048w, https:\/\/delindenhoeve.nl\/wp-content\/uploads\/2023\/09\/authentieke-smaken-300x200.jpg 300w, https:\/\/delindenhoeve.nl\/wp-content\/uploads\/2023\/09\/authentieke-smaken-1024x683.jpg 1024w, https:\/\/delindenhoeve.nl\/wp-content\/uploads\/2023\/09\/authentieke-smaken-768x512.jpg 768w, https:\/\/delindenhoeve.nl\/wp-content\/uploads\/2023\/09\/authentieke-smaken-1536x1024.jpg 1536w\" sizes=\"auto, (max-width: 2048px) 100vw, 2048px\" \/><\/a>            <\/dt>\n                    <\/dl>\n            <dl class=\"gallery-item\">\n            <dt class=\"gallery-icon\">\n            <a data-title=\"no\" title=\"\" href=\"https:\/\/delindenhoeve.nl\/wp-content\/uploads\/2024\/03\/Ontwerp-zonder-titel-10.png\" data-rel=\"tb_isaw600\" class=\"themify_lightbox\"><img loading=\"lazy\" decoding=\"async\" width=\"2048\" height=\"1365\" src=\"https:\/\/delindenhoeve.nl\/wp-content\/uploads\/2024\/03\/Ontwerp-zonder-titel-10.png\" class=\"wp-post-image wp-image-2210\" title=\"Ontwerp zonder titel-10\" alt=\"Ontwerp zonder titel-10\" srcset=\"https:\/\/delindenhoeve.nl\/wp-content\/uploads\/2024\/03\/Ontwerp-zonder-titel-10.png 2048w, https:\/\/delindenhoeve.nl\/wp-content\/uploads\/2024\/03\/Ontwerp-zonder-titel-10-300x200.png 300w, https:\/\/delindenhoeve.nl\/wp-content\/uploads\/2024\/03\/Ontwerp-zonder-titel-10-1024x683.png 1024w, https:\/\/delindenhoeve.nl\/wp-content\/uploads\/2024\/03\/Ontwerp-zonder-titel-10-768x512.png 768w, https:\/\/delindenhoeve.nl\/wp-content\/uploads\/2024\/03\/Ontwerp-zonder-titel-10-1536x1024.png 1536w\" sizes=\"auto, (max-width: 2048px) 100vw, 2048px\" \/><\/a>            <\/dt>\n                    <\/dl>\n            <dl class=\"gallery-item\">\n            <dt class=\"gallery-icon\">\n            <a data-title=\"no\" title=\"\" href=\"https:\/\/delindenhoeve.nl\/wp-content\/uploads\/2024\/08\/Ontwerp-zonder-titel-18.png\" data-rel=\"tb_isaw600\" class=\"themify_lightbox\"><img loading=\"lazy\" decoding=\"async\" width=\"2048\" height=\"1365\" src=\"https:\/\/delindenhoeve.nl\/wp-content\/uploads\/2024\/08\/Ontwerp-zonder-titel-18.png\" class=\"wp-post-image wp-image-2405\" title=\"Ontwerp zonder titel-18\" alt=\"Ontwerp zonder titel-18\" srcset=\"https:\/\/delindenhoeve.nl\/wp-content\/uploads\/2024\/08\/Ontwerp-zonder-titel-18.png 2048w, https:\/\/delindenhoeve.nl\/wp-content\/uploads\/2024\/08\/Ontwerp-zonder-titel-18-300x200.png 300w, https:\/\/delindenhoeve.nl\/wp-content\/uploads\/2024\/08\/Ontwerp-zonder-titel-18-1024x683.png 1024w, https:\/\/delindenhoeve.nl\/wp-content\/uploads\/2024\/08\/Ontwerp-zonder-titel-18-768x512.png 768w, https:\/\/delindenhoeve.nl\/wp-content\/uploads\/2024\/08\/Ontwerp-zonder-titel-18-1536x1024.png 1536w\" sizes=\"auto, (max-width: 2048px) 100vw, 2048px\" \/><\/a>            <\/dt>\n                    <\/dl>\n    <\/div>\n<\/div>\n<!-- \/module gallery -->        <\/div>\n                        <\/div>\n        <\/div>\n                        <div  data-lazy=\"1\" class=\"module_row themify_builder_row tb_psec099 tf_w\">\n                        <div class=\"row_inner col_align_top tb_col_count_1 tf_box tf_rel\">\n                        <div  data-lazy=\"1\" class=\"module_column tb-column col-full tb_2zfk900 first\">\n                    <!-- module buttons -->\n<div  class=\"module module-buttons tb_lwoe080 buttons-horizontal solid  \" data-lazy=\"1\">\n        <div class=\"module-buttons-item tf_in_flx\">\n                        <a href=\"https:\/\/delindenhoeve.nl\/fr\/boutique-hotel\/\" class=\"ui builder_button tf_in_flx tb_default_color\">\n                                                D\u00e9couvrez toutes nos chambres                                        <\/a>\n                <\/div>\n            <\/div>\n<!-- \/module buttons -->\n        <\/div>\n                        <\/div>\n        <\/div>\n        <\/div>\n<!--\/themify_builder_content-->","protected":false},"excerpt":{"rendered":"<p>Chambre de luxe &#8211; Chambre 7<\/p>\n","protected":false},"author":1,"featured_media":0,"parent":0,"menu_order":18,"comment_status":"closed","ping_status":"closed","template":"","meta":{"footnotes":""},"class_list":["post-960","page","type-page","status-publish","hentry","has-post-title","has-post-date","has-post-category","has-post-tag","has-post-comment","has-post-author",""],"builder_content":"<h1>Chambre de luxe - Chambre 7<\/h1>\n<p>Cette chambre luxueuse allie design contemporain, s\u00e9r\u00e9nit\u00e9 et authenticit\u00e9. Des d\u00e9tails bien pens\u00e9s et un confort moderne en font un lieu de retraite agr\u00e9able pour votre visite ! Les tons verts sur les murs et le papier peint cr\u00e9ent une atmosph\u00e8re chaleureuse et un sentiment d'intimit\u00e9. Cette chambre b\u00e9n\u00e9ficie \u00e9galement d'une terrasse priv\u00e9e et d'un mobilier de terrasse o\u00f9 vous pourrez vous d\u00e9tendre pleinement.<\/p>\n<p>Caract\u00e9ristiques principales :<\/p> <ul> <li>Taille : 30 m\u00b2<\/li> <li>Confortable lit king-size<\/li> <li>T\u00e9l\u00e9vision intelligente avec barre de son Bose, minibar, climatisation, coffre-fort et WiFi<\/li> <li>Douche \u00e0 effet de pluie luxueuse<\/li> <li>Table \u00e0 \u00e9crire<\/li> <li>Espresso, th\u00e9 et eau gratuits<\/li> <li>Produits de bain d'Umami<\/li> <li>Peignoirs et pantoufles disponibles<\/li> <li>Coin salon<\/li> <li>Terrasse priv\u00e9e et spacieuse avec mobilier de jardin<\/li> <li>Un lit d'enfant suppl\u00e9mentaire peut \u00eatre plac\u00e9 sur demande<\/li> <\/ul>\n<a href=\"https:\/\/reservations.cubilis.eu\/9624?Language=fr-FR\" target=\"_blank\" rel=\"noopener\" id=\"verblijf\"> R\u00e9servez le meilleur prix pour cette chambre ici <\/a>\n[gallery ids=\"1163,214,1166,1262,2208,2403\"]\n<a href=\"https:\/\/delindenhoeve.nl\/fr\/boutique-hotel\/\" > D\u00e9couvrez toutes nos chambres <\/a>","_links":{"self":[{"href":"https:\/\/delindenhoeve.nl\/fr\/wp-json\/wp\/v2\/pages\/960","targetHints":{"allow":["GET"]}}],"collection":[{"href":"https:\/\/delindenhoeve.nl\/fr\/wp-json\/wp\/v2\/pages"}],"about":[{"href":"https:\/\/delindenhoeve.nl\/fr\/wp-json\/wp\/v2\/types\/page"}],"author":[{"embeddable":true,"href":"https:\/\/delindenhoeve.nl\/fr\/wp-json\/wp\/v2\/users\/1"}],"replies":[{"embeddable":true,"href":"https:\/\/delindenhoeve.nl\/fr\/wp-json\/wp\/v2\/comments?post=960"}],"version-history":[{"count":8,"href":"https:\/\/delindenhoeve.nl\/fr\/wp-json\/wp\/v2\/pages\/960\/revisions"}],"predecessor-version":[{"id":11926,"href":"https:\/\/delindenhoeve.nl\/fr\/wp-json\/wp\/v2\/pages\/960\/revisions\/11926"}],"wp:attachment":[{"href":"https:\/\/delindenhoeve.nl\/fr\/wp-json\/wp\/v2\/media?parent=960"}],"curies":[{"name":"wp","href":"https:\/\/api.w.org\/{rel}","templated":true}]}}