{"id":941,"date":"2023-03-26T12:52:45","date_gmt":"2023-03-26T12:52:45","guid":{"rendered":"https:\/\/delindenhoeve.nl\/a-propos-de-nous\/"},"modified":"2025-06-04T08:03:10","modified_gmt":"2025-06-04T08:03:10","slug":"a-propos-de-nous","status":"publish","type":"page","link":"https:\/\/delindenhoeve.nl\/fr\/a-propos-de-nous\/","title":{"rendered":"A propos de nous"},"content":{"rendered":"<!--themify_builder_content-->\n<div id=\"themify_builder_content-941\" data-postid=\"941\" class=\"themify_builder_content themify_builder_content-941 themify_builder tf_clear\">\n                    <div  data-lazy=\"1\" class=\"module_row themify_builder_row tb_6bjq960 tb_first tf_w\">\n                        <div class=\"row_inner col_align_top tb_col_count_1 tf_box tf_rel\">\n                        <div  data-lazy=\"1\" class=\"module_column tb-column col-full tb_4wjw449 first\">\n                    <!-- module text -->\n<div  class=\"module module-text tb_len9979   \" data-lazy=\"1\">\n        <div  class=\"tb_text_wrap\">\n        <h1><strong>Venez d\u00e9couvrir Sluis<\/strong><\/h1>\n<p>Le Lindenhoeve est l\u00e0 pour tout le monde, \u00e0 tout moment de la journ\u00e9e. Un petit-d\u00e9jeuner romantique pour deux, une cr\u00eape avec les enfants dans le salon de th\u00e9, un d\u00e9jeuner rapide dans notre restaurant entre amis ou un d\u00eener en famille&#8230; sans oublier nos chambres d&rsquo;h\u00f4tes confortables dans le Boutique Hotel ! <\/p>\n<p>Trouvez un endroit tranquille et profitez de tout ce que De Lindenhoeve a \u00e0 offrir. Les enfants jouent dans notre grande aire de jeux, vous vous pr\u00e9lassez sur la terrasse ou dans notre salon. Vous avez faim ? Go\u00fbtez les plats savoureux pr\u00e9par\u00e9s avec des ingr\u00e9dients de qualit\u00e9 et selon des recettes familiales traditionnelles dans notre restaurant atmosph\u00e9rique de Sluis !   <\/p>    <\/div>\n<\/div>\n<!-- \/module text -->        <\/div>\n                        <\/div>\n        <\/div>\n                        <div  data-lazy=\"1\" class=\"module_row themify_builder_row tb_bker999 tf_w\">\n                        <div class=\"row_inner col_align_middle tb_col_count_2 tf_box tf_rel\">\n                        <div  data-lazy=\"1\" class=\"module_column tb-column col4-2 tb_8wm4987 first\">\n                    <!-- module image -->\n<div  class=\"module module-image tb_pfbx565 image-center   tf_mw\" data-lazy=\"1\">\n        <div class=\"image-wrap tf_rel tf_mw\">\n            <img loading=\"lazy\" decoding=\"async\" src=\"https:\/\/delindenhoeve.nl\/wp-content\/uploads\/2023\/04\/tantegermaine-648x1024-264x418.png\" width=\"264\" height=\"418\" class=\"wp-post-image wp-image-843\" title=\"tantegermaine\" alt=\"Tante Germaine\" srcset=\"https:\/\/delindenhoeve.nl\/wp-content\/uploads\/2023\/04\/tantegermaine-648x1024-264x418.png 264w, https:\/\/delindenhoeve.nl\/wp-content\/uploads\/2023\/04\/tantegermaine-190x300.png 190w, https:\/\/delindenhoeve.nl\/wp-content\/uploads\/2023\/04\/tantegermaine-648x1024.png 648w, https:\/\/delindenhoeve.nl\/wp-content\/uploads\/2023\/04\/tantegermaine-768x1214.png 768w, https:\/\/delindenhoeve.nl\/wp-content\/uploads\/2023\/04\/tantegermaine.png 955w\" sizes=\"auto, (max-width: 264px) 100vw, 264px\" \/>    \n        <\/div>\n    <!-- \/image-wrap -->\n    \n        <\/div>\n<!-- \/module image -->        <\/div>\n                    <div  data-lazy=\"1\" class=\"module_column tb-column col4-2 tb_89jx989 last\">\n                    <!-- module text -->\n<div  class=\"module module-text tb_i3n9803   \" data-lazy=\"1\">\n        <div  class=\"tb_text_wrap\">\n        <h2><strong>Une histoire de famille<\/strong><\/h2>\n<p>La Lindenhoeve est une histoire de convivialit\u00e9, de rassemblement et, surtout, une histoire de famille. La ferme abrite la famille Wemaer depuis les ann\u00e9es 1800. D&rsquo;abord en tant que ferme, aujourd&rsquo;hui en tant qu&rsquo;endroit accueillant pour les familles et les amis.  <\/p>\n<p>Cette transformation est sans aucun doute due \u00e0 <strong>Tante Germaine<\/strong>. Sous sa devise \u00ab\u00a0Le courage perdu est d\u00e9j\u00e0 perdu\u00a0\u00bb, l&rsquo;optimiste Germaine a reconstruit avec son mari la ferme apr\u00e8s les bombardements de la guerre de 44. Elle travaillait dur, six jours sur sept, mais le dimanche \u00e9tait &#8211; litt\u00e9ralement &#8211; sacr\u00e9. C&rsquo;\u00e9tait le moment de la famille, de faire la cuisine et de prendre le caf\u00e9 et les g\u00e2teaux dans la salle de s\u00e9jour. Ces dimanches \u00e9taient l\u00e9gendaires, tout comme les talents de cuisini\u00e8re de Germaine. Tout cela lui a valu le surnom de tante Germaine.     <\/p>    <\/div>\n<\/div>\n<!-- \/module text -->        <\/div>\n                        <\/div>\n        <\/div>\n                        <div  data-lazy=\"1\" class=\"module_row themify_builder_row tb_fyq4252 tf_w\">\n                        <div class=\"row_inner col_align_middle tb_col_count_2 tf_box tf_rel\">\n                        <div  data-lazy=\"1\" class=\"module_column tb-column tb_7y1r253 first\">\n                    <!-- module text -->\n<div  class=\"module module-text tb_0do9594   \" data-lazy=\"1\">\n        <div  class=\"tb_text_wrap\">\n        <p>Dans les ann\u00e9es 1960, les enfants <strong>Ilva<\/strong> et <strong>Theo Wemaer<\/strong> ont transform\u00e9 la ferme de Sluis en restaurant. Une ode \u00e0 leur m\u00e8re et \u00e0 ses talents de cuisini\u00e8re. Aujourd&rsquo;hui encore, l&rsquo;ambiance est aussi conviviale que le dimanche chez Tante Germaine, et les plats du restaurant aussi savoureux. Depuis 2001, <strong>Sven<\/strong> &#8211; petit-fils de &#8211; et son \u00e9pouse <strong>Heidi<\/strong> vous accueillent \u00e0 bras ouverts sous les tilleuls !   <\/p>    <\/div>\n<\/div>\n<!-- \/module text -->        <\/div>\n                    <div  data-lazy=\"1\" class=\"module_column tb-column tb_gqb8253 last\">\n                    <!-- module image -->\n<div  class=\"module module-image tb_x4l7113 image-top   tf_mw\" data-lazy=\"1\">\n        <div class=\"image-wrap tf_rel tf_mw\">\n            <img loading=\"lazy\" decoding=\"async\" width=\"1827\" height=\"2284\" src=\"https:\/\/delindenhoeve.nl\/wp-content\/uploads\/2024\/01\/Bert-Demasure_De-Lindenhoeve-S3-web16_bewerkt.jpg\" class=\"wp-post-image wp-image-1806\" title=\"Bert Demasure_De Lindenhoeve S3 web16_bewerkt\" alt=\"Sven &amp; Heidi\" srcset=\"https:\/\/delindenhoeve.nl\/wp-content\/uploads\/2024\/01\/Bert-Demasure_De-Lindenhoeve-S3-web16_bewerkt.jpg 1827w, https:\/\/delindenhoeve.nl\/wp-content\/uploads\/2024\/01\/Bert-Demasure_De-Lindenhoeve-S3-web16_bewerkt-240x300.jpg 240w, https:\/\/delindenhoeve.nl\/wp-content\/uploads\/2024\/01\/Bert-Demasure_De-Lindenhoeve-S3-web16_bewerkt-819x1024.jpg 819w, https:\/\/delindenhoeve.nl\/wp-content\/uploads\/2024\/01\/Bert-Demasure_De-Lindenhoeve-S3-web16_bewerkt-768x960.jpg 768w, https:\/\/delindenhoeve.nl\/wp-content\/uploads\/2024\/01\/Bert-Demasure_De-Lindenhoeve-S3-web16_bewerkt-1229x1536.jpg 1229w, https:\/\/delindenhoeve.nl\/wp-content\/uploads\/2024\/01\/Bert-Demasure_De-Lindenhoeve-S3-web16_bewerkt-1638x2048.jpg 1638w\" sizes=\"auto, (max-width: 1827px) 100vw, 1827px\" \/>    \n        <\/div>\n    <!-- \/image-wrap -->\n    \n        <\/div>\n<!-- \/module image -->        <\/div>\n                        <\/div>\n        <\/div>\n        <\/div>\n<!--\/themify_builder_content-->","protected":false},"excerpt":{"rendered":"<p>Venez d\u00e9couvrir Sluis Le Lindenhoeve est l\u00e0 pour tout le monde, \u00e0 tout moment de la journ\u00e9e. Un petit-d\u00e9jeuner romantique pour deux, une cr\u00eape avec les enfants dans le salon de th\u00e9, un d\u00e9jeuner rapide dans notre restaurant entre amis ou un d\u00eener en famille&#8230; sans oublier nos chambres d&rsquo;h\u00f4tes confortables dans le Boutique Hotel [&hellip;]<\/p>\n","protected":false},"author":1,"featured_media":0,"parent":0,"menu_order":4,"comment_status":"closed","ping_status":"closed","template":"","meta":{"footnotes":""},"class_list":["post-941","page","type-page","status-publish","hentry","has-post-title","has-post-date","has-post-category","has-post-tag","has-post-comment","has-post-author",""],"builder_content":"<h1><strong>Venez d\u00e9couvrir Sluis<\/strong><\/h1> <p>Le Lindenhoeve est l\u00e0 pour tout le monde, \u00e0 tout moment de la journ\u00e9e. Un petit-d\u00e9jeuner romantique pour deux, une cr\u00eape avec les enfants dans le salon de th\u00e9, un d\u00e9jeuner rapide dans notre restaurant entre amis ou un d\u00eener en famille... sans oublier nos chambres d'h\u00f4tes confortables dans le Boutique Hotel ! <\/p> <p>Trouvez un endroit tranquille et profitez de tout ce que De Lindenhoeve a \u00e0 offrir. Les enfants jouent dans notre grande aire de jeux, vous vous pr\u00e9lassez sur la terrasse ou dans notre salon. Vous avez faim ? Go\u00fbtez les plats savoureux pr\u00e9par\u00e9s avec des ingr\u00e9dients de qualit\u00e9 et selon des recettes familiales traditionnelles dans notre restaurant atmosph\u00e9rique de Sluis ! <\/p>\n<img src=\"https:\/\/delindenhoeve.nl\/wp-content\/uploads\/2023\/04\/tantegermaine-648x1024-264x418.png\" width=\"264\" height=\"418\" title=\"tantegermaine\" alt=\"Tante Germaine\" srcset=\"https:\/\/delindenhoeve.nl\/wp-content\/uploads\/2023\/04\/tantegermaine-648x1024-264x418.png 264w, https:\/\/delindenhoeve.nl\/wp-content\/uploads\/2023\/04\/tantegermaine-190x300.png 190w, https:\/\/delindenhoeve.nl\/wp-content\/uploads\/2023\/04\/tantegermaine-648x1024.png 648w, https:\/\/delindenhoeve.nl\/wp-content\/uploads\/2023\/04\/tantegermaine-768x1214.png 768w, https:\/\/delindenhoeve.nl\/wp-content\/uploads\/2023\/04\/tantegermaine.png 955w\" sizes=\"(max-width: 264px) 100vw, 264px\" \/>\n<h2><strong>Une histoire de famille<\/strong><\/h2> <p>La Lindenhoeve est une histoire de convivialit\u00e9, de rassemblement et, surtout, une histoire de famille. La ferme abrite la famille Wemaer depuis les ann\u00e9es 1800. D'abord en tant que ferme, aujourd'hui en tant qu'endroit accueillant pour les familles et les amis. <\/p> <p>Cette transformation est sans aucun doute due \u00e0 <strong>Tante Germaine<\/strong>. Sous sa devise \"Le courage perdu est d\u00e9j\u00e0 perdu\", l'optimiste Germaine a reconstruit avec son mari la ferme apr\u00e8s les bombardements de la guerre de 44. Elle travaillait dur, six jours sur sept, mais le dimanche \u00e9tait - litt\u00e9ralement - sacr\u00e9. C'\u00e9tait le moment de la famille, de faire la cuisine et de prendre le caf\u00e9 et les g\u00e2teaux dans la salle de s\u00e9jour. Ces dimanches \u00e9taient l\u00e9gendaires, tout comme les talents de cuisini\u00e8re de Germaine. Tout cela lui a valu le surnom de tante Germaine. <\/p>\n<p>Dans les ann\u00e9es 1960, les enfants <strong>Ilva<\/strong> et <strong>Theo Wemaer<\/strong> ont transform\u00e9 la ferme de Sluis en restaurant. Une ode \u00e0 leur m\u00e8re et \u00e0 ses talents de cuisini\u00e8re. Aujourd'hui encore, l'ambiance est aussi conviviale que le dimanche chez Tante Germaine, et les plats du restaurant aussi savoureux. Depuis 2001, <strong>Sven<\/strong> - petit-fils de - et son \u00e9pouse <strong>Heidi<\/strong> vous accueillent \u00e0 bras ouverts sous les tilleuls ! <\/p>\n<img src=\"https:\/\/delindenhoeve.nl\/wp-content\/uploads\/2024\/01\/Bert-Demasure_De-Lindenhoeve-S3-web16_bewerkt.jpg\" title=\"Bert Demasure_De Lindenhoeve S3 web16_bewerkt\" alt=\"Sven &amp; Heidi\" srcset=\"https:\/\/delindenhoeve.nl\/wp-content\/uploads\/2024\/01\/Bert-Demasure_De-Lindenhoeve-S3-web16_bewerkt.jpg 1827w, https:\/\/delindenhoeve.nl\/wp-content\/uploads\/2024\/01\/Bert-Demasure_De-Lindenhoeve-S3-web16_bewerkt-240x300.jpg 240w, https:\/\/delindenhoeve.nl\/wp-content\/uploads\/2024\/01\/Bert-Demasure_De-Lindenhoeve-S3-web16_bewerkt-819x1024.jpg 819w, https:\/\/delindenhoeve.nl\/wp-content\/uploads\/2024\/01\/Bert-Demasure_De-Lindenhoeve-S3-web16_bewerkt-768x960.jpg 768w, https:\/\/delindenhoeve.nl\/wp-content\/uploads\/2024\/01\/Bert-Demasure_De-Lindenhoeve-S3-web16_bewerkt-1229x1536.jpg 1229w, https:\/\/delindenhoeve.nl\/wp-content\/uploads\/2024\/01\/Bert-Demasure_De-Lindenhoeve-S3-web16_bewerkt-1638x2048.jpg 1638w\" sizes=\"(max-width: 1827px) 100vw, 1827px\" \/>","_links":{"self":[{"href":"https:\/\/delindenhoeve.nl\/fr\/wp-json\/wp\/v2\/pages\/941","targetHints":{"allow":["GET"]}}],"collection":[{"href":"https:\/\/delindenhoeve.nl\/fr\/wp-json\/wp\/v2\/pages"}],"about":[{"href":"https:\/\/delindenhoeve.nl\/fr\/wp-json\/wp\/v2\/types\/page"}],"author":[{"embeddable":true,"href":"https:\/\/delindenhoeve.nl\/fr\/wp-json\/wp\/v2\/users\/1"}],"replies":[{"embeddable":true,"href":"https:\/\/delindenhoeve.nl\/fr\/wp-json\/wp\/v2\/comments?post=941"}],"version-history":[{"count":11,"href":"https:\/\/delindenhoeve.nl\/fr\/wp-json\/wp\/v2\/pages\/941\/revisions"}],"predecessor-version":[{"id":12213,"href":"https:\/\/delindenhoeve.nl\/fr\/wp-json\/wp\/v2\/pages\/941\/revisions\/12213"}],"wp:attachment":[{"href":"https:\/\/delindenhoeve.nl\/fr\/wp-json\/wp\/v2\/media?parent=941"}],"curies":[{"name":"wp","href":"https:\/\/api.w.org\/{rel}","templated":true}]}}