{"id":3442,"date":"2025-01-20T09:47:50","date_gmt":"2025-01-20T09:47:50","guid":{"rendered":"https:\/\/delindenhoeve.nl\/valentin\/"},"modified":"2025-01-21T08:14:38","modified_gmt":"2025-01-21T08:14:38","slug":"valentin","status":"publish","type":"page","link":"https:\/\/delindenhoeve.nl\/fr\/valentin\/","title":{"rendered":"Valentin"},"content":{"rendered":"<!--themify_builder_content-->\n<div id=\"themify_builder_content-3442\" data-postid=\"3442\" class=\"themify_builder_content themify_builder_content-3442 themify_builder tf_clear\">\n                    <div  data-css_id=\"zfjs988\" data-lazy=\"1\" class=\"module_row themify_builder_row fullwidth_row_container tb_zfjs988 tb_first tf_w\">\n                        <div class=\"row_inner col_align_top tb_col_count_1 tf_box tf_rel\">\n                        <div  data-lazy=\"1\" class=\"module_column tb-column col-full tb_fsl1988 first\">\n                    <!-- module text -->\n<div  class=\"module module-text tb_0z0w149   \" data-lazy=\"1\">\n        <div  class=\"tb_text_wrap\">\n        <h1>Love is in the air<\/h1>    <\/div>\n<\/div>\n<!-- \/module text --><!-- module buttons -->\n<div  class=\"module module-buttons tb_sr20531 buttons-horizontal solid  \" data-lazy=\"1\">\n        <div class=\"module-buttons-item tf_in_flx\">\n                        <a href=\"https:\/\/delindenhoeve.nl\/fr\/a-table-2\/\" class=\"ui builder_button tf_in_flx tb_default_color\" target=\"_blank\" rel=\"noopener\">\n                                                R\u00e9servez ici                                        <\/a>\n                <\/div>\n            <\/div>\n<!-- \/module buttons -->\n        <\/div>\n                        <\/div>\n        <\/div>\n                        <div  data-css_id=\"036u562\" data-lazy=\"1\" class=\"module_row themify_builder_row fullwidth_row_container tb_036u562 tf_w\">\n                        <div class=\"row_inner col_align_top tb_col_count_1 tf_box tf_rel\">\n                        <div  data-lazy=\"1\" class=\"module_column tb-column col-full tb_5bx5563 first\">\n                    <!-- module text -->\n<div  class=\"module module-text tb_o1rm4   \" data-lazy=\"1\">\n        <div  class=\"tb_text_wrap\">\n        <h2>S&rsquo;\u00e9vader au Lindenhoeve !<\/h2>\n<p>La Saint-Valentin, les escapades hivernales et les \u00e9v\u00e9nements amusants : Le Lindenhoeve est le lieu id\u00e9al pour profiter de tous ces moments. R\u00e9servez votre s\u00e9jour dans notre Boutique Hotel et laissez-vous surprendre par ce que Sluis, Knokke-Heist et les environs ont \u00e0 vous offrir.<\/p>\n<p>Profitez de notre promotion jusqu&rsquo;\u00e0 la fin du mois de f\u00e9vrier! R\u00e9servez 2 nuits et obtenez la 3\u00e8me nuit gratuite, lisez les conditions ci-dessous!<\/p>    <\/div>\n<\/div>\n<!-- \/module text -->        <\/div>\n                        <\/div>\n        <\/div>\n                        <div  data-css_id=\"tnr4336\" data-lazy=\"1\" class=\"module_row themify_builder_row fullwidth_row_container tb_tnr4336 tf_w\">\n                        <div class=\"row_inner col_align_middle tb_col_count_2 tf_box tf_rel\">\n                        <div  data-lazy=\"1\" class=\"module_column tb-column col4-2 tb_2b7x536 first\">\n                    <!-- module image -->\n<div  class=\"module module-image tb_6e6u536 image-center   tf_mw\" data-lazy=\"1\">\n        <div class=\"image-wrap tf_rel tf_mw\">\n            <img loading=\"lazy\" decoding=\"async\" src=\"https:\/\/delindenhoeve.nl\/wp-content\/uploads\/2025\/01\/Group-4-300x441.png\" width=\"300\" height=\"441\" class=\"wp-post-image wp-image-3362\" title=\"Group 4\" alt=\"Group 4\" srcset=\"https:\/\/delindenhoeve.nl\/wp-content\/uploads\/2025\/01\/Group-4-300x441.png 300w, https:\/\/delindenhoeve.nl\/wp-content\/uploads\/2025\/01\/Group-4-204x300.png 204w, https:\/\/delindenhoeve.nl\/wp-content\/uploads\/2025\/01\/Group-4.png 448w\" sizes=\"auto, (max-width: 300px) 100vw, 300px\" \/>    \n        <\/div>\n    <!-- \/image-wrap -->\n    \n        <\/div>\n<!-- \/module image -->        <\/div>\n                    <div  data-lazy=\"1\" class=\"module_column tb-column col4-2 tb_gfhz336 last\">\n                    <!-- module text -->\n<div  class=\"module module-text tb_ad3w442   \" data-lazy=\"1\">\n        <div  class=\"tb_text_wrap\">\n        <h2>Sp\u00e9cial Valentin : 2+1 action<\/h2>\n<p>Cette promotion ne s&rsquo;applique qu&rsquo;aux r\u00e9servations effectu\u00e9es par courrier ou par t\u00e9l\u00e9phone:<br><a href=\"mailto:info@delindenhoeve.nl\">info@delindenhoeve.nl<\/a><br><a href=\"http:\/\/tel;+31%20117%2046%2018%2010\" data-wplink-url-error=\"true\">+31 117 46 18 10<\/a>  <\/p>\n<p>Rendez votre Saint-Valentin inoubliable en r\u00e9servant un d\u00eener romantique dans notre restaurant, suivi d&rsquo;un week-end dans notre Boutique Hotel.<\/p>    <\/div>\n<\/div>\n<!-- \/module text --><!-- module buttons -->\n<div  class=\"module module-buttons tb_uol5971 buttons-horizontal solid  \" data-lazy=\"1\">\n        <div class=\"module-buttons-item tf_in_flx\">\n                        <a href=\"https:\/\/delindenhoeve.nl\/arrangement\/boek-2-nachten-en-krijg-1-nacht-extra\/\" class=\"ui builder_button tf_in_flx tb_default_color\" target=\"_blank\" rel=\"noopener\">\n                                                Plus d'informations                                        <\/a>\n                <\/div>\n            <\/div>\n<!-- \/module buttons -->\n        <\/div>\n                        <\/div>\n        <\/div>\n                        <div  data-css_id=\"7ry3324\" data-lazy=\"1\" class=\"module_row themify_builder_row fullwidth_row_container tb_7ry3324 tf_w\">\n                        <div class=\"row_inner col_align_top tb_col_count_1 tf_box tf_rel\">\n                        <div  data-lazy=\"1\" class=\"module_column tb-column col-full tb_mbjn325 first\">\n                    <!-- module text -->\n<div  class=\"module module-text tb_radz772   \" data-lazy=\"1\">\n        <div  class=\"tb_text_wrap\">\n        <h2 style=\"text-align: center;\">Conditions<\/h2>    <\/div>\n<\/div>\n<!-- \/module text --><!-- module text -->\n<div  class=\"module module-text tb_62o0167   \" data-lazy=\"1\">\n        <div  class=\"tb_text_wrap\">\n        <ul>\n<li>R\u00e9servation uniquement par t\u00e9l\u00e9phone ou par courrier<\/li>\n<li>Le prix est calcul\u00e9 sur la base du prix standard<\/li>\n<li>Paiement en ligne au moment de la r\u00e9servation<\/li>\n<li>Non modifiable et non remboursable, non annulable<\/li>\n<li>La nuit la moins ch\u00e8re est gratuite<\/li>\n<li>Disponible pour toutes les pi\u00e8ces<\/li>\n<li>Non cumulable avec d&rsquo;autres promotions ou forfaits<\/li>\n<li>Selon la disponibilit\u00e9<\/li>\n<li>Petit d\u00e9jeuner et parking inclus<\/li>\n<li>Le d\u00eener romantique n&rsquo;est pas inclus<\/li>\n<\/ul>    <\/div>\n<\/div>\n<!-- \/module text -->        <\/div>\n                        <\/div>\n        <\/div>\n                        <div  data-css_id=\"arcp899\" data-lazy=\"1\" class=\"module_row themify_builder_row fullwidth_row_container tb_arcp899 tf_w\">\n                        <div class=\"row_inner col_align_middle tb_col_count_2 tf_box tf_rel\">\n                        <div  data-lazy=\"1\" class=\"module_column tb-column col4-2 tb_e9hi900 first\">\n                    <!-- module text -->\n<div  class=\"module module-text tb_xtsh658   \" data-lazy=\"1\">\n        <div  class=\"tb_text_wrap\">\n        <h2>Profitez au maximum de votre s\u00e9jour<br>\u00e0 Sluis!<\/h2>\n<p>Sluis a \u00e9galement beaucoup \u00e0 offrir en hiver:<\/p>\n<ol>\n<li>Des rues accueillantes et des boutiques uniques pour une journ\u00e9e de shopping.<\/li>\n<li>Explorez la campagne pittoresque en faisant une randonn\u00e9e \u00e0 pied ou \u00e0 v\u00e9lo.<\/li>\n<li>R\u00e9chauffez-vous avec un chocolat chaud \u00e0 De Lindenhoeve apr\u00e8s votre excursion ou savourez un d\u00e9licieux d\u00eener dans notre restaurant.<\/li>\n<\/ol>    <\/div>\n<\/div>\n<!-- \/module text --><!-- module buttons -->\n<div  class=\"module module-buttons tb_frjb54 buttons-horizontal solid  \" data-lazy=\"1\">\n        <div class=\"module-buttons-item tf_in_flx\">\n                        <a href=\"https:\/\/delindenhoeve.nl\/fr\/a-table-2\/\" class=\"ui builder_button tf_in_flx tb_default_color\" target=\"_blank\" rel=\"noopener\">\n                                                R\u00e9servez ici                                        <\/a>\n                <\/div>\n            <\/div>\n<!-- \/module buttons -->\n        <\/div>\n                    <div  data-lazy=\"1\" class=\"module_column tb-column col4-2 tb_2y7k838 last\">\n                    <!-- module image -->\n<div  class=\"module module-image tb_hthz838 image-center   tf_mw\" data-lazy=\"1\">\n        <div class=\"image-wrap tf_rel tf_mw\">\n            <img loading=\"lazy\" decoding=\"async\" src=\"https:\/\/delindenhoeve.nl\/wp-content\/uploads\/2025\/01\/Group-5-350x479.png\" width=\"350\" height=\"479\" class=\"wp-post-image wp-image-3365\" title=\"Group 5\" alt=\"Group 5\" srcset=\"https:\/\/delindenhoeve.nl\/wp-content\/uploads\/2025\/01\/Group-5-350x479.png 350w, https:\/\/delindenhoeve.nl\/wp-content\/uploads\/2025\/01\/Group-5-219x300.png 219w, https:\/\/delindenhoeve.nl\/wp-content\/uploads\/2025\/01\/Group-5.png 480w\" sizes=\"auto, (max-width: 350px) 100vw, 350px\" \/>    \n        <\/div>\n    <!-- \/image-wrap -->\n    \n        <\/div>\n<!-- \/module image -->        <\/div>\n                        <\/div>\n        <\/div>\n                        <div  data-css_id=\"ucwu54\" data-lazy=\"1\" class=\"module_row themify_builder_row fullwidth_row_container tb_ucwu54 tf_w\">\n                        <div class=\"row_inner col_align_middle tb_col_count_2 tf_box tf_rel\">\n                        <div  data-lazy=\"1\" class=\"module_column tb-column col4-2 tb_bknt55 first\">\n                    <!-- module image -->\n<div  class=\"module module-image tb_y4iy55 image-center   tf_mw\" data-lazy=\"1\">\n        <div class=\"image-wrap tf_rel tf_mw\">\n            <img loading=\"lazy\" decoding=\"async\" src=\"https:\/\/delindenhoeve.nl\/wp-content\/uploads\/2025\/01\/toerisme-knokke-heist-350x455.png\" width=\"350\" height=\"455\" class=\"wp-post-image wp-image-3368\" title=\"toerisme-knokke-heist\" alt=\"toerisme-knokke-heist\" srcset=\"https:\/\/delindenhoeve.nl\/wp-content\/uploads\/2025\/01\/toerisme-knokke-heist-350x455.png 350w, https:\/\/delindenhoeve.nl\/wp-content\/uploads\/2025\/01\/toerisme-knokke-heist-231x300.png 231w, https:\/\/delindenhoeve.nl\/wp-content\/uploads\/2025\/01\/toerisme-knokke-heist.png 438w\" sizes=\"auto, (max-width: 350px) 100vw, 350px\" \/>    \n        <\/div>\n    <!-- \/image-wrap -->\n    \n        <\/div>\n<!-- \/module image -->        <\/div>\n                    <div  data-lazy=\"1\" class=\"module_column tb-column col4-2 tb_ki7x54 last\">\n                    <!-- module text -->\n<div  class=\"module module-text tb_ensy54   \" data-lazy=\"1\">\n        <div  class=\"tb_text_wrap\">\n        <h2>Que faire \u00e0<br>Knokke-Heist ?<\/h2>\n<p>Knokke-Heist est connu pour son atmosph\u00e8re \u00e9l\u00e9gante et ses activit\u00e9s vari\u00e9es. <\/p>\n<ol>\n<li>Une promenade romantique sur la plage ou la digue.<\/li>\n<li>Visiter des galeries d&rsquo;art et des boutiques exclusives.<\/li>\n<li>D\u00eener agr\u00e9able dans l&rsquo;un des nombreux restaurants.<\/li>\n<\/ol>    <\/div>\n<\/div>\n<!-- \/module text -->        <\/div>\n                        <\/div>\n        <\/div>\n                        <div  data-css_id=\"3o9s820\" data-lazy=\"1\" class=\"module_row themify_builder_row fullwidth_row_container tb_3o9s820 tf_w\">\n                        <div class=\"row_inner col_align_middle gutter-none tb_col_count_2 tf_box tf_rel\">\n                        <div  data-lazy=\"1\" class=\"module_column tb-column col4-2 tb_bebe820 first\">\n                    <!-- module text -->\n<div  class=\"module module-text tb_hls5539   \" data-lazy=\"1\">\n        <div  class=\"tb_text_wrap\">\n        <h2>Toujours \u00e0 la recherche de<br>l&rsquo;activit\u00e9 id\u00e9ale pour la Saint-Valentin<\/h2>\n<p>Les concerts aux chandelles apportent la magie de la musique live \u00e0 la lumi\u00e8re des chandelles dans des lieux merveilleux de Bruges.  <\/p>\n<p>Lieu: \u00c9glise Sainte-Madeleine<br>Quand: 20 f\u00e9vrier 2025<\/p>    <\/div>\n<\/div>\n<!-- \/module text --><!-- module buttons -->\n<div  class=\"module module-buttons tb_lnny40 buttons-horizontal solid  \" data-lazy=\"1\">\n        <div class=\"module-buttons-item tf_in_flx\">\n                        <a href=\"https:\/\/feverup.com\/m\/275625?_gl=1*sy0mol*_up*MQ..*_ga*MTEyNDk0MTI5Ni4xNzM3MzY5Mzc2*_ga_L4M4ND4NG4*MTczNzM2OTM3NS4xLjAuMTczNzM2OTM3NS4wLjAuMjAwMzg1NTcz\" class=\"ui builder_button tf_in_flx tb_default_color\" target=\"_blank\" rel=\"noopener\">\n                                                Plus d'informations                                        <\/a>\n                <\/div>\n            <\/div>\n<!-- \/module buttons -->\n        <\/div>\n                    <div  data-lazy=\"1\" class=\"module_column tb-column col4-2 tb_qsms258 last\">\n                    <!-- module image -->\n<div  class=\"module module-image tb_c2p2225 image-top   tf_mw\" data-lazy=\"1\">\n        <div class=\"image-wrap tf_rel tf_mw\">\n            <img loading=\"lazy\" decoding=\"async\" src=\"https:\/\/delindenhoeve.nl\/wp-content\/uploads\/2025\/01\/b7d0775ac666a6a9ed52ea0a82dfd3c5-420x540.png\" width=\"420\" height=\"540\" class=\"wp-post-image wp-image-3350\" title=\"b7d0775ac666a6a9ed52ea0a82dfd3c5\" alt=\"b7d0775ac666a6a9ed52ea0a82dfd3c5\">    \n        <\/div>\n    <!-- \/image-wrap -->\n    \n        <\/div>\n<!-- \/module image -->        <\/div>\n                        <\/div>\n        <\/div>\n                        <div  data-css_id=\"0m3e692\" data-lazy=\"1\" class=\"module_row themify_builder_row fullwidth_row_container tb_0m3e692 tf_w\">\n                        <div class=\"row_inner col_align_top tb_col_count_1 tf_box tf_rel\">\n                        <div  data-lazy=\"1\" class=\"module_column tb-column col-full tb_b684693 first\">\n                    <!-- module text -->\n<div  class=\"module module-text tb_dzro337   \" data-lazy=\"1\">\n        <div  class=\"tb_text_wrap\">\n        <h2>Gift idea<\/h2>\n<p>Offrez une exp\u00e9rience en cadeau gr\u00e2ce \u00e0 nos ch\u00e8ques-cadeaux! <\/p>\n<p>Disponible dans n&rsquo;importe quelle quantit\u00e9.<\/p>\n<p>Appeler: <a href=\"%20117%%2018%tel:+31 2046 2010\">+31 117 46 18 10<\/a><br>Mail: <a href=\"mailto:info@delindenhoeve.nl\">info@delindenhoeve.nl<\/a><\/p>    <\/div>\n<\/div>\n<!-- \/module text --><!-- module image -->\n<div  class=\"module module-image tb_x2t1312 image-top   tf_mw\" data-lazy=\"1\">\n        <div class=\"image-wrap tf_rel tf_mw\">\n            <img loading=\"lazy\" decoding=\"async\" width=\"1200\" height=\"500\" src=\"https:\/\/delindenhoeve.nl\/wp-content\/uploads\/2025\/01\/Bert-Demasure_De-Lindenhoeve-web044.png\" class=\"wp-post-image wp-image-3356\" title=\"Bert Demasure_De Lindenhoeve web044\" alt=\"Bert Demasure_De Lindenhoeve web044\" srcset=\"https:\/\/delindenhoeve.nl\/wp-content\/uploads\/2025\/01\/Bert-Demasure_De-Lindenhoeve-web044.png 1200w, https:\/\/delindenhoeve.nl\/wp-content\/uploads\/2025\/01\/Bert-Demasure_De-Lindenhoeve-web044-300x125.png 300w, https:\/\/delindenhoeve.nl\/wp-content\/uploads\/2025\/01\/Bert-Demasure_De-Lindenhoeve-web044-1024x427.png 1024w, https:\/\/delindenhoeve.nl\/wp-content\/uploads\/2025\/01\/Bert-Demasure_De-Lindenhoeve-web044-768x320.png 768w\" sizes=\"auto, (max-width: 1200px) 100vw, 1200px\" \/>    \n        <\/div>\n    <!-- \/image-wrap -->\n    \n        <\/div>\n<!-- \/module image -->        <\/div>\n                        <\/div>\n        <\/div>\n                        <div  data-css_id=\"x9nl562\" data-lazy=\"1\" class=\"module_row themify_builder_row fullwidth_row_container tb_x9nl562 tf_w\">\n                        <div class=\"row_inner col_align_top tb_col_count_1 tf_box tf_rel\">\n                        <div  data-lazy=\"1\" class=\"module_column tb-column col-full tb_0ymd562 first\">\n                    <!-- module text -->\n<div  class=\"module module-text tb_96uk562   \" data-lazy=\"1\">\n        <div  class=\"tb_text_wrap\">\n        <h3>Suivez-nous sur Instagram<br><a href=\"https:\/\/www.instagram.com\/delindenhoeve_sluis\/\" target=\"_blank\" rel=\"noopener\">@delindenhoeve_sluis<\/a><\/h3>    <\/div>\n<\/div>\n<!-- \/module text --><!-- module image -->\n<div  class=\"module module-image tb_tuux562 image-top   tf_mw\" data-lazy=\"1\">\n        <div class=\"image-wrap tf_rel tf_mw\">\n            <a href=\"https:\/\/www.instagram.com\/delindenhoeve_sluis\/\" target=\"_blank\" rel=\"noopener\">\n                   <img loading=\"lazy\" decoding=\"async\" width=\"1138\" height=\"357\" src=\"https:\/\/delindenhoeve.nl\/wp-content\/uploads\/2025\/01\/Group-2.png\" class=\"wp-post-image wp-image-3359\" title=\"Group 2\" alt=\"Group 2\" srcset=\"https:\/\/delindenhoeve.nl\/wp-content\/uploads\/2025\/01\/Group-2.png 1138w, https:\/\/delindenhoeve.nl\/wp-content\/uploads\/2025\/01\/Group-2-300x94.png 300w, https:\/\/delindenhoeve.nl\/wp-content\/uploads\/2025\/01\/Group-2-1024x321.png 1024w, https:\/\/delindenhoeve.nl\/wp-content\/uploads\/2025\/01\/Group-2-768x241.png 768w\" sizes=\"auto, (max-width: 1138px) 100vw, 1138px\" \/>        <\/a>\n    \n        <\/div>\n    <!-- \/image-wrap -->\n    \n        <\/div>\n<!-- \/module image -->        <\/div>\n                        <\/div>\n        <\/div>\n        <\/div>\n<!--\/themify_builder_content-->","protected":false},"excerpt":{"rendered":"<p>Love is in the air R\u00e9servez ici S&rsquo;\u00e9vader au Lindenhoeve ! La Saint-Valentin, les escapades hivernales et les \u00e9v\u00e9nements amusants : Le Lindenhoeve est le lieu id\u00e9al pour profiter de tous ces moments. R\u00e9servez votre s\u00e9jour dans notre Boutique Hotel et laissez-vous surprendre par ce que Sluis, Knokke-Heist et les environs ont \u00e0 vous offrir. [&hellip;]<\/p>\n","protected":false},"author":2,"featured_media":0,"parent":0,"menu_order":76,"comment_status":"closed","ping_status":"closed","template":"","meta":{"footnotes":""},"class_list":["post-3442","page","type-page","status-publish","hentry","has-post-title","has-post-date","has-post-category","has-post-tag","has-post-comment","has-post-author",""],"builder_content":"<h1>Love is in the air<\/h1>\n<a href=\"https:\/\/delindenhoeve.nl\/fr\/a-table-2\/\" target=\"_blank\" rel=\"noopener\"> R\u00e9servez ici <\/a>\n<h2>S'\u00e9vader au Lindenhoeve !<\/h2> <p>La Saint-Valentin, les escapades hivernales et les \u00e9v\u00e9nements amusants : Le Lindenhoeve est le lieu id\u00e9al pour profiter de tous ces moments. R\u00e9servez votre s\u00e9jour dans notre Boutique Hotel et laissez-vous surprendre par ce que Sluis, Knokke-Heist et les environs ont \u00e0 vous offrir.<\/p> <p>Profitez de notre promotion jusqu'\u00e0 la fin du mois de f\u00e9vrier! R\u00e9servez 2 nuits et obtenez la 3\u00e8me nuit gratuite, lisez les conditions ci-dessous!<\/p>\n<img src=\"https:\/\/delindenhoeve.nl\/wp-content\/uploads\/2025\/01\/Group-4-300x441.png\" width=\"300\" height=\"441\" title=\"Group 4\" alt=\"Group 4\" srcset=\"https:\/\/delindenhoeve.nl\/wp-content\/uploads\/2025\/01\/Group-4-300x441.png 300w, https:\/\/delindenhoeve.nl\/wp-content\/uploads\/2025\/01\/Group-4-204x300.png 204w, https:\/\/delindenhoeve.nl\/wp-content\/uploads\/2025\/01\/Group-4.png 448w\" sizes=\"(max-width: 300px) 100vw, 300px\" \/>\n<h2>Sp\u00e9cial Valentin : 2+1 action<\/h2> <p>Cette promotion ne s'applique qu'aux r\u00e9servations effectu\u00e9es par courrier ou par t\u00e9l\u00e9phone:<br><a href=\"mailto:info@delindenhoeve.nl\">info@delindenhoeve.nl<\/a><br><a href=\"http:\/\/tel;+31%20117%2046%2018%2010\" data-wplink-url-error=\"true\">+31 117 46 18 10<\/a> <\/p> <p>Rendez votre Saint-Valentin inoubliable en r\u00e9servant un d\u00eener romantique dans notre restaurant, suivi d'un week-end dans notre Boutique Hotel.<\/p>\n<a href=\"https:\/\/delindenhoeve.nl\/arrangement\/boek-2-nachten-en-krijg-1-nacht-extra\/\" target=\"_blank\" rel=\"noopener\"> Plus d'informations <\/a>\n<h2 style=\"text-align: center;\">Conditions<\/h2>\n<ul> <li>R\u00e9servation uniquement par t\u00e9l\u00e9phone ou par courrier<\/li> <li>Le prix est calcul\u00e9 sur la base du prix standard<\/li> <li>Paiement en ligne au moment de la r\u00e9servation<\/li> <li>Non modifiable et non remboursable, non annulable<\/li> <li>La nuit la moins ch\u00e8re est gratuite<\/li> <li>Disponible pour toutes les pi\u00e8ces<\/li> <li>Non cumulable avec d'autres promotions ou forfaits<\/li> <li>Selon la disponibilit\u00e9<\/li> <li>Petit d\u00e9jeuner et parking inclus<\/li> <li>Le d\u00eener romantique n'est pas inclus<\/li> <\/ul>\n<h2>Profitez au maximum de votre s\u00e9jour<br>\u00e0 Sluis!<\/h2> <p>Sluis a \u00e9galement beaucoup \u00e0 offrir en hiver:<\/p> <ol> <li>Des rues accueillantes et des boutiques uniques pour une journ\u00e9e de shopping.<\/li> <li>Explorez la campagne pittoresque en faisant une randonn\u00e9e \u00e0 pied ou \u00e0 v\u00e9lo.<\/li> <li>R\u00e9chauffez-vous avec un chocolat chaud \u00e0 De Lindenhoeve apr\u00e8s votre excursion ou savourez un d\u00e9licieux d\u00eener dans notre restaurant.<\/li> <\/ol>\n<a href=\"https:\/\/delindenhoeve.nl\/fr\/a-table-2\/\" target=\"_blank\" rel=\"noopener\"> R\u00e9servez ici <\/a>\n<img src=\"https:\/\/delindenhoeve.nl\/wp-content\/uploads\/2025\/01\/Group-5-350x479.png\" width=\"350\" height=\"479\" title=\"Group 5\" alt=\"Group 5\" srcset=\"https:\/\/delindenhoeve.nl\/wp-content\/uploads\/2025\/01\/Group-5-350x479.png 350w, https:\/\/delindenhoeve.nl\/wp-content\/uploads\/2025\/01\/Group-5-219x300.png 219w, https:\/\/delindenhoeve.nl\/wp-content\/uploads\/2025\/01\/Group-5.png 480w\" sizes=\"(max-width: 350px) 100vw, 350px\" \/>\n<img src=\"https:\/\/delindenhoeve.nl\/wp-content\/uploads\/2025\/01\/toerisme-knokke-heist-350x455.png\" width=\"350\" height=\"455\" title=\"toerisme-knokke-heist\" alt=\"toerisme-knokke-heist\" srcset=\"https:\/\/delindenhoeve.nl\/wp-content\/uploads\/2025\/01\/toerisme-knokke-heist-350x455.png 350w, https:\/\/delindenhoeve.nl\/wp-content\/uploads\/2025\/01\/toerisme-knokke-heist-231x300.png 231w, https:\/\/delindenhoeve.nl\/wp-content\/uploads\/2025\/01\/toerisme-knokke-heist.png 438w\" sizes=\"(max-width: 350px) 100vw, 350px\" \/>\n<h2>Que faire \u00e0<br>Knokke-Heist ?<\/h2> <p>Knokke-Heist est connu pour son atmosph\u00e8re \u00e9l\u00e9gante et ses activit\u00e9s vari\u00e9es. <\/p> <ol> <li>Une promenade romantique sur la plage ou la digue.<\/li> <li>Visiter des galeries d'art et des boutiques exclusives.<\/li> <li>D\u00eener agr\u00e9able dans l'un des nombreux restaurants.<\/li> <\/ol>\n<h2>Toujours \u00e0 la recherche de<br>l'activit\u00e9 id\u00e9ale pour la Saint-Valentin<\/h2> <p>Les concerts aux chandelles apportent la magie de la musique live \u00e0 la lumi\u00e8re des chandelles dans des lieux merveilleux de Bruges. <\/p> <p>Lieu: \u00c9glise Sainte-Madeleine<br>Quand: 20 f\u00e9vrier 2025<\/p>\n<a href=\"https:\/\/feverup.com\/m\/275625?_gl=1*sy0mol*_up*MQ..*_ga*MTEyNDk0MTI5Ni4xNzM3MzY5Mzc2*_ga_L4M4ND4NG4*MTczNzM2OTM3NS4xLjAuMTczNzM2OTM3NS4wLjAuMjAwMzg1NTcz\" target=\"_blank\" rel=\"noopener\"> Plus d'informations <\/a>\n<img src=\"https:\/\/delindenhoeve.nl\/wp-content\/uploads\/2025\/01\/b7d0775ac666a6a9ed52ea0a82dfd3c5-420x540.png\" width=\"420\" height=\"540\" title=\"b7d0775ac666a6a9ed52ea0a82dfd3c5\" alt=\"b7d0775ac666a6a9ed52ea0a82dfd3c5\">\n<h2>Gift idea<\/h2> <p>Offrez une exp\u00e9rience en cadeau gr\u00e2ce \u00e0 nos ch\u00e8ques-cadeaux! <\/p> <p>Disponible dans n'importe quelle quantit\u00e9.<\/p> <p>Appeler: <a href=\"%20117%%2018%tel:+31 2046 2010\">+31 117 46 18 10<\/a><br>Mail: <a href=\"mailto:info@delindenhoeve.nl\">info@delindenhoeve.nl<\/a><\/p>\n<img src=\"https:\/\/delindenhoeve.nl\/wp-content\/uploads\/2025\/01\/Bert-Demasure_De-Lindenhoeve-web044.png\" title=\"Bert Demasure_De Lindenhoeve web044\" alt=\"Bert Demasure_De Lindenhoeve web044\" srcset=\"https:\/\/delindenhoeve.nl\/wp-content\/uploads\/2025\/01\/Bert-Demasure_De-Lindenhoeve-web044.png 1200w, https:\/\/delindenhoeve.nl\/wp-content\/uploads\/2025\/01\/Bert-Demasure_De-Lindenhoeve-web044-300x125.png 300w, https:\/\/delindenhoeve.nl\/wp-content\/uploads\/2025\/01\/Bert-Demasure_De-Lindenhoeve-web044-1024x427.png 1024w, https:\/\/delindenhoeve.nl\/wp-content\/uploads\/2025\/01\/Bert-Demasure_De-Lindenhoeve-web044-768x320.png 768w\" sizes=\"(max-width: 1200px) 100vw, 1200px\" \/>\n<h3>Suivez-nous sur Instagram<br><a href=\"https:\/\/www.instagram.com\/delindenhoeve_sluis\/\">@delindenhoeve_sluis<\/a><\/h3>\n<a href=\"https:\/\/www.instagram.com\/delindenhoeve_sluis\/\"> <img src=\"https:\/\/delindenhoeve.nl\/wp-content\/uploads\/2025\/01\/Group-2.png\" title=\"Group 2\" alt=\"Group 2\" srcset=\"https:\/\/delindenhoeve.nl\/wp-content\/uploads\/2025\/01\/Group-2.png 1138w, https:\/\/delindenhoeve.nl\/wp-content\/uploads\/2025\/01\/Group-2-300x94.png 300w, https:\/\/delindenhoeve.nl\/wp-content\/uploads\/2025\/01\/Group-2-1024x321.png 1024w, https:\/\/delindenhoeve.nl\/wp-content\/uploads\/2025\/01\/Group-2-768x241.png 768w\" sizes=\"(max-width: 1138px) 100vw, 1138px\" \/> <\/a>","_links":{"self":[{"href":"https:\/\/delindenhoeve.nl\/fr\/wp-json\/wp\/v2\/pages\/3442","targetHints":{"allow":["GET"]}}],"collection":[{"href":"https:\/\/delindenhoeve.nl\/fr\/wp-json\/wp\/v2\/pages"}],"about":[{"href":"https:\/\/delindenhoeve.nl\/fr\/wp-json\/wp\/v2\/types\/page"}],"author":[{"embeddable":true,"href":"https:\/\/delindenhoeve.nl\/fr\/wp-json\/wp\/v2\/users\/2"}],"replies":[{"embeddable":true,"href":"https:\/\/delindenhoeve.nl\/fr\/wp-json\/wp\/v2\/comments?post=3442"}],"version-history":[{"count":8,"href":"https:\/\/delindenhoeve.nl\/fr\/wp-json\/wp\/v2\/pages\/3442\/revisions"}],"predecessor-version":[{"id":3460,"href":"https:\/\/delindenhoeve.nl\/fr\/wp-json\/wp\/v2\/pages\/3442\/revisions\/3460"}],"wp:attachment":[{"href":"https:\/\/delindenhoeve.nl\/fr\/wp-json\/wp\/v2\/media?parent=3442"}],"curies":[{"name":"wp","href":"https:\/\/api.w.org\/{rel}","templated":true}]}}