{"id":12163,"date":"2025-05-20T12:48:27","date_gmt":"2025-05-20T12:48:27","guid":{"rendered":"https:\/\/delindenhoeve.nl\/postes-vacants\/"},"modified":"2025-10-07T12:48:25","modified_gmt":"2025-10-07T12:48:25","slug":"postes-vacants","status":"publish","type":"page","link":"https:\/\/delindenhoeve.nl\/fr\/postes-vacants\/","title":{"rendered":"Postes vacants"},"content":{"rendered":"<!--themify_builder_content-->\n<div id=\"themify_builder_content-12163\" data-postid=\"12163\" class=\"themify_builder_content themify_builder_content-12163 themify_builder tf_clear\">\n                    <div  data-css_id=\"eufl285\" data-lazy=\"1\" class=\"module_row themify_builder_row fullwidth_row_container tb_eufl285 tb_first tf_w\">\n                        <div class=\"row_inner col_align_top tb_col_count_1 tf_box tf_rel\">\n                        <div  data-lazy=\"1\" class=\"module_column tb-column col-full tb_16uv285 first\">\n                    <!-- module text -->\n<div  class=\"module module-text tb_g42b257   \" data-lazy=\"1\">\n        <div  class=\"tb_text_wrap\">\n        <h1>Postes vacants<\/h1>\n<p class=\"\" data-start=\"77\" data-end=\"319\"><strong>Vous souhaitez rejoindre notre \u00e9quipe ?<\/strong><br data-start=\"124\" data-end=\"127\">\u00c0 De Lindenhoeve, tout tourne autour de l&rsquo;hospitalit\u00e9, de la convivialit\u00e9 et de la qualit\u00e9. Non seulement pour nos clients, mais aussi pour notre \u00e9quipe. Travailler chez nous, c&rsquo;est \u00e9voluer dans un environnement chaleureux o\u00f9 les coll\u00e8gues travaillent ensemble comme une famille. Ensemble, nous cr\u00e9ons des exp\u00e9riences uniques pour nos visiteurs, des plats raffin\u00e9s \u00e0 un s\u00e9jour relaxant dans notre h\u00f4tel. Nous pensons que nos employ\u00e9s sont le c\u0153ur de De Lindenhoeve. C&rsquo;est pourquoi nous mettons tout en \u0153uvre pour cr\u00e9er une ambiance de travail agr\u00e9able, favoriser l&rsquo;\u00e9panouissement personnel et laisser place \u00e0 l&rsquo;initiative. Que vous soyez passionn\u00e9 par la cuisine, que vous aimiez choyer les clients ou que vous appr\u00e9ciez le travail d&rsquo;\u00e9quipe dans un environnement dynamique, vous trouverez chez nous un emploi qui vous correspond vraiment. D\u00e9couvrez nos offres d&#8217;emploi ou postulez spontan\u00e9ment et rejoignez la famille Lindenhoeve. Un lieu de travail o\u00f9 l&rsquo;exp\u00e9rience est au centre de tout !        <\/p>\n<p class=\"\" data-start=\"77\" data-end=\"319\"><strong>Vous pensez \u00eatre le candidat id\u00e9al pour rejoindre notre \u00e9quipe ?<\/strong><br>N&rsquo;attendez pas qu&rsquo;un poste se lib\u00e8re et envoyez-nous votre candidature spontan\u00e9e \u00e0 l&rsquo;adresse <br><a href=\"mailto:heidi@delindenhoeve.nl\"><strong>heidi@delindenhoeve.nl<\/strong><\/a><\/p>    <\/div>\n<\/div>\n<!-- \/module text -->        <\/div>\n                        <\/div>\n        <\/div>\n                        <div  data-css_id=\"6m6o629\" data-lazy=\"1\" class=\"module_row themify_builder_row fullwidth_row_container tb_6m6o629 tf_w\">\n                        <div class=\"row_inner col_align_top tb_col_count_1 tf_box tf_rel\">\n                        <div  data-lazy=\"1\" class=\"module_column tb-column col-full tb_rztm629 first\">\n                    <!-- advanced-posts module -->\n<div  class=\"module module-advanced-posts tb_drrb24   themify_builder_content-drrb24\" data-lazy=\"1\">\n\t\n\t\t\n\t\t<div  class=\"builder-posts-wrap loops-wrapper vacature grid3 classic tf_clear tf_clearfix\" data-lazy=\"1\">\n\n\t\t\t\n\t\t\t\n\t\t\t\t\n\t\t\t\t\n\t\t\t\t<article id=\"post-24503\" class=\"post tf_clearfix post-24503 vacature type-vacature status-publish has-post-thumbnail hentry has-post-title has-post-date has-post-category has-post-tag has-post-comment has-post-author \">\n\t\t\t\t\t    <div class=\"tbp_advanced_archive_wrap\">\n\t                <div  data-lazy=\"1\" class=\"module_row themify_builder_row tb_jk5771 tf_w\">\n                        <div class=\"row_inner col_align_top tb_col_count_1 tf_box tf_rel\">\n                        <div  data-lazy=\"1\" class=\"module_column tb-column tb_sbhu71 first\">\n                    <!-- Featured Image module -->\n<div  class=\"module module-image module-featured-image tb_9n3772  \" data-lazy=\"1\">\n    <div class=\"image-wrap tf_rel\">\n\t\t\t\t\t\t\t\t\t\t\t<a  href=\"https:\/\/delindenhoeve.nl\/fr\/vacature\/offre-demploi-chef-cuisinier\/\"> \n\t\t\t\t\t\n\t\t\t\t\t\t\t\t\t\t\t\t\t\t\t\t<img loading=\"lazy\" decoding=\"async\" src=\"https:\/\/delindenhoeve.nl\/wp-content\/uploads\/2025\/05\/Bert-Demasure_De-Lindenhoeve-S2-web005-683x1024-450x450.jpg\" width=\"450\" height=\"450\" class=\"wp-post-image wp-image-12072\" title=\"Bert Demasure_De Lindenhoeve S2 web005\" alt=\"Offre d&#8217;emploi chef cuisinier\" srcset=\"https:\/\/delindenhoeve.nl\/wp-content\/uploads\/2025\/05\/Bert-Demasure_De-Lindenhoeve-S2-web005-683x1024-450x450.jpg 450w, https:\/\/delindenhoeve.nl\/wp-content\/uploads\/2025\/05\/Bert-Demasure_De-Lindenhoeve-S2-web005-150x150.jpg 150w\" sizes=\"auto, (max-width: 450px) 100vw, 450px\" \/>\t\t\t\t\t\n\t\t\t\t\t\t\t\t\t\t<\/a>\n\t\t\t\t\t\t\t\t\t\t\t\t<\/div>\n\t\t<!-- \/image-wrap -->\n\t\t\t<\/div>\n<!-- \/Featured Image module -->\n<!-- Post Title module -->\n<div  class=\"module module-post-title tb_1vef72 \" data-lazy=\"1\">\n\t<h2 class=\"tbp_title\">\n\t<a  href=\"https:\/\/delindenhoeve.nl\/fr\/vacature\/offre-demploi-chef-cuisinier\/\">\n\t\tOffre d&#8217;emploi chef cuisinier\t\t<\/a>\n<\/h2><\/div>\n<!-- \/Post Title module -->\n<!-- Post Content module -->\n<div  class=\"module module-post-content tb_5s6y71 \" data-lazy=\"1\">\n\t\n\n    <div class=\"tb_text_wrap\">\n\t\tVous \u00eates un cuisinier exp\u00e9riment\u00e9 pr\u00eat \u00e0 franchir une nouvelle \u00e9tape ? Vous souhaitez travailler dans un lieu unique o\u00f9 se m\u00ealent hospitalit\u00e9, qualit\u00e9 et exp\u00e9rience ? <div class=\"more-link-wrap\"><a class=\"more-link\" href=\"https:\/\/delindenhoeve.nl\/fr\/vacature\/offre-demploi-chef-cuisinier\/\">Lees meer<\/a><\/div>    <\/div><!-- .tb_text_wrap -->\n\n\n<\/div>\n<!-- \/Post Content module -->        <\/div>\n                        <\/div>\n        <\/div>\n            <\/div>\n\t\t\t\t<\/article>\n\n\t\t\t\t\n\t\t\t\t\n\t\t\t\n\t\t\t\t\n\t\t\t\t\n\t\t\t\t<article id=\"post-24505\" class=\"post tf_clearfix post-24505 vacature type-vacature status-publish has-post-thumbnail hentry has-post-title has-post-date has-post-category has-post-tag has-post-comment has-post-author \">\n\t\t\t\t\t    <div class=\"tbp_advanced_archive_wrap\">\n\t                <div  data-lazy=\"1\" class=\"module_row themify_builder_row tb_jk5771 tf_w\">\n                        <div class=\"row_inner col_align_top tb_col_count_1 tf_box tf_rel\">\n                        <div  data-lazy=\"1\" class=\"module_column tb-column tb_sbhu71 first\">\n                    <!-- Featured Image module -->\n<div  class=\"module module-image module-featured-image tb_9n3772  \" data-lazy=\"1\">\n    <div class=\"image-wrap tf_rel\">\n\t\t\t\t\t\t\t\t\t\t\t<a  href=\"https:\/\/delindenhoeve.nl\/fr\/vacature\/offre-demploi-employe-de-salle\/\"> \n\t\t\t\t\t\n\t\t\t\t\t\t\t\t\t\t\t\t\t\t\t\t<img loading=\"lazy\" decoding=\"async\" src=\"https:\/\/delindenhoeve.nl\/wp-content\/uploads\/2025\/01\/Bert-Demasure_De-Lindenhoeve-web005-683x1024-450x450.jpg\" width=\"450\" height=\"450\" class=\"wp-post-image wp-image-3498\" title=\"Bert Demasure_De Lindenhoeve web005\" alt=\"Offre d&#8217;emploi: employ\u00e9 de salle\" srcset=\"https:\/\/delindenhoeve.nl\/wp-content\/uploads\/2025\/01\/Bert-Demasure_De-Lindenhoeve-web005-683x1024-450x450.jpg 450w, https:\/\/delindenhoeve.nl\/wp-content\/uploads\/2025\/01\/Bert-Demasure_De-Lindenhoeve-web005-150x150.jpg 150w\" sizes=\"auto, (max-width: 450px) 100vw, 450px\" \/>\t\t\t\t\t\n\t\t\t\t\t\t\t\t\t\t<\/a>\n\t\t\t\t\t\t\t\t\t\t\t\t<\/div>\n\t\t<!-- \/image-wrap -->\n\t\t\t<\/div>\n<!-- \/Featured Image module -->\n<!-- Post Title module -->\n<div  class=\"module module-post-title tb_1vef72 \" data-lazy=\"1\">\n\t<h2 class=\"tbp_title\">\n\t<a  href=\"https:\/\/delindenhoeve.nl\/fr\/vacature\/offre-demploi-employe-de-salle\/\">\n\t\tOffre d&#8217;emploi: employ\u00e9 de salle\t\t<\/a>\n<\/h2><\/div>\n<!-- \/Post Title module -->\n<!-- Post Content module -->\n<div  class=\"module module-post-content tb_5s6y71 \" data-lazy=\"1\">\n\t\n\n    <div class=\"tb_text_wrap\">\n\t\tAu restaurant De Lindenhoeve \u00e0 Sluis, nous recherchons des serveurs enthousiastes qui offriront \u00e0 nos clients une exp\u00e9rience chaleureuse. Vous int\u00e9grerez une \u00e9quipe conviviale o\u00f9 la bonne humeur, la qualit\u00e9 et le travail d'\u00e9quipe sont essentiels. <div class=\"more-link-wrap\"><a class=\"more-link\" href=\"https:\/\/delindenhoeve.nl\/fr\/vacature\/offre-demploi-employe-de-salle\/\">Lees meer<\/a><\/div>    <\/div><!-- .tb_text_wrap -->\n\n\n<\/div>\n<!-- \/Post Content module -->        <\/div>\n                        <\/div>\n        <\/div>\n            <\/div>\n\t\t\t\t<\/article>\n\n\t\t\t\t\n\t\t\t\t\n\t\t\t\n\t\t\t\t\n\t\t\t\t\n\t\t\t\t<article id=\"post-24508\" class=\"post tf_clearfix post-24508 vacature type-vacature status-publish has-post-thumbnail hentry has-post-title has-post-date has-post-category has-post-tag has-post-comment has-post-author \">\n\t\t\t\t\t    <div class=\"tbp_advanced_archive_wrap\">\n\t                <div  data-lazy=\"1\" class=\"module_row themify_builder_row tb_jk5771 tf_w\">\n                        <div class=\"row_inner col_align_top tb_col_count_1 tf_box tf_rel\">\n                        <div  data-lazy=\"1\" class=\"module_column tb-column tb_sbhu71 first\">\n                    <!-- Featured Image module -->\n<div  class=\"module module-image module-featured-image tb_9n3772  \" data-lazy=\"1\">\n    <div class=\"image-wrap tf_rel\">\n\t\t\t\t\t\t\t\t\t\t\t<a  href=\"https:\/\/delindenhoeve.nl\/fr\/vacature\/offre-demploi-employe-de-bar\/\"> \n\t\t\t\t\t\n\t\t\t\t\t\t\t\t\t\t\t\t\t\t\t\t<img loading=\"lazy\" decoding=\"async\" src=\"https:\/\/delindenhoeve.nl\/wp-content\/uploads\/2025\/10\/Scherm\u00adafbeelding-2025-10-07-om-11.40.19-1-450x450.png\" width=\"450\" height=\"450\" class=\"wp-post-image wp-image-24509\" title=\"Scherm\u00adafbeelding 2025-10-07 om 11.40.19\" alt=\"Offre d&#8217;emploi: employ\u00e9 de bar\" srcset=\"https:\/\/delindenhoeve.nl\/wp-content\/uploads\/2025\/10\/Scherm\u00adafbeelding-2025-10-07-om-11.40.19-1-450x450.png 450w, https:\/\/delindenhoeve.nl\/wp-content\/uploads\/2025\/10\/Scherm\u00adafbeelding-2025-10-07-om-11.40.19-1-150x150.png 150w\" sizes=\"auto, (max-width: 450px) 100vw, 450px\" \/>\t\t\t\t\t\n\t\t\t\t\t\t\t\t\t\t<\/a>\n\t\t\t\t\t\t\t\t\t\t\t\t<\/div>\n\t\t<!-- \/image-wrap -->\n\t\t\t<\/div>\n<!-- \/Featured Image module -->\n<!-- Post Title module -->\n<div  class=\"module module-post-title tb_1vef72 \" data-lazy=\"1\">\n\t<h2 class=\"tbp_title\">\n\t<a  href=\"https:\/\/delindenhoeve.nl\/fr\/vacature\/offre-demploi-employe-de-bar\/\">\n\t\tOffre d&#8217;emploi: employ\u00e9 de bar\t\t<\/a>\n<\/h2><\/div>\n<!-- \/Post Title module -->\n<!-- Post Content module -->\n<div  class=\"module module-post-content tb_5s6y71 \" data-lazy=\"1\">\n\t\n\n    <div class=\"tb_text_wrap\">\n\t\tVous aimez \u00eatre derri\u00e8re le bar et cr\u00e9er une ambiance conviviale ? Alors nous avons une place sympa pour vous dans notre \u00e9quipe ! Pour notre salon de th\u00e9 et notre restaurant, nous recherchons un coll\u00e8gue dynamique et motiv\u00e9 qui prendra plaisir \u00e0 tenir le bar. De la pr\u00e9paration du caf\u00e9 au m\u00e9lange des cocktails, vous ferez tout avec le sourire. <div class=\"more-link-wrap\"><a class=\"more-link\" href=\"https:\/\/delindenhoeve.nl\/fr\/vacature\/offre-demploi-employe-de-bar\/\">Lees meer<\/a><\/div>    <\/div><!-- .tb_text_wrap -->\n\n\n<\/div>\n<!-- \/Post Content module -->        <\/div>\n                        <\/div>\n        <\/div>\n            <\/div>\n\t\t\t\t<\/article>\n\n\t\t\t\t\n\t\t\t\t\n\t\t\t\t\t\t\n\t\t<\/div><!-- .builder-posts-wrap -->\n\n\t\t\t\n<\/div><!-- \/advanced-posts module -->\n        <\/div>\n                        <\/div>\n        <\/div>\n        <\/div>\n<!--\/themify_builder_content-->","protected":false},"excerpt":{"rendered":"<p>Postes vacants Vous souhaitez rejoindre notre \u00e9quipe ?\u00c0 De Lindenhoeve, tout tourne autour de l&rsquo;hospitalit\u00e9, de la convivialit\u00e9 et de la qualit\u00e9. Non seulement pour nos clients, mais aussi pour notre \u00e9quipe. Travailler chez nous, c&rsquo;est \u00e9voluer dans un environnement chaleureux o\u00f9 les coll\u00e8gues travaillent ensemble comme une famille. Ensemble, nous cr\u00e9ons des exp\u00e9riences uniques [&hellip;]<\/p>\n","protected":false},"author":2,"featured_media":0,"parent":0,"menu_order":73,"comment_status":"closed","ping_status":"closed","template":"","meta":{"footnotes":""},"class_list":["post-12163","page","type-page","status-publish","hentry","has-post-title","has-post-date","has-post-category","has-post-tag","has-post-comment","has-post-author",""],"builder_content":"<h1>Postes vacants<\/h1> <p data-start=\"77\" data-end=\"319\"><strong>Vous souhaitez rejoindre notre \u00e9quipe ?<\/strong><br data-start=\"124\" data-end=\"127\">\u00c0 De Lindenhoeve, tout tourne autour de l'hospitalit\u00e9, de la convivialit\u00e9 et de la qualit\u00e9. Non seulement pour nos clients, mais aussi pour notre \u00e9quipe. Travailler chez nous, c'est \u00e9voluer dans un environnement chaleureux o\u00f9 les coll\u00e8gues travaillent ensemble comme une famille. Ensemble, nous cr\u00e9ons des exp\u00e9riences uniques pour nos visiteurs, des plats raffin\u00e9s \u00e0 un s\u00e9jour relaxant dans notre h\u00f4tel. Nous pensons que nos employ\u00e9s sont le c\u0153ur de De Lindenhoeve. C'est pourquoi nous mettons tout en \u0153uvre pour cr\u00e9er une ambiance de travail agr\u00e9able, favoriser l'\u00e9panouissement personnel et laisser place \u00e0 l'initiative. Que vous soyez passionn\u00e9 par la cuisine, que vous aimiez choyer les clients ou que vous appr\u00e9ciez le travail d'\u00e9quipe dans un environnement dynamique, vous trouverez chez nous un emploi qui vous correspond vraiment. D\u00e9couvrez nos offres d'emploi ou postulez spontan\u00e9ment et rejoignez la famille Lindenhoeve. Un lieu de travail o\u00f9 l'exp\u00e9rience est au centre de tout ! <\/p> <p data-start=\"77\" data-end=\"319\"><strong>Vous pensez \u00eatre le candidat id\u00e9al pour rejoindre notre \u00e9quipe ?<\/strong><br>N'attendez pas qu'un poste se lib\u00e8re et envoyez-nous votre candidature spontan\u00e9e \u00e0 l'adresse <br><a href=\"mailto:heidi@delindenhoeve.nl\"><strong>heidi@delindenhoeve.nl<\/strong><\/a><\/p>","_links":{"self":[{"href":"https:\/\/delindenhoeve.nl\/fr\/wp-json\/wp\/v2\/pages\/12163","targetHints":{"allow":["GET"]}}],"collection":[{"href":"https:\/\/delindenhoeve.nl\/fr\/wp-json\/wp\/v2\/pages"}],"about":[{"href":"https:\/\/delindenhoeve.nl\/fr\/wp-json\/wp\/v2\/types\/page"}],"author":[{"embeddable":true,"href":"https:\/\/delindenhoeve.nl\/fr\/wp-json\/wp\/v2\/users\/2"}],"replies":[{"embeddable":true,"href":"https:\/\/delindenhoeve.nl\/fr\/wp-json\/wp\/v2\/comments?post=12163"}],"version-history":[{"count":5,"href":"https:\/\/delindenhoeve.nl\/fr\/wp-json\/wp\/v2\/pages\/12163\/revisions"}],"predecessor-version":[{"id":24530,"href":"https:\/\/delindenhoeve.nl\/fr\/wp-json\/wp\/v2\/pages\/12163\/revisions\/24530"}],"wp:attachment":[{"href":"https:\/\/delindenhoeve.nl\/fr\/wp-json\/wp\/v2\/media?parent=12163"}],"curies":[{"name":"wp","href":"https:\/\/api.w.org\/{rel}","templated":true}]}}